{"id":608,"date":"2018-01-29T16:05:38","date_gmt":"2018-01-29T16:05:38","guid":{"rendered":"http:\/\/disseny-test.uoc.edu\/materials\/prod-digital\/?page_id=608"},"modified":"2018-01-29T16:05:38","modified_gmt":"2018-01-29T16:05:38","slug":"1-2-preparacion-de-un-proyecto-editorial-retos-iniciales","status":"publish","type":"page","link":"http:\/\/disseny-test.uoc.edu\/materials\/prod-digital\/es\/1-2-preparacion-de-un-proyecto-editorial-retos-iniciales\/","title":{"rendered":"1.2. Preparaci\u00f3n de un proyecto editorial: retos iniciales"},"content":{"rendered":"<p>Tal y como coment\u00e1bamos, no es posible afrontar el proceso de edici\u00f3n digital de los contenidos sin determinar <em>a priori<\/em> algunas cuestiones conceptuales y t\u00e9cnicas sobre nuestro proyecto.<\/p>\n<div class=\"featured featured-blue\"><p>Antes de comenzar el proceso de digitalizaci\u00f3n propiamente dicho, incluso de creaci\u00f3n de los contenidos, es importante determinar cu\u00e1l debe ser el recept\u00e1culo final de estos y cu\u00e1l debe ser su forma digital.<\/p>\n<\/div>\n<p>Por lo tanto, en esta fase tendremos que plantear y responder algunas preguntas indispensables para ser capaces de determinar el camino que hay que seguir para producir un contenido editorial determinado. Para hacerlo, plantearemos un mapa conceptual de decisiones que todo creativo tiene que recorrer para definir su v\u00eda de actuaci\u00f3n. En este mapa, analizaremos la <strong>tipolog\u00eda<\/strong> <strong>del contenido<\/strong>, determinaremos cu\u00e1l es el <strong>objeto digital<\/strong> que m\u00e1s encaja con nuestros objetivos, y tomaremos decisiones sobre el <strong>formato que hay que usar<\/strong>, que determinar\u00e1n, de manera sustancial, las herramientas para utilizar.<\/p>\n<p>Como es evidente, sin embargo, un mapa conceptual por s\u00ed solo, sin una explicaci\u00f3n de los conceptos y las relaciones que lo forman, no tendr\u00eda ning\u00fan sentido, ser\u00eda muy poco resolutivo. Es importante que, para ser capaces de recorrer este camino conceptual y t\u00e9cnico, tengamos suficiente conocimiento del ecosistema de la edici\u00f3n digital para tomar decisiones coherentes, solventes y seg\u00fan un discurso t\u00e9cnico sostenible.<\/p>\n<p>Hay tres grandes retos que tenemos que afrontar para producir contenidos editoriales digitales:<\/p>\n<ol>\n<li>\u00bfCu\u00e1l es el objeto editorial que queremos crear, teniendo en cuenta el objetivo del proyecto?<\/li>\n<li>\u00bfCu\u00e1l es el objeto digital que queremos desarrollar, teniendo en cuenta la tipolog\u00eda del contenido que hay que producir?<\/li>\n<li>\u00bfA qu\u00e9 v\u00edas de distribuci\u00f3n y comercializaci\u00f3n del producto queremos acceder?<\/li>\n<\/ol>\n","protected":false},"excerpt":{"rendered":"<p>Tal y como coment\u00e1bamos, no es posible afrontar el proceso de edici\u00f3n digital de los contenidos sin determinar a priori algunas cuestiones conceptuales y t\u00e9cnicas sobre nuestro proyecto. Por lo tanto, en esta fase tendremos que plantear y responder algunas preguntas indispensables para ser capaces de determinar el camino que hay que seguir para producir [&hellip;]<\/p>\n","protected":false},"author":1,"featured_media":0,"parent":0,"menu_order":0,"comment_status":"closed","ping_status":"closed","template":"","meta":{"inline_featured_image":false},"acf":[],"_links":{"self":[{"href":"http:\/\/disseny-test.uoc.edu\/materials\/prod-digital\/es\/wp-json\/wp\/v2\/pages\/608"}],"collection":[{"href":"http:\/\/disseny-test.uoc.edu\/materials\/prod-digital\/es\/wp-json\/wp\/v2\/pages"}],"about":[{"href":"http:\/\/disseny-test.uoc.edu\/materials\/prod-digital\/es\/wp-json\/wp\/v2\/types\/page"}],"author":[{"embeddable":true,"href":"http:\/\/disseny-test.uoc.edu\/materials\/prod-digital\/es\/wp-json\/wp\/v2\/users\/1"}],"replies":[{"embeddable":true,"href":"http:\/\/disseny-test.uoc.edu\/materials\/prod-digital\/es\/wp-json\/wp\/v2\/comments?post=608"}],"version-history":[{"count":1,"href":"http:\/\/disseny-test.uoc.edu\/materials\/prod-digital\/es\/wp-json\/wp\/v2\/pages\/608\/revisions"}],"predecessor-version":[{"id":609,"href":"http:\/\/disseny-test.uoc.edu\/materials\/prod-digital\/es\/wp-json\/wp\/v2\/pages\/608\/revisions\/609"}],"wp:attachment":[{"href":"http:\/\/disseny-test.uoc.edu\/materials\/prod-digital\/es\/wp-json\/wp\/v2\/media?parent=608"}],"curies":[{"name":"wp","href":"https:\/\/api.w.org\/{rel}","templated":true}]}}