{"id":610,"date":"2018-01-29T16:07:47","date_gmt":"2018-01-29T16:07:47","guid":{"rendered":"http:\/\/disseny-test.uoc.edu\/materials\/prod-digital\/?page_id=610"},"modified":"2018-01-29T16:07:47","modified_gmt":"2018-01-29T16:07:47","slug":"1-3-cual-es-el-objeto-editorial-que-queremos-desarrollar","status":"publish","type":"page","link":"http:\/\/disseny-test.uoc.edu\/materials\/prod-digital\/es\/1-3-cual-es-el-objeto-editorial-que-queremos-desarrollar\/","title":{"rendered":"1.3. \u00bfCu\u00e1l es el objeto editorial  que queremos desarrollar?"},"content":{"rendered":"<div class=\"featured featured-blue\"><p>En primer lugar, debemos elegir el concepto editorial que mejor encaje con nuestro contenido y nuestros objetivos culturales y\/o comerciales.<\/p>\n<\/div>\n<p class=\"Normalesp\">En el entorno digital, como hemos comentado, los objetos se han multiplicado y han dado lugar a una situaci\u00f3n en la que no solo tenemos diferentes opciones, sino que estas son tangenciales las unas con las otras en muchos casos, o comparten caracter\u00edsticas y lenguajes en otros. Sin embargo, es importante tener claras las caracter\u00edsticas de cada objeto y sus fronteras conceptuales.<\/p>\n<figure id=\"attachment_578\" aria-describedby=\"caption-attachment-578\" style=\"width: 578px\" class=\"wp-caption aligncenter\"><img loading=\"lazy\" class=\"alignnone size-full wp-image-594\" src=\"http:\/\/disseny-test.uoc.edu\/materials\/prod-digital\/wp-content\/uploads\/sites\/6\/2018\/01\/20015_001-1.jpg\" alt=\"\" width=\"578\" height=\"366\" srcset=\"http:\/\/disseny-test.uoc.edu\/materials\/prod-digital\/wp-content\/uploads\/sites\/6\/2018\/01\/20015_001-1.jpg 578w, http:\/\/disseny-test.uoc.edu\/materials\/prod-digital\/wp-content\/uploads\/sites\/6\/2018\/01\/20015_001-1-300x190.jpg 300w\" sizes=\"(max-width: 578px) 100vw, 578px\" \/><figcaption id=\"caption-attachment-578\" class=\"wp-caption-text\"><strong>Figura 1.\u00a0<\/strong>Mapa de objetos editoriales digitales<\/figcaption><\/figure>\n<p>Planteada la idea inicial de un proyecto, y teniendo en cuenta el contenido que deseamos publicar, \u00bfcu\u00e1l es la forma que queremos dar a este contenido? \u00bfQueremos crear un libro digital? \u00bfUna revista en l\u00ednea? \u00bfUn portal web con informaci\u00f3n actualizada? \u00bfUn cat\u00e1logo? \u00bfUn compendio de art\u00edculos? \u00bfUn documento digital cerrado, con formato fijo?<\/p>\n<p>Las opciones son diferentes, y en muchos casos nos daremos cuenta de que no es tan sencillo determinar el objeto que queremos. Si se tiene que elegir entre crear un libro digital o una revista, la decisi\u00f3n ser\u00e1 f\u00e1cil: son dos conceptos diferentes, con objetivos distintos. Si, en cambio, se tiene que decidir entre crear una revista digital descargable (normalmente en PDF) o publicar este contenido en l\u00ednea (en una p\u00e1gina web o un gestor de contenidos CMS), el proceso de elecci\u00f3n es m\u00e1s complicado. Adem\u00e1s, tendremos que determinar, ya <em>a priori<\/em>, si queremos que un mismo contenido tome formas finales diferentes cuando llegue al lector, ya sea como multiobjeto o en multiformato.<\/p>\n<div class=\"featured featured-blue\"><p>El objetivo principal del proyecto determinar\u00e1, en gran medida, la soluci\u00f3n a este primer reto.<\/p>\n<\/div>\n<p>Generalmente, cuando se toma la decisi\u00f3n de producir un contenido editorial digital, ya se ha determinado cu\u00e1l es la forma conceptual que se le quiere dar: una revista, un libro, un art\u00edculo, un portal de contenidos, etc. Todas estas opciones persiguen objetivos diferentes y tienen caracter\u00edsticas exclusivas que condicionan su uso. Si definimos el objeto conceptual que queremos desarrollar determinando sus fronteras y l\u00edmites anticipadamente, el proceso de elecci\u00f3n del formato y de selecci\u00f3n de las herramientas y lenguajes necesarios para crearlo ser\u00e1 mucho m\u00e1s eficiente.<\/p>\n<p>Las opciones m\u00e1s habituales en la producci\u00f3n editorial que nos ocupa son los libros digitales, las revistas y otras peque\u00f1as producciones que recogen en digital las funciones de los documentos imprimidos (cartas de restaurantes, cat\u00e1logos, dosieres, compendios, etc.). Aun as\u00ed, si bien los dos primeros elementos son centrales en la industria editorial, los \u00faltimos exigen la intervenci\u00f3n del dise\u00f1o como elemento central en la producci\u00f3n.<\/p>\n<p>Es todav\u00eda bastante extra\u00f1o que un proyecto de aplicaci\u00f3n inform\u00e1tica sea llevado a cabo por una editorial convencional, a pesar de que teniendo en cuenta la evoluci\u00f3n constante de la industria creativa digital, encontramos casos en los que las editoriales plantean una estrategia que pasa por desarrollar peque\u00f1as aplicaciones inform\u00e1ticas basadas en los contenidos. Suelen ser aplicaciones educativas o literarias, basadas en contenidos textuales y gr\u00e1ficos (dibujos, peque\u00f1as animaciones, etc.), que son la materia prima por excelencia de la industria editorial. Sin embargo, el sector editorial digital est\u00e1 en constante evoluci\u00f3n, y por eso a lo largo de los pr\u00f3ximos a\u00f1os veremos una fuerte tendencia a la transversalidad, con la incorporaci\u00f3n de nuevas tecnolog\u00edas y nuevos espacios de trabajo en com\u00fan entre el dise\u00f1o, la edici\u00f3n digital, la programaci\u00f3n, etc.<\/p>\n<p>En estos contenidos, sin embargo, no trabajaremos este tipo de objetos digitales que escapan de la frontera de la publicaci\u00f3n editorial y requieren un acercamiento m\u00e1s t\u00e9cnico y complejo. Lo que nos ocupa en este caso es la creaci\u00f3n de los objetos que son <strong>remediaciones<\/strong> digitales de los objetos anal\u00f3gicos que desarrolla la industria editorial. Por lo tanto, trataremos de manera individual y detallada los libros digitales, las revistas digitales y la producci\u00f3n de peque\u00f1os documentos digitales fijos.<\/p>\n","protected":false},"excerpt":{"rendered":"<p>En el entorno digital, como hemos comentado, los objetos se han multiplicado y han dado lugar a una situaci\u00f3n en la que no solo tenemos diferentes opciones, sino que estas son tangenciales las unas con las otras en muchos casos, o comparten caracter\u00edsticas y lenguajes en otros. Sin embargo, es importante tener claras las caracter\u00edsticas [&hellip;]<\/p>\n","protected":false},"author":1,"featured_media":0,"parent":0,"menu_order":0,"comment_status":"closed","ping_status":"closed","template":"","meta":{"inline_featured_image":false},"acf":[],"_links":{"self":[{"href":"http:\/\/disseny-test.uoc.edu\/materials\/prod-digital\/es\/wp-json\/wp\/v2\/pages\/610"}],"collection":[{"href":"http:\/\/disseny-test.uoc.edu\/materials\/prod-digital\/es\/wp-json\/wp\/v2\/pages"}],"about":[{"href":"http:\/\/disseny-test.uoc.edu\/materials\/prod-digital\/es\/wp-json\/wp\/v2\/types\/page"}],"author":[{"embeddable":true,"href":"http:\/\/disseny-test.uoc.edu\/materials\/prod-digital\/es\/wp-json\/wp\/v2\/users\/1"}],"replies":[{"embeddable":true,"href":"http:\/\/disseny-test.uoc.edu\/materials\/prod-digital\/es\/wp-json\/wp\/v2\/comments?post=610"}],"version-history":[{"count":1,"href":"http:\/\/disseny-test.uoc.edu\/materials\/prod-digital\/es\/wp-json\/wp\/v2\/pages\/610\/revisions"}],"predecessor-version":[{"id":611,"href":"http:\/\/disseny-test.uoc.edu\/materials\/prod-digital\/es\/wp-json\/wp\/v2\/pages\/610\/revisions\/611"}],"wp:attachment":[{"href":"http:\/\/disseny-test.uoc.edu\/materials\/prod-digital\/es\/wp-json\/wp\/v2\/media?parent=610"}],"curies":[{"name":"wp","href":"https:\/\/api.w.org\/{rel}","templated":true}]}}