{"id":612,"date":"2018-01-29T16:10:54","date_gmt":"2018-01-29T16:10:54","guid":{"rendered":"http:\/\/disseny-test.uoc.edu\/materials\/prod-digital\/?page_id=612"},"modified":"2018-01-29T16:10:54","modified_gmt":"2018-01-29T16:10:54","slug":"1-4-cual-es-el-objeto-digital-que-recogera-la-propuesta","status":"publish","type":"page","link":"http:\/\/disseny-test.uoc.edu\/materials\/prod-digital\/es\/1-4-cual-es-el-objeto-digital-que-recogera-la-propuesta\/","title":{"rendered":"1.4. \u00bfCu\u00e1l es el objeto digital  que recoger\u00e1 la propuesta?"},"content":{"rendered":"<div class=\"featured featured-blue\"><\/p>\n<p>En segundo lugar, para determinar el objetivo digital que hay que desarrollar, encontramos dos aspectos clave:<\/p>\n<ol>\n<li>La <strong>tipolog\u00eda del contenido<\/strong>, aspecto m\u00e1s importante.<\/li>\n<li>La <strong>elecci\u00f3n<\/strong> sobre si queremos ofrecer un <strong>producto en l\u00ednea<\/strong> (publicado en la Red, ubicado en un servidor, etc.) o <strong>contenido descargable<\/strong> en un formato de archivo determinado que, posteriormente, abriremos con alg\u00fan software lector.<\/li>\n<\/ol>\n<p>\n<\/div>\n<p>En cuanto a la <strong>tipolog\u00eda del contenido<\/strong>, no podemos tratar del mismo modo un contenido puramente textual, en el que el redimensionamiento del objeto no condicionar\u00e1 el resultado final, que uno centrado totalmente en las im\u00e1genes, en el que necesitamos un dise\u00f1o que no admita modificaciones que puedan alterar el resultado visual. Por este motivo, encontraremos grandes diferencias entre la edici\u00f3n del contenido textual \u2013con algunas im\u00e1genes suplementarias, si se quiere\u2013, totalmente adaptable y muy apto para la variabilidad digital, y las publicaciones en las que el dise\u00f1o, la colocaci\u00f3n de las im\u00e1genes respecto al texto o su convivencia en un mismo espacio visual determinan la transmisi\u00f3n del mensaje.<\/p>\n<p>En el primer caso, tendremos que priorizar la m\u00e1xima compatibilidad del contenido, usando los formatos, las herramientas y los lenguajes que nos permitan producir un contenido multidispositivo, multisistema y, sobre todo, con una alta capacidad de respuesta ante los cambios en el marco de visualizaci\u00f3n (<em>zooms<\/em>, variaciones de los m\u00e1rgenes, del tama\u00f1o de la pantalla, de la tipolog\u00eda, etc.). En el segundo caso, tendremos que buscar soluciones adaptables al entorno actual que nos permitan garantizar, dentro de lo posible, que la proporcionalidad y la posici\u00f3n del texto respecto a las im\u00e1genes se mantienen, aunque haya modificaciones en el entorno reproductivo.<\/p>\n<div class=\"featured featured-grey\"><\/p>\n<p>En el caso del <strong>contenido textual<\/strong> puro, sea este en formato libro o revista, nos daremos cuenta de que la prioridad es que este contenido sea legible en la mayor\u00eda de los dispositivos digitales y responsivo a la toma de decisiones del usuario\/lector. Los libros digitales, por ejemplo, son le\u00eddos con dispositivos de tinta electr\u00f3nica, pero tambi\u00e9n con tabletas digitales y tel\u00e9fonos inteligentes; por lo tanto, cuando el usuario acceda al contenido lo har\u00e1 desde dispositivos diferentes, con distintos tama\u00f1os de pantalla, sistemas operativos diferentes, software diferente, etc. Tal y como pasa con las p\u00e1ginas web, esta multiplicidad en el acceso requerir\u00e1 que nuestra oferta final permita que el contenido sea adaptable, capaz de transformarse en vista de un cambio en las variables del entorno reproductivo.<\/p>\n<p>En la mayor\u00eda de los casos, la \u00fanica v\u00eda para obtener esta adaptabilidad del contenido pasa por el uso de los lenguajes para la web (HTML y CSS principalmente), que no solo garantizan un dise\u00f1o adaptable si se usan correctamente, sino que nos aportan herramientas muy \u00fatiles para marcar sem\u00e1nticamente los contenidos, hecho indispensable para la evoluci\u00f3n del corpus del conocimiento digital y la catalogaci\u00f3n, compartici\u00f3n y gesti\u00f3n de la informaci\u00f3n en la Red. Como veremos posteriormente, los formatos que permiten obtener las ventajas del dise\u00f1o adaptable, multisistema y multidispositivo, pese a tener nombres diferentes y procesos de creaci\u00f3n distintos, comparten todos el hecho de estar basados en los lenguajes web.<\/p>\n<p>\n<\/div>\n<p>La diferencia entre el tratamiento del contenido puramente textual y aquel en el que los recursos gr\u00e1ficos o audiovisuales son protagonistas afecta al desarrollo de cualquier producci\u00f3n editorial digital, si bien es cierto que este hecho es m\u00e1s o menos significativo en funci\u00f3n de la respuesta que demos a la segunda cuesti\u00f3n que plante\u00e1bamos:<br \/>\nsi el contenido que ofrecemos estar\u00e1 disponible en l\u00ednea o no.<\/p>\n<figure id=\"attachment_595\" aria-describedby=\"caption-attachment-595\" style=\"width: 477px\" class=\"wp-caption aligncenter\"><img loading=\"lazy\" class=\"alignnone size-full wp-image-595\" src=\"http:\/\/disseny-test.uoc.edu\/materials\/prod-digital\/wp-content\/uploads\/sites\/6\/2018\/01\/20015_002-1.jpg\" alt=\"\" width=\"477\" height=\"352\" srcset=\"http:\/\/disseny-test.uoc.edu\/materials\/prod-digital\/wp-content\/uploads\/sites\/6\/2018\/01\/20015_002-1.jpg 477w, http:\/\/disseny-test.uoc.edu\/materials\/prod-digital\/wp-content\/uploads\/sites\/6\/2018\/01\/20015_002-1-300x221.jpg 300w\" sizes=\"(max-width: 477px) 100vw, 477px\" \/><figcaption id=\"caption-attachment-595\" class=\"wp-caption-text\"><strong>Figura 2.<\/strong> Tipo de acceso a los contenidos. Lenguajes y objetos relacionados<\/figcaption><\/figure>\n<p>En el caso del <strong>contenido en l\u00ednea<\/strong>, como veremos posteriormente, las opciones disponibles para publicar contenidos son m\u00e1s limitadas en cuanto a los formatos y los lenguajes para la publicaci\u00f3n editorial. El uso de HTML y CSS como lenguajes de referencia hace que sea mucho m\u00e1s sencillo ofrecer diferentes opciones de visualizaci\u00f3n del contenido, adapt\u00e1ndolo a las variables del entorno y provocando una respuesta din\u00e1mica de este ante las peticiones del usuario.<\/p>\n<p>Como iremos viendo a lo largo del planteamiento de la resoluci\u00f3n de los retos para la producci\u00f3n editorial digital, tendremos que tomar decisiones en las que intervendr\u00e1n distintas variables o condicionantes que habr\u00e1 que tener en cuenta. Por lo tanto, en muchos casos, no se trata de un proceso secuencial entre retos o dudas que hay que resolver, sino que estos se tendr\u00e1n que plantear en paralelo.<\/p>\n<p>Veamos este reto, ahora en forma de preguntas que iremos respondiendo a lo largo de los puntos que siguen, cuando definamos los diferentes objetos digitales posibles y las v\u00edas para crearlos.<\/p>\n<table>\n<thead>\n<tr class=\"table-header\">\n<th>Preguntas que debemos realizarnos antes de concebir el contenido de una publicaci\u00f3n digital<\/th>\n<\/tr>\n<\/thead>\n<tbody>\n<tr>\n<td>\u00bfEl contenido que hay que producir es puramente textual, o con un porcentaje reducido de contenido gr\u00e1fico o audiovisual que es suplementario?<\/p>\n<p>\u00bfO, al contrario, el contenido no textual es protagonista y central para comunicar el mensaje?<\/p>\n<p>\u00bfNecesitamos permitir alg\u00fan grado de intervenci\u00f3n por parte del lector? Es decir: que este pueda modificar o alterar el contenido visualizado (peque\u00f1as interacciones, animaciones usables, etc.).<\/p>\n<p>\u00bfNecesitamos que el contenido se actualice peri\u00f3dicamente? \u00bfEs decir, que est\u00e9 disponible en l\u00ednea? \u00bfO es contenido fijo, que una vez que entreguemos al lector ya no actualizaremos m\u00e1s?<\/p>\n<p>Pese a tener un objeto descargable como resultado, \u00bftenemos la necesidad de enlazar a contenido en l\u00ednea? \u00bfDe qu\u00e9 tipo?<\/td>\n<\/tr>\n<\/tbody>\n<\/table>\n","protected":false},"excerpt":{"rendered":"<p>En cuanto a la tipolog\u00eda del contenido, no podemos tratar del mismo modo un contenido puramente textual, en el que el redimensionamiento del objeto no condicionar\u00e1 el resultado final, que uno centrado totalmente en las im\u00e1genes, en el que necesitamos un dise\u00f1o que no admita modificaciones que puedan alterar el resultado visual. Por este motivo, [&hellip;]<\/p>\n","protected":false},"author":1,"featured_media":0,"parent":0,"menu_order":0,"comment_status":"closed","ping_status":"closed","template":"","meta":{"inline_featured_image":false},"acf":[],"_links":{"self":[{"href":"http:\/\/disseny-test.uoc.edu\/materials\/prod-digital\/es\/wp-json\/wp\/v2\/pages\/612"}],"collection":[{"href":"http:\/\/disseny-test.uoc.edu\/materials\/prod-digital\/es\/wp-json\/wp\/v2\/pages"}],"about":[{"href":"http:\/\/disseny-test.uoc.edu\/materials\/prod-digital\/es\/wp-json\/wp\/v2\/types\/page"}],"author":[{"embeddable":true,"href":"http:\/\/disseny-test.uoc.edu\/materials\/prod-digital\/es\/wp-json\/wp\/v2\/users\/1"}],"replies":[{"embeddable":true,"href":"http:\/\/disseny-test.uoc.edu\/materials\/prod-digital\/es\/wp-json\/wp\/v2\/comments?post=612"}],"version-history":[{"count":1,"href":"http:\/\/disseny-test.uoc.edu\/materials\/prod-digital\/es\/wp-json\/wp\/v2\/pages\/612\/revisions"}],"predecessor-version":[{"id":613,"href":"http:\/\/disseny-test.uoc.edu\/materials\/prod-digital\/es\/wp-json\/wp\/v2\/pages\/612\/revisions\/613"}],"wp:attachment":[{"href":"http:\/\/disseny-test.uoc.edu\/materials\/prod-digital\/es\/wp-json\/wp\/v2\/media?parent=612"}],"curies":[{"name":"wp","href":"https:\/\/api.w.org\/{rel}","templated":true}]}}