{"id":616,"date":"2018-01-29T16:16:09","date_gmt":"2018-01-29T16:16:09","guid":{"rendered":"http:\/\/disseny-test.uoc.edu\/materials\/prod-digital\/?page_id=616"},"modified":"2018-01-29T16:16:09","modified_gmt":"2018-01-29T16:16:09","slug":"1-5-2-opciones-para-publicar-y-distribuir-un-producto-editorial","status":"publish","type":"page","link":"http:\/\/disseny-test.uoc.edu\/materials\/prod-digital\/es\/1-5-2-opciones-para-publicar-y-distribuir-un-producto-editorial\/","title":{"rendered":"1.5.2. Opciones para publicar y distribuir  un producto editorial"},"content":{"rendered":"<p>Todas las v\u00edas de distribuci\u00f3n que plantearemos dan por supuesto que el contenido se distribuir\u00e1 y estar\u00e1 disponible en l\u00ednea. Esta consideraci\u00f3n puede parecer <em>a priori<\/em> fuera de lugar en el estado actual de la tecnolog\u00eda y los dispositivos m\u00f3viles, pero en vista de algunas iniciativas que pretenden recuperar el objeto f\u00edsico como contenedor de un objeto digital para distribuir contenidos, no est\u00e1 de m\u00e1s recordar que, pese a que podamos a\u00f1adir una capa extra entre la Red y el lector de la informaci\u00f3n, el contenido se almacenar\u00e1 y se distribuir\u00e1 por la Red.<\/p>\n<div class=\"featured featured-blue\"><p>Todas las opciones que tendremos deber\u00e1n pasar, necesariamente, por ubicar el objeto producido en un servidor en l\u00ednea propio o externo.<\/p>\n<\/div>\n<figure id=\"attachment_596\" aria-describedby=\"caption-attachment-596\" style=\"width: 559px\" class=\"wp-caption aligncenter\"><img loading=\"lazy\" class=\"alignnone size-full wp-image-596\" src=\"http:\/\/disseny-test.uoc.edu\/materials\/prod-digital\/wp-content\/uploads\/sites\/6\/2018\/01\/20015_003-1.jpg\" alt=\"\" width=\"559\" height=\"288\" srcset=\"http:\/\/disseny-test.uoc.edu\/materials\/prod-digital\/wp-content\/uploads\/sites\/6\/2018\/01\/20015_003-1.jpg 559w, http:\/\/disseny-test.uoc.edu\/materials\/prod-digital\/wp-content\/uploads\/sites\/6\/2018\/01\/20015_003-1-300x155.jpg 300w\" sizes=\"(max-width: 559px) 100vw, 559px\" \/><figcaption id=\"caption-attachment-596\" class=\"wp-caption-text\"><strong>Figura 3.<\/strong> Publicaci\u00f3n en l\u00ednea de contenidos editoriales digitales<\/figcaption><\/figure>\n<p>&nbsp;<\/p>\n<p>Para publicar y distribuir contenidos digitales editoriales, podemos acceder a dos grandes grupos de acciones:<\/p>\n<ol>\n<li><strong>Crear una p\u00e1gina web propia<\/strong> o un portal y distribuir nosotros mismos el contenido. En este caso, mientras producimos un archivo que sea descargable (cuyo peso no lo haga inaccesible y que tenga un formato m\u00ednimamente popular), no tendremos que cumplir ning\u00fan requisito t\u00e9cnico para poder publicar nuestro contenido, ya sea en formato web directamente o usando alguno de los formatos digitales para publicaciones que tenemos disponibles.<\/li>\n<li><strong>Acceder a diferentes portales en l\u00ednea<\/strong>, que nos permiten, a cambio de un porcentaje de los beneficios y de cumplir los requisitos t\u00e9cnicos que nos piden (formato, lenguajes, etc.), publicar nuestro contenido y hacerlo accesible a sus clientes, deslocalizando en este caso el proceso de distribuci\u00f3n y cobro del producto, que ser\u00e1 responsabilidad del portal. Se trata de plataformas tan conocidas como <a href=\"javascript:void(0);\" class=\"tooltip\" data-toggle=\"popover\" data-placement=\"bottom\" data-content=\"En el apartado sobre plataformas de publicaci\u00f3n digital, analizaremos con detalle las condiciones y requisitos t\u00e9cnicos de estos grandes portales y el proceso de publicaci\u00f3n necesario.\" data-placement=\"top\" data-html=\"true\" >Google Books, Amazon Kindle o Apple Store<\/a>.<\/li>\n<\/ol>\n<div class=\"featured featured-grey\"><\/p>\n<p>Si tenemos en cuenta el esfuerzo llevado a cabo por el consorcio gestor de los est\u00e1ndares para la web (<a href=\"https:\/\/www.w3.org\/publishing\/groups\/publ-wg\/\" target=\"_blank\" rel=\"noopener\">W3C<\/a>) para acercar la publicaci\u00f3n digital a los lenguajes web est\u00e1ndar y construir un ecosistema digital apto para recoger, almacenar y procesar todos los objetos digitales publicables (todo el corpus digital del conocimiento), y la facilidad de implementaci\u00f3n de estos acompa\u00f1ada de la no necesidad de inversi\u00f3n en la compra de lenguajes o licencias, nos daremos cuenta r\u00e1pidamente de que el futuro de la publicaci\u00f3n editorial digital est\u00e1 en la Red, y el de la construcci\u00f3n de los contenidos, en los lenguajes y formatos est\u00e1ndar.<\/p>\n<p>Los lenguajes para la web son lenguajes pensados para definir estructuras de contenidos, y la marcaci\u00f3n sem\u00e1ntica en la que se basan permite crear publicaciones digitales con la estructura y la metainformaci\u00f3n suficiente para que el sistema lector entienda cu\u00e1l es el papel de cada elemento del c\u00f3digo.<\/p>\n<p>Sin embargo, la coyuntura tecnol\u00f3gica todav\u00eda no ha evolucionado lo bastante como para que podamos garantizar un acceso universal a la Red, ni para que este acceso sea suficientemente efectivo, de forma que el acceso a contenidos en l\u00ednea no sea una quimera que provoque el desinter\u00e9s o la desidia. Hay muchas sin cobertura de internet, otras en las que las velocidades de conexi\u00f3n responden a est\u00e1ndares de otras \u00e9pocas, etc. Por lo tanto, a pesar de que la tendencia general sea hacia el contenido permanentemente en l\u00ednea, no es todav\u00eda realista publicar libros digitales y revistas solo disponibles en l\u00ednea y sin una posibilidad de descarga que permitan leerlos de manera independiente de la ubicaci\u00f3n geogr\u00e1fica del lector y su conectividad.<\/p>\n<p>Por lo tanto, los portales para distribuir contenidos en formato de archivo descargable, o la distribuci\u00f3n de estos archivos en portales propios, tienen todav\u00eda un largo recorrido por delante.<\/p>\n<p>\n<\/div>\n<p>La diferencia clave entre estas dos opciones, que no son exclusivas entre ellas, radica en dos aspectos importantes:<\/p>\n<ol>\n<li>La <strong>libertad de elecci\u00f3n del formato de distribuci\u00f3n<\/strong> con la necesidad de crear y gestionar un portal propio (gesti\u00f3n de usuarios, pagos, mantenimiento del sistema, etc.).<\/li>\n<li>Las <strong>herramientas de creaci\u00f3n<\/strong> con la necesidad de aceptar los requisitos t\u00e9cnicos para el formato de salida, y las herramientas de creaci\u00f3n para ceder un porcentaje de los beneficios al propietario del portal.<\/li>\n<\/ol>\n<p>Evidentemente, en muchos casos, y tambi\u00e9n a cambio de un coste extra en la cuota del portal, podremos acceder a diferentes opciones simult\u00e1neas y vender un producto en nuestra p\u00e1gina web a la vez que lo subimos a un portal como Amazon o Google Books. Sin embargo, a pesar de que la decisi\u00f3n puede parecer f\u00e1cil de tomar, hay muchas consideraciones, detalles, caracter\u00edsticas y procedimientos que hay que tener en cuenta en cada caso, que detallaremos en los apartados sobre las plataformas de publicaci\u00f3n y los modelos de negocio.<\/p>\n<div class=\"featured featured-blue\"><p>La elecci\u00f3n del portal de distribuci\u00f3n de nuestro producto condicionar\u00e1, de manera significativa, la elecci\u00f3n del formato y las herramientas de creaci\u00f3n del objeto.<\/p>\n<\/div>\n<p>La conversi\u00f3n entre formatos no es efectiva en la mayor\u00eda de los casos. Y si no determinamos qu\u00e9 necesidades finales tendremos para planificar un proceso de creaci\u00f3n que nos proporcione un producto que encaje con los requisitos t\u00e9cnicos que nos exige la v\u00eda de distribuci\u00f3n elegida, nos encontraremos con la necesidad de dedicar un gran volumen de tiempo extra para cambiar de formato o adaptar el contenido.<\/p>\n<p>&nbsp;<\/p>\n","protected":false},"excerpt":{"rendered":"<p>Todas las v\u00edas de distribuci\u00f3n que plantearemos dan por supuesto que el contenido se distribuir\u00e1 y estar\u00e1 disponible en l\u00ednea. Esta consideraci\u00f3n puede parecer a priori fuera de lugar en el estado actual de la tecnolog\u00eda y los dispositivos m\u00f3viles, pero en vista de algunas iniciativas que pretenden recuperar el objeto f\u00edsico como contenedor de [&hellip;]<\/p>\n","protected":false},"author":1,"featured_media":0,"parent":0,"menu_order":0,"comment_status":"closed","ping_status":"closed","template":"","meta":{"inline_featured_image":false},"acf":[],"_links":{"self":[{"href":"http:\/\/disseny-test.uoc.edu\/materials\/prod-digital\/es\/wp-json\/wp\/v2\/pages\/616"}],"collection":[{"href":"http:\/\/disseny-test.uoc.edu\/materials\/prod-digital\/es\/wp-json\/wp\/v2\/pages"}],"about":[{"href":"http:\/\/disseny-test.uoc.edu\/materials\/prod-digital\/es\/wp-json\/wp\/v2\/types\/page"}],"author":[{"embeddable":true,"href":"http:\/\/disseny-test.uoc.edu\/materials\/prod-digital\/es\/wp-json\/wp\/v2\/users\/1"}],"replies":[{"embeddable":true,"href":"http:\/\/disseny-test.uoc.edu\/materials\/prod-digital\/es\/wp-json\/wp\/v2\/comments?post=616"}],"version-history":[{"count":1,"href":"http:\/\/disseny-test.uoc.edu\/materials\/prod-digital\/es\/wp-json\/wp\/v2\/pages\/616\/revisions"}],"predecessor-version":[{"id":617,"href":"http:\/\/disseny-test.uoc.edu\/materials\/prod-digital\/es\/wp-json\/wp\/v2\/pages\/616\/revisions\/617"}],"wp:attachment":[{"href":"http:\/\/disseny-test.uoc.edu\/materials\/prod-digital\/es\/wp-json\/wp\/v2\/media?parent=616"}],"curies":[{"name":"wp","href":"https:\/\/api.w.org\/{rel}","templated":true}]}}