{"id":621,"date":"2018-01-29T16:19:10","date_gmt":"2018-01-29T16:19:10","guid":{"rendered":"http:\/\/disseny-test.uoc.edu\/materials\/prod-digital\/?page_id=621"},"modified":"2018-01-29T16:19:10","modified_gmt":"2018-01-29T16:19:10","slug":"2-1-introduccion","status":"publish","type":"page","link":"http:\/\/disseny-test.uoc.edu\/materials\/prod-digital\/es\/2-1-introduccion\/","title":{"rendered":"2.1. Introducci\u00f3n"},"content":{"rendered":"<p>A lo largo de los dos primeros puntos de estos materiales, hemos planteado los grandes ejes sobre los cuales tienen que versar las decisiones previas a la elaboraci\u00f3n de un proyecto editorial digital. Lo hemos hecho desde un punto de vista conceptual, exponiendo el ecosistema en el que estas se desarrollan y las grandes relaciones que se establecen entre objeto, formato y opciones comerciales.<\/p>\n<p>Ahora es el momento, a lo largo de lo que queda de este apartado, de entrar en la parte m\u00e1s t\u00e9cnica y explicar y valorar las diferentes opciones que tenemos, sus caracter\u00edsticas principales, los formatos disponibles para cada opci\u00f3n y los condicionantes que estos implican. Tenemos que conocer el funcionamiento de los diferentes objetos digitales, los formatos en los que los podemos codificar, los lenguajes implicados y las herramientas para trabajar con ello.<\/p>\n<p>Para intentar iluminar un poco un proceso que puede ser muy tedioso para los noveles, es importante entender que, a pesar de que estableceremos una clasificaci\u00f3n basada en el tipo de objeto \u2013libros digitales, revistas digitales, documentos digitales\u2013 (incluido en este gran grupo todo aquello que no son libros ni revistas), en algunos casos los formatos de archivo, y tambi\u00e9n algunas de las herramientas para crearlos, son transversales y pueden ser usados para crear objetos diferentes.<\/p>\n<p>Plantearemos el orden l\u00f3gico que hay que seguir para tomar las decisiones t\u00e9cnicas y conceptuales que nos permitan llegar a buen puerto en el desarrollo de nuestro proyecto editorial digital.<\/p>\n","protected":false},"excerpt":{"rendered":"<p>A lo largo de los dos primeros puntos de estos materiales, hemos planteado los grandes ejes sobre los cuales tienen que versar las decisiones previas a la elaboraci\u00f3n de un proyecto editorial digital. Lo hemos hecho desde un punto de vista conceptual, exponiendo el ecosistema en el que estas se desarrollan y las grandes relaciones [&hellip;]<\/p>\n","protected":false},"author":1,"featured_media":0,"parent":0,"menu_order":0,"comment_status":"closed","ping_status":"closed","template":"","meta":{"inline_featured_image":false},"acf":[],"_links":{"self":[{"href":"http:\/\/disseny-test.uoc.edu\/materials\/prod-digital\/es\/wp-json\/wp\/v2\/pages\/621"}],"collection":[{"href":"http:\/\/disseny-test.uoc.edu\/materials\/prod-digital\/es\/wp-json\/wp\/v2\/pages"}],"about":[{"href":"http:\/\/disseny-test.uoc.edu\/materials\/prod-digital\/es\/wp-json\/wp\/v2\/types\/page"}],"author":[{"embeddable":true,"href":"http:\/\/disseny-test.uoc.edu\/materials\/prod-digital\/es\/wp-json\/wp\/v2\/users\/1"}],"replies":[{"embeddable":true,"href":"http:\/\/disseny-test.uoc.edu\/materials\/prod-digital\/es\/wp-json\/wp\/v2\/comments?post=621"}],"version-history":[{"count":1,"href":"http:\/\/disseny-test.uoc.edu\/materials\/prod-digital\/es\/wp-json\/wp\/v2\/pages\/621\/revisions"}],"predecessor-version":[{"id":622,"href":"http:\/\/disseny-test.uoc.edu\/materials\/prod-digital\/es\/wp-json\/wp\/v2\/pages\/621\/revisions\/622"}],"wp:attachment":[{"href":"http:\/\/disseny-test.uoc.edu\/materials\/prod-digital\/es\/wp-json\/wp\/v2\/media?parent=621"}],"curies":[{"name":"wp","href":"https:\/\/api.w.org\/{rel}","templated":true}]}}