{"id":627,"date":"2018-01-29T16:35:02","date_gmt":"2018-01-29T16:35:02","guid":{"rendered":"http:\/\/disseny-test.uoc.edu\/materials\/prod-digital\/?page_id=627"},"modified":"2018-01-29T16:35:02","modified_gmt":"2018-01-29T16:35:02","slug":"2-2-3-kf8-amazon-kindle-format","status":"publish","type":"page","link":"http:\/\/disseny-test.uoc.edu\/materials\/prod-digital\/es\/2-2-3-kf8-amazon-kindle-format\/","title":{"rendered":"2.2.3. KF8 (Amazon Kindle Format)"},"content":{"rendered":"<div class=\"featured featured-blue\"><p>KF8 (tambi\u00e9n denominado AZW3) es, b\u00e1sicamente, un archivo EPUB compilado usando determinadas caracter\u00edsticas t\u00e9cnicas, propias del sistema de Amazon.<\/p>\n<\/div>\n<p>A diferencia de EPUB, el formato KF8 de Amazon (anteriormente AZW y, antes, mobipocket) es un <strong>formato propietario<\/strong>. Esto quiere decir que no tenemos acceso directo al c\u00f3digo con el que est\u00e1 marcado el contenido del libro, ni lo podemos modificar para adaptarlo a nuestras necesidades t\u00e9cnicas, como s\u00ed podemos hacer con cualquier est\u00e1ndar abierto. Amazon, como propietaria del formato, decide cu\u00e1les son las plataformas en las que este se puede distribuir y cu\u00e1les son sus caracter\u00edsticas t\u00e9cnicas. Si queremos usar el contenido fuera del ecosistema que la empresa nos propone, lo tendremos que transformar en otro formato.<\/p>\n<p>As\u00ed, cuando queramos crear un libro digital para este formato, seguiremos un conjunto de pasos predefinidos para acabar publicando el contenido en el portal de Amazon y venderlo como <em>e-book<\/em> para el ecosistema Kindle. Este ecosistema est\u00e1 formado por los diferentes lectores de libros electr\u00f3nicos fabricados por Amazon y la aplicaci\u00f3n de lectura que ofrecen para los otros sistemas y dispositivos. No es posible, sin conversi\u00f3n o acceso a medidas ilegales, acceder al contenido editado con este formato por ninguna otra v\u00eda.<\/p>\n<p>M\u00e1s informaci\u00f3n:\u00a0<a href=\"http:\/\/disseny-test.uoc.edu\/materials\/prod-digital\/es\/3-4-3-creacio-dun-arxiu-kf8-per-a-lecosistema-damazon\/\" target=\"_blank\" rel=\"noopener\">3.4.3 \u00abCreaci\u00f3n de un archivo KF8 (para el ecosistema de Amazon)\u00bb<\/a><\/p>\n<p>Para crear un libro digital en formato KF8, lo podremos hacer de manera autom\u00e1tica, importando contenido previamente editado con la herramienta en l\u00ednea de Amazon y siguiendo las indicaciones de Kindle Direct Publishing, o usando el software que Amazon nos ofrece para convertir archivos al formato KF8.<\/p>\n<figure id=\"attachment_24\" aria-describedby=\"caption-attachment-24\" style=\"width: 800px\" class=\"wp-caption aligncenter\"><img loading=\"lazy\" class=\"alignnone size-full wp-image-24\" src=\"http:\/\/disseny-test.uoc.edu\/materials\/prod-digital\/wp-content\/uploads\/sites\/6\/2018\/01\/20015_005.jpg\" alt=\"Captura de la secci\u00f3 per a la gesti\u00f3 de publicacions i creaci\u00f3 de nous llibres\" width=\"800\" height=\"419\" srcset=\"http:\/\/disseny-test.uoc.edu\/materials\/prod-digital\/wp-content\/uploads\/sites\/6\/2018\/01\/20015_005.jpg 800w, http:\/\/disseny-test.uoc.edu\/materials\/prod-digital\/wp-content\/uploads\/sites\/6\/2018\/01\/20015_005-300x157.jpg 300w, http:\/\/disseny-test.uoc.edu\/materials\/prod-digital\/wp-content\/uploads\/sites\/6\/2018\/01\/20015_005-768x402.jpg 768w\" sizes=\"(max-width: 800px) 100vw, 800px\" \/><figcaption id=\"caption-attachment-24\" class=\"wp-caption-text\"><strong>Figura 5.<\/strong> Captura de la secci\u00f3n para la gesti\u00f3n de publicaciones y creaci\u00f3n de nuevos libros<\/figcaption><\/figure>\n<p>De cualquier manera, en todos los casos deberemos editar previamente el contenido con alg\u00fan editor de textos, o directamente en HTML, antes de convertirlo al formato KF8.<\/p>\n<p>Las <strong>caracter\u00edsticas principales<\/strong> de KF8 son las siguientes:<\/p>\n<ul>\n<li>Apoyo para HTML 5 (funcionalidad basada en EPUB3).<\/li>\n<li>Apoyo para CSS (tambi\u00e9n CSS3).<\/li>\n<li><em>Pop-ups<\/em> para el texto, con funcionalidad propia.<\/li>\n<li><em>Fixed layouts<\/em> (con un sistema propio diferente del est\u00e1ndar).<\/li>\n<li>Fuentes a\u00f1adidas para asegurar su visualizaci\u00f3n.<\/li>\n<li>SVG (gr\u00e1ficos adaptables).<\/li>\n<\/ul>\n<p>La recomendaci\u00f3n de Amazon es que trabajemos con el formato DOCX siguiendo las <a href=\"https:\/\/kdp.amazon.com\/es_ES\/help\/topic\/A17W8UM0MMSQX6\" target=\"_blank\" rel=\"noopener\">instrucciones de edici\u00f3n<\/a> de su web. Es importante tener claro en este momento que en el caso del formato KF8, a diferencia de EPUB, no tenemos acceso a una especificaci\u00f3n t\u00e9cnica que nos indica c\u00f3mo funciona el formato, cu\u00e1les son los lenguajes implicados, etc., y nos tenemos que limitar a seguir las instrucciones que nos ofrece Amazon.<\/p>\n<p>Este hecho, a pesar de que puede ser muy \u00fatil en el inicio del trabajo con la producci\u00f3n editorial digital, acaba siendo una limitaci\u00f3n t\u00e9cnica importante. Esto es as\u00ed porque los resultados obtenidos no siempre son \u00f3ptimos, y sin control sobre el c\u00f3digo del libro poca cosa podemos hacer m\u00e1s all\u00e1 de trabajar con un m\u00e9todo de ensayo y error.<\/p>\n<table>\n<thead>\n<tr>\n<th>Ventajas principales<\/th>\n<th>Inconvenientes principales<\/th>\n<\/tr>\n<\/thead>\n<tbody>\n<tr>\n<td>\n<ol>\n<li>Facilidad en la creaci\u00f3n de libros sencillos, automatizaci\u00f3n del proceso.<\/li>\n<li>Sin necesidad de conocimientos t\u00e9cnicos de ning\u00fan tipo, para trabajos sencillos.<\/li>\n<li>Posibilidad de trabajar directamente con un editor de textos convencional como Word, con un formato de texto muy usado en la industria editorial y con el que suelen trabajar los autores.<\/li>\n<li>Acceso a una plataforma de venta muy potente y con un gran volumen de clientes potenciales.<\/li>\n<li>Buena adaptaci\u00f3n a los diferentes dispositivos de lectura (dise\u00f1o adaptable).<\/li>\n<\/ol>\n<\/td>\n<td>\n<ol>\n<li>Limitaciones contractuales para la venta que implican usar el portal de Amazon, ceder el 30 % de los beneficios de venta como m\u00ednimo, en muchos casos hasta el 65 % si no damos exclusividad a Amazon, y aceptar las pol\u00edticas de precios y condiciones que Amazon impone sobre los libros.<\/li>\n<li>Incapacidad de acceder a las entra\u00f1as del formato para editarlo y adaptarlo a nuestras necesidades. Si bien podemos, al ganar experiencia, llegar a controlar bastante el resultado visual final del libro, no podremos acceder a los archivos t\u00e9cnicos que lo forman ni modificar sus caracter\u00edsticas.<\/li>\n<li>El hecho de usar formatos propietario* para crear contenidos editoriales digitales implica, al margen de consideraciones \u00e9ticas o sociales que afectan a la conservaci\u00f3n del conocimiento, que estaremos vinculados a las decisiones unilaterales que la empresa tome, tanto t\u00e9cnicamente y de evoluci\u00f3n del formato como comercialmente y de condiciones de venta, beneficios, etc.<\/li>\n<li>Imposibilidad de llegar a un p\u00fablico lector que accede a contenidos mediante lectores de tinta electr\u00f3nica que no son de la empresa Amazon, un sector bastante importante en un mercado en el que la renovaci\u00f3n de los dispositivos es mucho m\u00e1s lenta.<\/li>\n<\/ol>\n<\/td>\n<\/tr>\n<\/tbody>\n<\/table>\n<div class=\"tablefooter\"><p>*\u00a0 Hay que tener en cuenta este hecho a la hora de tomar la decisi\u00f3n sobre qu\u00e9 formato elegir para un libro digital, y sobre si es interesante generar una producci\u00f3n multiformato para acceder a diferentes opciones t\u00e9cnicas y comerciales.<\/p>\n<\/div>\n","protected":false},"excerpt":{"rendered":"<p>A diferencia de EPUB, el formato KF8 de Amazon (anteriormente AZW y, antes, mobipocket) es un formato propietario. Esto quiere decir que no tenemos acceso directo al c\u00f3digo con el que est\u00e1 marcado el contenido del libro, ni lo podemos modificar para adaptarlo a nuestras necesidades t\u00e9cnicas, como s\u00ed podemos hacer con cualquier est\u00e1ndar abierto. [&hellip;]<\/p>\n","protected":false},"author":1,"featured_media":0,"parent":0,"menu_order":0,"comment_status":"closed","ping_status":"closed","template":"","meta":{"inline_featured_image":false},"acf":[],"_links":{"self":[{"href":"http:\/\/disseny-test.uoc.edu\/materials\/prod-digital\/es\/wp-json\/wp\/v2\/pages\/627"}],"collection":[{"href":"http:\/\/disseny-test.uoc.edu\/materials\/prod-digital\/es\/wp-json\/wp\/v2\/pages"}],"about":[{"href":"http:\/\/disseny-test.uoc.edu\/materials\/prod-digital\/es\/wp-json\/wp\/v2\/types\/page"}],"author":[{"embeddable":true,"href":"http:\/\/disseny-test.uoc.edu\/materials\/prod-digital\/es\/wp-json\/wp\/v2\/users\/1"}],"replies":[{"embeddable":true,"href":"http:\/\/disseny-test.uoc.edu\/materials\/prod-digital\/es\/wp-json\/wp\/v2\/comments?post=627"}],"version-history":[{"count":1,"href":"http:\/\/disseny-test.uoc.edu\/materials\/prod-digital\/es\/wp-json\/wp\/v2\/pages\/627\/revisions"}],"predecessor-version":[{"id":628,"href":"http:\/\/disseny-test.uoc.edu\/materials\/prod-digital\/es\/wp-json\/wp\/v2\/pages\/627\/revisions\/628"}],"wp:attachment":[{"href":"http:\/\/disseny-test.uoc.edu\/materials\/prod-digital\/es\/wp-json\/wp\/v2\/media?parent=627"}],"curies":[{"name":"wp","href":"https:\/\/api.w.org\/{rel}","templated":true}]}}