{"id":631,"date":"2018-01-29T16:42:33","date_gmt":"2018-01-29T16:42:33","guid":{"rendered":"http:\/\/disseny-test.uoc.edu\/materials\/prod-digital\/?page_id=631"},"modified":"2018-01-30T17:57:01","modified_gmt":"2018-01-30T17:57:01","slug":"2-2-5-ibooks-author-format","status":"publish","type":"page","link":"http:\/\/disseny-test.uoc.edu\/materials\/prod-digital\/es\/2-2-5-ibooks-author-format\/","title":{"rendered":"2.2.5. iBooks Author Format"},"content":{"rendered":"<div class=\"featured featured-blue\"><p>El formato iBooks Author (IBA\/.ibooks) es un formato propietario de la empresa Apple. Es un formato que solo podemos crear con el editor iBooks Author, \u00fanicamente disponible para el sistema operativo OS, y que solo puede ser le\u00eddo por los dispositivos creados por la misma empresa.<\/p>\n<\/div>\n<p>Este software ha permitido a los noveles acceder a funcionalidades bastantes avanzadas de la publicaci\u00f3n digital mediante una herramienta de automatizaci\u00f3n que permite trabajar sin conocer t\u00e9cnicamente qu\u00e9 est\u00e1 pasando detr\u00e1s del editor visual, una iniciativa interesante para crear propuestas interactivas sencillas para el entorno de Apple sin la necesidad de hacer el esfuerzo de aprender los lenguajes t\u00e9cnicos que lo hacen posible. Estas funcionalidades a\u00f1adidas, sin embargo, son limitadas y dependientes de los <em>presets<\/em> y <em>widgets<\/em> que nos ofrece el programa.<\/p>\n<p>T\u00e9cnicamente, el formato iBooks es un archivo en EPUB al cual se aplican algunas modificaciones t\u00e9cnicas, y solo usable en el <a href=\"javascript:void(0);\" class=\"tooltip\" data-toggle=\"popover\" data-placement=\"bottom\" data-content=\"El formato para el programa iBooks Author, la venta de ejemplares en iBooks Store y el consumo de encuestas con los dispositivos propios de la marca.\" data-placement=\"top\" data-html=\"true\" >ecosistema propio de Apple<\/a>.\u00a0Un archivo iBooks no puede ser le\u00eddo sin conversi\u00f3n en ning\u00fan otro entorno de software.<\/p>\n<p>El problema principal de este formato, sin embargo, que t\u00e9cnicamente cumple muchos de los requisitos necesarios para producir publicaciones editoriales digitales solventes, radica en los t\u00e9rminos y condiciones del formato y de la aplicaci\u00f3n para crearlo. iBooks es un formato propietario, cuyo uso est\u00e1 limitado por las condiciones que nos impone la marca Apple. Esto quiere decir que, a diferencia de EPUB, el formato resultante del libro ser\u00e1 propiedad de la marca, tal y como lo indican los t\u00e9rminos y condiciones. Es cierto que el contenido continuar\u00e1 siendo nuestro, y que lo podremos usar en otros entornos (v\u00eda exportaci\u00f3n), pero el libro digital por s\u00ed mismo en formato iBook, el archivo que podemos distribuir y vender, estar\u00e1 vinculado a las condiciones de Apple y solo podr\u00e1 ser vendido en su propio portal.<\/p>\n<p>Esto puede ser un problema grave si queremos salir del sistema de Apple y vender nuestro producto en otros mercados, puesto que tendremos que recrear el libro con otros editores, y en otro formato, para poderlo distribuir sin el peligro de incumplir las condiciones contractuales de Apple. Si usamos el programa de creaci\u00f3n iBooks Author tambi\u00e9n podremos exportar el contenido a <a href=\"javascript:void(0);\" class=\"tooltip\" data-toggle=\"popover\" data-placement=\"bottom\" data-content=\"Fruto de las modificaciones en los t\u00e9rminos y condiciones aplicados en el 2012, si el archivo creado con iBooks Author se exporta al formato EPUB o PDF con el propio programa, lo podremos vender fuera del ecosistema de Apple.\" data-placement=\"top\" data-html=\"true\" >otros formatos<\/a>, perdiendo las funcionalidades extra que nos aporta este formato, pero abriendo el mercado a otros entornos. Quedar\u00e1 tomar la decisi\u00f3n sobre si, dado que no podremos usar las funcionalidades extra del programa si no usamos el formato iBooks, merece la pena aceptar las condiciones que se nos imponen y usarlo o decantarnos por otro editor m\u00e1s adecuado.<a href=\"#_ftnref1\" name=\"_ftn1\"><\/a><a href=\"#_ftnref2\" name=\"_ftn2\"><\/a><\/p>\n","protected":false},"excerpt":{"rendered":"<p>Este software ha permitido a los noveles acceder a funcionalidades bastantes avanzadas de la publicaci\u00f3n digital mediante una herramienta de automatizaci\u00f3n que permite trabajar sin conocer t\u00e9cnicamente qu\u00e9 est\u00e1 pasando detr\u00e1s del editor visual, una iniciativa interesante para crear propuestas interactivas sencillas para el entorno de Apple sin la necesidad de hacer el esfuerzo de [&hellip;]<\/p>\n","protected":false},"author":1,"featured_media":0,"parent":0,"menu_order":0,"comment_status":"closed","ping_status":"closed","template":"","meta":{"inline_featured_image":false},"acf":[],"_links":{"self":[{"href":"http:\/\/disseny-test.uoc.edu\/materials\/prod-digital\/es\/wp-json\/wp\/v2\/pages\/631"}],"collection":[{"href":"http:\/\/disseny-test.uoc.edu\/materials\/prod-digital\/es\/wp-json\/wp\/v2\/pages"}],"about":[{"href":"http:\/\/disseny-test.uoc.edu\/materials\/prod-digital\/es\/wp-json\/wp\/v2\/types\/page"}],"author":[{"embeddable":true,"href":"http:\/\/disseny-test.uoc.edu\/materials\/prod-digital\/es\/wp-json\/wp\/v2\/users\/1"}],"replies":[{"embeddable":true,"href":"http:\/\/disseny-test.uoc.edu\/materials\/prod-digital\/es\/wp-json\/wp\/v2\/comments?post=631"}],"version-history":[{"count":2,"href":"http:\/\/disseny-test.uoc.edu\/materials\/prod-digital\/es\/wp-json\/wp\/v2\/pages\/631\/revisions"}],"predecessor-version":[{"id":633,"href":"http:\/\/disseny-test.uoc.edu\/materials\/prod-digital\/es\/wp-json\/wp\/v2\/pages\/631\/revisions\/633"}],"wp:attachment":[{"href":"http:\/\/disseny-test.uoc.edu\/materials\/prod-digital\/es\/wp-json\/wp\/v2\/media?parent=631"}],"curies":[{"name":"wp","href":"https:\/\/api.w.org\/{rel}","templated":true}]}}