{"id":634,"date":"2018-01-29T16:45:17","date_gmt":"2018-01-29T16:45:17","guid":{"rendered":"http:\/\/disseny-test.uoc.edu\/materials\/prod-digital\/?page_id=634"},"modified":"2018-01-30T17:58:53","modified_gmt":"2018-01-30T17:58:53","slug":"2-2-6-eleccion-del-formato","status":"publish","type":"page","link":"http:\/\/disseny-test.uoc.edu\/materials\/prod-digital\/es\/2-2-6-eleccion-del-formato\/","title":{"rendered":"2.2.6. Elecci\u00f3n del formato"},"content":{"rendered":"<p>La elecci\u00f3n entre el formato est\u00e1ndar EPUB o el formato propio de Amazon se tendr\u00e1 que tomar teniendo en cuenta dos aspectos principales:<\/p>\n<h4><strong>1. El modelo de negocio<\/strong><\/h4>\n<table>\n<thead>\n<tr>\n<th rowspan=\"2\" width=\"20%\">\u00bfQuiero acceder al mercado de Amazon?<\/th>\n<td width=\"80%\">Si la respuesta es s\u00ed, tendr\u00e9 que publicar el contenido en el formato KF8 o, como m\u00ednimo, convertirlo a este formato.<\/td>\n<\/tr>\n<tr>\n<td>Si, al contrario, no tengo pensado publicar en Amazon, ya sea porque no quiero aceptar las condiciones del contrato o porque no quiero ceder un porcentaje importante de los beneficios (cerca del 30 %), la elecci\u00f3n m\u00e1s sensata ser\u00e1 el formato EPUB.<\/td>\n<\/tr>\n<\/thead>\n<\/table>\n<h4><strong>2. Las herramientas y los lenguajes a los que tengo acceso<\/strong><\/h4>\n<table>\n<thead>\n<tr>\n<th width=\"20%\">\u00bfTengo conocimiento de los lenguajes de marcado sem\u00e1ntico y de estilos HTML, CSS)?<\/th>\n<td width=\"80%\">Si la respuesta es no, trabajar sobre el formato EPUB ser\u00e1 una tarea m\u00e1s compleja, puesto que, como hemos visto, el formato est\u00e1 basado en los lenguajes para la web. Esto no quiere decir que no podamos editar un EPUB sin dominar estos lenguajes, pero s\u00ed nos implicar\u00e1 una mayor dependencia del software intermediario o editor; lo veremos con m\u00e1s detalle en el apartado sobre herramientas y lenguajes.<\/td>\n<\/tr>\n<tr>\n<th rowspan=\"2\">\u00bfDebo trabajar con el software de Adobe? \u00bfInDesign principalmente?<\/th>\n<td>A pesar de que las \u00faltimas versiones de InDesign han mejorado mucho la exportaci\u00f3n al formato EPUB, el resultado est\u00e1 muy lejos de ser \u00f3ptimo y apto para comercializarlo. Si creamos un libro digital en formato EPUB con InDesign, tendremos que usar un editor externo para revisar el c\u00f3digo y solucionar los errores que provoca la exportaci\u00f3n.<\/td>\n<\/tr>\n<tr>\n<td>En cuanto al formato KF8, Amazon ofrece un complemento para InDesign para exportar contenido para el Kindle, que nos permite crear libros para este formato directamente, sin tener que pasar por la conversi\u00f3n de archivo.<\/td>\n<\/tr>\n<\/thead>\n<\/table>\n","protected":false},"excerpt":{"rendered":"<p>La elecci\u00f3n entre el formato est\u00e1ndar EPUB o el formato propio de Amazon se tendr\u00e1 que tomar teniendo en cuenta dos aspectos principales: 1. El modelo de negocio \u00bfQuiero acceder al mercado de Amazon? Si la respuesta es s\u00ed, tendr\u00e9 que publicar el contenido en el formato KF8 o, como m\u00ednimo, convertirlo a este formato. [&hellip;]<\/p>\n","protected":false},"author":1,"featured_media":0,"parent":0,"menu_order":0,"comment_status":"closed","ping_status":"closed","template":"","meta":{"inline_featured_image":false},"acf":[],"_links":{"self":[{"href":"http:\/\/disseny-test.uoc.edu\/materials\/prod-digital\/es\/wp-json\/wp\/v2\/pages\/634"}],"collection":[{"href":"http:\/\/disseny-test.uoc.edu\/materials\/prod-digital\/es\/wp-json\/wp\/v2\/pages"}],"about":[{"href":"http:\/\/disseny-test.uoc.edu\/materials\/prod-digital\/es\/wp-json\/wp\/v2\/types\/page"}],"author":[{"embeddable":true,"href":"http:\/\/disseny-test.uoc.edu\/materials\/prod-digital\/es\/wp-json\/wp\/v2\/users\/1"}],"replies":[{"embeddable":true,"href":"http:\/\/disseny-test.uoc.edu\/materials\/prod-digital\/es\/wp-json\/wp\/v2\/comments?post=634"}],"version-history":[{"count":3,"href":"http:\/\/disseny-test.uoc.edu\/materials\/prod-digital\/es\/wp-json\/wp\/v2\/pages\/634\/revisions"}],"predecessor-version":[{"id":1100,"href":"http:\/\/disseny-test.uoc.edu\/materials\/prod-digital\/es\/wp-json\/wp\/v2\/pages\/634\/revisions\/1100"}],"wp:attachment":[{"href":"http:\/\/disseny-test.uoc.edu\/materials\/prod-digital\/es\/wp-json\/wp\/v2\/media?parent=634"}],"curies":[{"name":"wp","href":"https:\/\/api.w.org\/{rel}","templated":true}]}}