{"id":636,"date":"2018-01-29T16:47:03","date_gmt":"2018-01-29T16:47:03","guid":{"rendered":"http:\/\/disseny-test.uoc.edu\/materials\/prod-digital\/?page_id=636"},"modified":"2018-01-29T16:52:40","modified_gmt":"2018-01-29T16:52:40","slug":"2-3-1-formatos-y-opciones","status":"publish","type":"page","link":"http:\/\/disseny-test.uoc.edu\/materials\/prod-digital\/es\/2-3-1-formatos-y-opciones\/","title":{"rendered":"2.3.1. Formatos y opciones"},"content":{"rendered":"<div class=\"featured featured-blue\"><p>En el caso de las revistas digitales, la exposici\u00f3n de su ecosistema y de los formatos habituales de creaci\u00f3n es mucho m\u00e1s sencilla, puesto que la transici\u00f3n hacia el modelo en l\u00ednea es casi completa en este caso.<\/p>\n<\/div>\n<p>La mayor\u00eda de revistas de nueva creaci\u00f3n usan el entorno de Red para distribuir contenidos, y en el caso de las revistas cl\u00e1sicas en papel, en la mayor\u00eda de los casos, ya ofrecen una reproducci\u00f3n del contenido digitalizado y disponible en l\u00ednea.<\/p>\n<p>Las revistas digitales son la versi\u00f3n digital de las revistas convencionales y re\u00fanen sus caracter\u00edsticas principales. Una <strong>revista<\/strong> es una publicaci\u00f3n peri\u00f3dica que, a diferencia de la prensa diaria, profundiza m\u00e1s en el tratamiento de los temas que la ocupan. Pueden ser de distintas tem\u00e1ticas, y todav\u00eda las encontramos habitualmente en el quiosco, a pesar de que cada vez en menor medida. En muchos casos, una <strong>revista digital<\/strong> puede ser muy similar a los diarios digitales o a algunos blogs, pero normalmente es el tipo de contenido y la manera de tratarlo lo que diferencia a este tipo de publicaciones.<\/p>\n<figure id=\"attachment_25\" aria-describedby=\"caption-attachment-25\" style=\"width: 640px\" class=\"wp-caption aligncenter\"><img loading=\"lazy\" class=\"alignnone size-full wp-image-25\" src=\"http:\/\/disseny-test.uoc.edu\/materials\/prod-digital\/wp-content\/uploads\/sites\/6\/2018\/01\/20015_006.jpg\" alt=\"Exemples de revistes\" width=\"640\" height=\"426\" srcset=\"http:\/\/disseny-test.uoc.edu\/materials\/prod-digital\/wp-content\/uploads\/sites\/6\/2018\/01\/20015_006.jpg 640w, http:\/\/disseny-test.uoc.edu\/materials\/prod-digital\/wp-content\/uploads\/sites\/6\/2018\/01\/20015_006-300x200.jpg 300w\" sizes=\"(max-width: 640px) 100vw, 640px\" \/><figcaption id=\"caption-attachment-25\" class=\"wp-caption-text\"><strong>Figura 6.<\/strong> Ejemplos de revistas<\/figcaption><\/figure>\n<p>La creaci\u00f3n de una revista digital, por lo tanto, depender\u00e1 mucho del contenido que la ocupe, puesto que no puede recibir el mismo tratamiento un contenido puramente textual, basado en la investigaci\u00f3n y la reflexi\u00f3n en torno a temas concretos, que un contenido eminentemente gr\u00e1fico basado en las fotograf\u00edas, el dibujo, etc. Habr\u00e1 que tener en cuenta la tem\u00e1tica de la revista a la hora de elegir qu\u00e9 herramientas, formatos y entornos usamos para publicarla. La periodicidad en la publicaci\u00f3n de nuevos contenidos, y el n\u00famero y tipo de participantes de esta, determinar\u00e1n tambi\u00e9n las decisiones t\u00e9cnicas que hay que tomar.<\/p>\n<p>En un primer momento, la digitalizaci\u00f3n de las revistas se llev\u00f3 a cabo sobre soportes f\u00edsicos (CD, DVD, etc.) y, mayoritariamente, en formato PDF. Esto era as\u00ed porque la descarga de contenidos con a\u00f1adidos multimedia (im\u00e1genes y v\u00eddeos principalmente) era muy compleja con las primeras conexiones a la Red, muy lentas, inestables y con un alto cuerpo de conexi\u00f3n. Poco a poco, sin embargo, con el abaratamiento de la conexi\u00f3n a la Red y el aumento de la velocidad de esta, la gran mayor\u00eda de las revistas importantes se han desplazado a la Red, de forma que ofrecen contenido en l\u00ednea, actualizado y accesible desde cualquier dispositivo digital.<\/p>\n<p>De este modo, a pesar de que todav\u00eda podemos encontrarnos casos en los cuales los art\u00edculos son muy largos, o de lectura pesada, y podemos descargar el contenido de una publicaci\u00f3n (generalmente en PDF), en la mayor\u00eda de los casos, ya sea con un gestor de contenidos propio (CMS, del que hablaremos posteriormente) o con alguno de los portales de publicaci\u00f3n en l\u00ednea, como Google Play Kiosco, el contenido de una revista digital estar\u00e1 disponible en l\u00ednea y, por lo tanto, usar\u00e1 herramientas y lenguajes propios de la web.<\/p>\n<h4><strong>Formatos y opciones para las revistas digitales<\/strong><\/h4>\n<p>Tal y como hemos dicho, aqu\u00ed el proceso de elecci\u00f3n ser\u00e1 mucho m\u00e1s sencillo. Hay que plantear dos consideraciones iniciales a la hora de tomar la decisi\u00f3n sobre el formato o el entorno en el que publicar una revista digital:<\/p>\n<ol>\n<li><strong>Determinar si queremos publicar el contenido directamente en l\u00ednea, con una web o un gestor de contenidos, o si queremos que est\u00e9 disponible para descarga y lectura fuera de l\u00ednea.<\/strong> Esta decisi\u00f3n es crucial, porque las aproximaciones t\u00e9cnicas son muy diferentes en cada caso. Si necesitamos un archivo de descarga, y esta es la \u00fanica v\u00eda en la que ofreceremos el contenido, tendremos que usar software que nos permita encapsular el contenido en un solo archivo descargable y legible por la mayor\u00eda de los sistemas operativos actuales. Si, al contrario, publicamos el contenido en l\u00ednea, usaremos software para la web que nos ayude a construir un portal accesible y disponible en la Red<strong>.<\/strong><\/li>\n<li><strong>Determinar, en funci\u00f3n del contenido sobre el que verse la revista, cu\u00e1l es el entorno t\u00e9cnico que encaja mejor con el objetivo de la publicaci\u00f3n.<\/strong> Tomaremos esta decisi\u00f3n teniendo en cuenta si la publicaci\u00f3n puede ser <em>reflowable<\/em>, y adaptarse al tama\u00f1o de la pantalla y el software lector modificando la ubicaci\u00f3n de los elementos unos respecto a otros o si, al contrario, necesitamos una posici\u00f3n y relaci\u00f3n fija entre el texto y las im\u00e1genes para transmitir correctamente el mensaje (<em>fixed layout<\/em>).<\/li>\n<\/ol>\n<p>En la mayor\u00eda de los casos, la respuesta a las dos preguntas anteriores nos llevar\u00e1 directamente al uso de los lenguajes web y a entornos de software pensados para trabajar con contenidos en l\u00ednea.<\/p>\n<p>Veamos a continuaci\u00f3n las opciones m\u00e1s habituales para crear revistas digitales. En este caso, sin embargo, a pesar de que mantenemos la nomenclatura de formatos, veremos r\u00e1pidamente que algunas de las opciones no son formatos sino aplicaciones inform\u00e1ticas.<\/p>\n","protected":false},"excerpt":{"rendered":"<p>La mayor\u00eda de revistas de nueva creaci\u00f3n usan el entorno de Red para distribuir contenidos, y en el caso de las revistas cl\u00e1sicas en papel, en la mayor\u00eda de los casos, ya ofrecen una reproducci\u00f3n del contenido digitalizado y disponible en l\u00ednea. Las revistas digitales son la versi\u00f3n digital de las revistas convencionales y re\u00fanen [&hellip;]<\/p>\n","protected":false},"author":1,"featured_media":0,"parent":0,"menu_order":0,"comment_status":"closed","ping_status":"closed","template":"","meta":{"inline_featured_image":false},"acf":[],"_links":{"self":[{"href":"http:\/\/disseny-test.uoc.edu\/materials\/prod-digital\/es\/wp-json\/wp\/v2\/pages\/636"}],"collection":[{"href":"http:\/\/disseny-test.uoc.edu\/materials\/prod-digital\/es\/wp-json\/wp\/v2\/pages"}],"about":[{"href":"http:\/\/disseny-test.uoc.edu\/materials\/prod-digital\/es\/wp-json\/wp\/v2\/types\/page"}],"author":[{"embeddable":true,"href":"http:\/\/disseny-test.uoc.edu\/materials\/prod-digital\/es\/wp-json\/wp\/v2\/users\/1"}],"replies":[{"embeddable":true,"href":"http:\/\/disseny-test.uoc.edu\/materials\/prod-digital\/es\/wp-json\/wp\/v2\/comments?post=636"}],"version-history":[{"count":2,"href":"http:\/\/disseny-test.uoc.edu\/materials\/prod-digital\/es\/wp-json\/wp\/v2\/pages\/636\/revisions"}],"predecessor-version":[{"id":644,"href":"http:\/\/disseny-test.uoc.edu\/materials\/prod-digital\/es\/wp-json\/wp\/v2\/pages\/636\/revisions\/644"}],"wp:attachment":[{"href":"http:\/\/disseny-test.uoc.edu\/materials\/prod-digital\/es\/wp-json\/wp\/v2\/media?parent=636"}],"curies":[{"name":"wp","href":"https:\/\/api.w.org\/{rel}","templated":true}]}}