{"id":638,"date":"2018-01-29T16:50:23","date_gmt":"2018-01-29T16:50:23","guid":{"rendered":"http:\/\/disseny-test.uoc.edu\/materials\/prod-digital\/?page_id=638"},"modified":"2018-01-29T16:51:57","modified_gmt":"2018-01-29T16:51:57","slug":"2-3-2-content-system-manager-cms","status":"publish","type":"page","link":"http:\/\/disseny-test.uoc.edu\/materials\/prod-digital\/es\/2-3-2-content-system-manager-cms\/","title":{"rendered":"2.3.2. Content System Manager (CMS)"},"content":{"rendered":"<div class=\"featured featured-blue\"><p>La opci\u00f3n m\u00e1s habitual para crear contenidos textuales de publicaci\u00f3n peri\u00f3dica en la red es usar gestores de contenidos o CMS.<\/p>\n<\/div>\n<p>Estas aplicaciones web permiten publicar contenido en l\u00ednea con control del formato y de las versiones de publicaci\u00f3n, generar una indexaci\u00f3n avanzada de este, el a\u00f1adido de contenido multimedia, y el uso de complementos para funcionalidades concretas (publicidad, redes sociales, tipolog\u00edas de contenido, etc.) en un entorno en l\u00ednea interactivo.<\/p>\n<p>Son sistemas como <a href=\"http:\/\/www.wordpress.com\" target=\"_blank\" rel=\"noopener\">WordPress<\/a>, muy popular para crear blogs y p\u00e1ginas web y que ha copado el mercado en l\u00ednea con el 30 % del total de p\u00e1ginas web construidas en este sistema de gesti\u00f3n de contenidos. Son sistemas muy flexibles, que permiten crear lugares complejos y con distintas funcionalidades, pero tambi\u00e9n muy aptos para noveles y para crear entornos sencillos, basados en la producci\u00f3n textual y gr\u00e1fica y sin necesidad de gestionar aspectos t\u00e9cnicos que requieren una cierta pericia. Con los <a href=\"javascript:void(0);\" class=\"tooltip\" data-toggle=\"popover\" data-placement=\"bottom\" data-content=\"WP es el m\u00e1s habitual, pero tenemos muchos otros. Los m\u00e1s importantes son Drupal y Joomla.\" data-placement=\"top\" data-html=\"true\" >CMS<\/a> es posible poner en marcha una publicaci\u00f3n digital con garant\u00edas, con pocas horas de dedicaci\u00f3n a la planificaci\u00f3n y el desarrollo del sistema t\u00e9cnico que ha de ser su forma.<\/p>\n<p>Evidentemente, no es lo mismo iniciar la publicaci\u00f3n de un blog personal, sin intenciones comerciales y con la \u00fanica directriz de cumplir los objetivos propios, que crear una estrategia comercial para publicar y distribuir una revista digital profesional. Para crear un blog, basta con crear una cuenta en el portal de WP y elegir un subdominio propio; si queremos crear una publicaci\u00f3n profesional, aparte de la calidad del contenido, deberemos tener en cuenta aspectos como el dise\u00f1o, la gesti\u00f3n de los usuarios o lectores, el control de comentarios y el contenido basura en la web, la actualizaci\u00f3n permanente del sistema para solucionar problemas de seguridad inform\u00e1tica, etc., como en cualquier otro proyecto profesional en l\u00ednea que busque unas ciertas garant\u00edas de \u00e9xito.<\/p>\n<p>Con los gestores de contenidos, una vez desarrollado el dise\u00f1o principal de la publicaci\u00f3n, podremos dedicarnos casi exclusivamente a crear y gestionar el contenido textual (que el sistema convertir\u00e1 a HTML\/PHP) y dedicar menos esfuerzos a hacer funcionar t\u00e9cnicamente la publicaci\u00f3n.<\/p>\n<figure id=\"attachment_26\" aria-describedby=\"caption-attachment-26\" style=\"width: 800px\" class=\"wp-caption aligncenter\"><img loading=\"lazy\" class=\"alignnone size-full wp-image-26\" src=\"http:\/\/disseny-test.uoc.edu\/materials\/prod-digital\/wp-content\/uploads\/sites\/6\/2018\/01\/20015_007.jpg\" alt=\"Creaci\u00f3 de contingut per a un article amb WordPress\" width=\"800\" height=\"392\" srcset=\"http:\/\/disseny-test.uoc.edu\/materials\/prod-digital\/wp-content\/uploads\/sites\/6\/2018\/01\/20015_007.jpg 800w, http:\/\/disseny-test.uoc.edu\/materials\/prod-digital\/wp-content\/uploads\/sites\/6\/2018\/01\/20015_007-300x147.jpg 300w, http:\/\/disseny-test.uoc.edu\/materials\/prod-digital\/wp-content\/uploads\/sites\/6\/2018\/01\/20015_007-768x376.jpg 768w\" sizes=\"(max-width: 800px) 100vw, 800px\" \/><figcaption id=\"caption-attachment-26\" class=\"wp-caption-text\"><strong>Figura 7.\u00a0<\/strong>Creaci\u00f3n de contenido para un art\u00edculo con WordPress<\/figcaption><\/figure>\n<p>Como veremos posteriormente, las opciones de publicaci\u00f3n externas de las que disponemos para las revistas digitales funcionan de manera muy similar a un CMS. As\u00ed, en entornos de publicaci\u00f3n de revistas digitales como Google Kiosco, el proceso de publicaci\u00f3n de una revista ser\u00e1 muy similar a crear contenido en un CMS propio.<\/p>\n<p>Por lo tanto, tendremos la posibilidad de crear un sitio propio, con un dominio propio y una p\u00e1gina web de referencia, o de incluir el contenido en alg\u00fan portal de publicaci\u00f3n en l\u00ednea, opciones que se suelen combinar de manera muy habitual.<\/p>\n<figure id=\"attachment_27\" aria-describedby=\"caption-attachment-27\" style=\"width: 800px\" class=\"wp-caption aligncenter\"><img loading=\"lazy\" class=\"alignnone size-full wp-image-27\" src=\"http:\/\/disseny-test.uoc.edu\/materials\/prod-digital\/wp-content\/uploads\/sites\/6\/2018\/01\/20015_008.jpg\" alt=\"Creaci\u00f3 d\u2019un article de revista per a Google Quiosc (Google Producer)\" width=\"800\" height=\"534\" srcset=\"http:\/\/disseny-test.uoc.edu\/materials\/prod-digital\/wp-content\/uploads\/sites\/6\/2018\/01\/20015_008.jpg 800w, http:\/\/disseny-test.uoc.edu\/materials\/prod-digital\/wp-content\/uploads\/sites\/6\/2018\/01\/20015_008-300x200.jpg 300w, http:\/\/disseny-test.uoc.edu\/materials\/prod-digital\/wp-content\/uploads\/sites\/6\/2018\/01\/20015_008-768x513.jpg 768w\" sizes=\"(max-width: 800px) 100vw, 800px\" \/><figcaption id=\"caption-attachment-27\" class=\"wp-caption-text\"><strong>Figura 8. <\/strong>Creaci\u00f3n de un art\u00edculo de revista para Google Kiosco (Google Producer)<\/figcaption><\/figure>\n","protected":false},"excerpt":{"rendered":"<p>Estas aplicaciones web permiten publicar contenido en l\u00ednea con control del formato y de las versiones de publicaci\u00f3n, generar una indexaci\u00f3n avanzada de este, el a\u00f1adido de contenido multimedia, y el uso de complementos para funcionalidades concretas (publicidad, redes sociales, tipolog\u00edas de contenido, etc.) en un entorno en l\u00ednea interactivo. Son sistemas como WordPress, muy [&hellip;]<\/p>\n","protected":false},"author":1,"featured_media":0,"parent":0,"menu_order":0,"comment_status":"closed","ping_status":"closed","template":"","meta":{"inline_featured_image":false},"acf":[],"_links":{"self":[{"href":"http:\/\/disseny-test.uoc.edu\/materials\/prod-digital\/es\/wp-json\/wp\/v2\/pages\/638"}],"collection":[{"href":"http:\/\/disseny-test.uoc.edu\/materials\/prod-digital\/es\/wp-json\/wp\/v2\/pages"}],"about":[{"href":"http:\/\/disseny-test.uoc.edu\/materials\/prod-digital\/es\/wp-json\/wp\/v2\/types\/page"}],"author":[{"embeddable":true,"href":"http:\/\/disseny-test.uoc.edu\/materials\/prod-digital\/es\/wp-json\/wp\/v2\/users\/1"}],"replies":[{"embeddable":true,"href":"http:\/\/disseny-test.uoc.edu\/materials\/prod-digital\/es\/wp-json\/wp\/v2\/comments?post=638"}],"version-history":[{"count":2,"href":"http:\/\/disseny-test.uoc.edu\/materials\/prod-digital\/es\/wp-json\/wp\/v2\/pages\/638\/revisions"}],"predecessor-version":[{"id":642,"href":"http:\/\/disseny-test.uoc.edu\/materials\/prod-digital\/es\/wp-json\/wp\/v2\/pages\/638\/revisions\/642"}],"wp:attachment":[{"href":"http:\/\/disseny-test.uoc.edu\/materials\/prod-digital\/es\/wp-json\/wp\/v2\/media?parent=638"}],"curies":[{"name":"wp","href":"https:\/\/api.w.org\/{rel}","templated":true}]}}