{"id":640,"date":"2018-01-29T16:51:33","date_gmt":"2018-01-29T16:51:33","guid":{"rendered":"http:\/\/disseny-test.uoc.edu\/materials\/prod-digital\/?page_id=640"},"modified":"2018-01-29T16:51:33","modified_gmt":"2018-01-29T16:51:33","slug":"2-3-3-pagina-web","status":"publish","type":"page","link":"http:\/\/disseny-test.uoc.edu\/materials\/prod-digital\/es\/2-3-3-pagina-web\/","title":{"rendered":"2.3.3. P\u00e1gina web"},"content":{"rendered":"<p>En la mayor\u00eda de los casos en los que queramos crear una publicaci\u00f3n en l\u00ednea, la opci\u00f3n del CMS ser\u00e1 m\u00e1s interesante que la de crear una p\u00e1gina web propia, ya sea desde cero o con un asistente. Para crear una p\u00e1gina web, no solo tendremos que dedicar m\u00e1s esfuerzos t\u00e9cnicos para crear el portal, sino que, adem\u00e1s, la publicaci\u00f3n habitual de contenido ser\u00e1 m\u00e1s compleja y requerir\u00e1 modificar el c\u00f3digo de la p\u00e1gina web.<\/p>\n<p>Solo en algunos casos muy concretos, por las condiciones t\u00e9cnicas de los CMS o por alguna necesidad muy particular que no podemos satisfacer con complementos (<em>plugins<\/em>), tendr\u00e1 sentido crear un portal propio para publicar una revista digital, algo que requerir\u00e1 una externalizaci\u00f3n del proyecto.<\/p>\n<p>Uno de los casos en los que puede ser interesante crear un portal web propio es aquel en el que, como hemos comentado anteriormente, tenemos la necesidad de ofrecer la publicaci\u00f3n para descargar en un archivo legible fuera de l\u00ednea, ya sea por la necesidad de mantener una proporci\u00f3n fija entre elementos o porque esta implica un alto peso de descarga y es poco \u00fatil manipularla en l\u00ednea. En este caso, crear un portal propio, que se mantendr\u00e1 invariable en el 90 % y en el que a\u00f1adiremos solo archivos para descargar creados y editados aparte, montar una web sencilla propia tiene m\u00e1s sentido. Ahora bien, esta web ser\u00e1 un portal de distribuci\u00f3n o descarga de contenidos, pero no ser\u00e1 la revista digital por s\u00ed misma. La revista ser\u00e1 el archivo descargable que cumplir\u00e1 los requisitos formales para ser una revista digital.<\/p>\n","protected":false},"excerpt":{"rendered":"<p>En la mayor\u00eda de los casos en los que queramos crear una publicaci\u00f3n en l\u00ednea, la opci\u00f3n del CMS ser\u00e1 m\u00e1s interesante que la de crear una p\u00e1gina web propia, ya sea desde cero o con un asistente. Para crear una p\u00e1gina web, no solo tendremos que dedicar m\u00e1s esfuerzos t\u00e9cnicos para crear el portal, [&hellip;]<\/p>\n","protected":false},"author":1,"featured_media":0,"parent":0,"menu_order":0,"comment_status":"closed","ping_status":"closed","template":"","meta":{"inline_featured_image":false},"acf":[],"_links":{"self":[{"href":"http:\/\/disseny-test.uoc.edu\/materials\/prod-digital\/es\/wp-json\/wp\/v2\/pages\/640"}],"collection":[{"href":"http:\/\/disseny-test.uoc.edu\/materials\/prod-digital\/es\/wp-json\/wp\/v2\/pages"}],"about":[{"href":"http:\/\/disseny-test.uoc.edu\/materials\/prod-digital\/es\/wp-json\/wp\/v2\/types\/page"}],"author":[{"embeddable":true,"href":"http:\/\/disseny-test.uoc.edu\/materials\/prod-digital\/es\/wp-json\/wp\/v2\/users\/1"}],"replies":[{"embeddable":true,"href":"http:\/\/disseny-test.uoc.edu\/materials\/prod-digital\/es\/wp-json\/wp\/v2\/comments?post=640"}],"version-history":[{"count":1,"href":"http:\/\/disseny-test.uoc.edu\/materials\/prod-digital\/es\/wp-json\/wp\/v2\/pages\/640\/revisions"}],"predecessor-version":[{"id":641,"href":"http:\/\/disseny-test.uoc.edu\/materials\/prod-digital\/es\/wp-json\/wp\/v2\/pages\/640\/revisions\/641"}],"wp:attachment":[{"href":"http:\/\/disseny-test.uoc.edu\/materials\/prod-digital\/es\/wp-json\/wp\/v2\/media?parent=640"}],"curies":[{"name":"wp","href":"https:\/\/api.w.org\/{rel}","templated":true}]}}