{"id":643,"date":"2018-01-29T16:54:56","date_gmt":"2018-01-29T16:54:56","guid":{"rendered":"http:\/\/disseny-test.uoc.edu\/materials\/prod-digital\/?page_id=643"},"modified":"2018-01-30T18:00:17","modified_gmt":"2018-01-30T18:00:17","slug":"2-3-4-pdf","status":"publish","type":"page","link":"http:\/\/disseny-test.uoc.edu\/materials\/prod-digital\/es\/2-3-4-pdf\/","title":{"rendered":"2.3.4. PDF"},"content":{"rendered":"<p>Todas las desventajas que hemos planteado en el punto sobre los libros digitales para el formato PDF pueden convertirse en beneficios si lo que queremos crear es una revista principalmente gr\u00e1fica, visual, en la que necesitamos garantizar una serie de disposiciones de los elementos independientemente del tama\u00f1o de la pantalla.<\/p>\n<figure id=\"attachment_28\" aria-describedby=\"caption-attachment-28\" style=\"width: 484px\" class=\"wp-caption aligncenter\"><img loading=\"lazy\" class=\"alignnone size-full wp-image-597\" src=\"http:\/\/disseny-test.uoc.edu\/materials\/prod-digital\/wp-content\/uploads\/sites\/6\/2018\/01\/20015_009-1.jpg\" alt=\"\" width=\"484\" height=\"747\" srcset=\"http:\/\/disseny-test.uoc.edu\/materials\/prod-digital\/wp-content\/uploads\/sites\/6\/2018\/01\/20015_009-1.jpg 484w, http:\/\/disseny-test.uoc.edu\/materials\/prod-digital\/wp-content\/uploads\/sites\/6\/2018\/01\/20015_009-1-194x300.jpg 194w\" sizes=\"(max-width: 484px) 100vw, 484px\" \/><figcaption id=\"caption-attachment-28\" class=\"wp-caption-text\"><strong>Figura 9.<\/strong> Creaci\u00f3n de revistas digitales en formatos descargables<\/figcaption><\/figure>\n<div class=\"featured featured-blue\"><p>Ya tenemos opciones en los formatos web y en EPUB para garantizar este aspecto usando otros formatos, pero la relaci\u00f3n de convivencia excelente entre el formato PDF y los editores visuales como InDesign o Scribus hace que PDF todav\u00eda sea muy usado como formato de descarga para las publicaciones digitales, en este caso, revistas.<\/p>\n<\/div>\n<p>Tambi\u00e9n es un formato que podemos usar como complementario de un contenido web, proporcionando el contenido de la revista en l\u00ednea y ofreci\u00e9ndolo para descargar en formato PDF. Sin embargo, en este caso, si ya tenemos el contenido en los lenguajes web, ser\u00e1 mucho m\u00e1s sencillo e interesante ofrecerlo en el formato EPUB.<\/p>\n<p>La industria editorial convencional contin\u00faa usando la pareja InDesign-PDF como uno de los elementos protagonistas en la creaci\u00f3n de contenidos, y por eso, a pesar de que la tendencia a los formatos web es clara, todav\u00eda podemos encontrar muchos proyectos que se basan en este formato fijo.<\/p>\n<p>No podemos olvidar, sin embargo, que las limitaciones que plante\u00e1bamos en el apartado <a href=\"http:\/\/disseny-test.uoc.edu\/materials\/prod-digital\/es\/2-2-4-pdf\/\" target=\"_blank\" rel=\"noopener\">2.2.4. PDF<\/a> respecto al dise\u00f1o adaptable, el acceso del sistema a los contenidos y el valor sem\u00e1ntico de los elementos que lo forman, etc. las heredaremos tambi\u00e9n si usamos este formato para una revista digital.<\/p>\n","protected":false},"excerpt":{"rendered":"<p>Todas las desventajas que hemos planteado en el punto sobre los libros digitales para el formato PDF pueden convertirse en beneficios si lo que queremos crear es una revista principalmente gr\u00e1fica, visual, en la que necesitamos garantizar una serie de disposiciones de los elementos independientemente del tama\u00f1o de la pantalla. Tambi\u00e9n es un formato que [&hellip;]<\/p>\n","protected":false},"author":1,"featured_media":0,"parent":0,"menu_order":0,"comment_status":"closed","ping_status":"closed","template":"","meta":{"inline_featured_image":false},"acf":[],"_links":{"self":[{"href":"http:\/\/disseny-test.uoc.edu\/materials\/prod-digital\/es\/wp-json\/wp\/v2\/pages\/643"}],"collection":[{"href":"http:\/\/disseny-test.uoc.edu\/materials\/prod-digital\/es\/wp-json\/wp\/v2\/pages"}],"about":[{"href":"http:\/\/disseny-test.uoc.edu\/materials\/prod-digital\/es\/wp-json\/wp\/v2\/types\/page"}],"author":[{"embeddable":true,"href":"http:\/\/disseny-test.uoc.edu\/materials\/prod-digital\/es\/wp-json\/wp\/v2\/users\/1"}],"replies":[{"embeddable":true,"href":"http:\/\/disseny-test.uoc.edu\/materials\/prod-digital\/es\/wp-json\/wp\/v2\/comments?post=643"}],"version-history":[{"count":2,"href":"http:\/\/disseny-test.uoc.edu\/materials\/prod-digital\/es\/wp-json\/wp\/v2\/pages\/643\/revisions"}],"predecessor-version":[{"id":1101,"href":"http:\/\/disseny-test.uoc.edu\/materials\/prod-digital\/es\/wp-json\/wp\/v2\/pages\/643\/revisions\/1101"}],"wp:attachment":[{"href":"http:\/\/disseny-test.uoc.edu\/materials\/prod-digital\/es\/wp-json\/wp\/v2\/media?parent=643"}],"curies":[{"name":"wp","href":"https:\/\/api.w.org\/{rel}","templated":true}]}}