{"id":646,"date":"2018-01-29T16:56:16","date_gmt":"2018-01-29T16:56:16","guid":{"rendered":"http:\/\/disseny-test.uoc.edu\/materials\/prod-digital\/?page_id=646"},"modified":"2018-01-29T16:56:16","modified_gmt":"2018-01-29T16:56:16","slug":"2-3-5-revistas-en-formato-aplicacion","status":"publish","type":"page","link":"http:\/\/disseny-test.uoc.edu\/materials\/prod-digital\/es\/2-3-5-revistas-en-formato-aplicacion\/","title":{"rendered":"2.3.5. Revistas en formato aplicaci\u00f3n"},"content":{"rendered":"<figure id=\"attachment_29\" aria-describedby=\"caption-attachment-29\" style=\"width: 800px\" class=\"wp-caption aligncenter\"><img loading=\"lazy\" class=\"alignnone size-full wp-image-29\" src=\"http:\/\/disseny-test.uoc.edu\/materials\/prod-digital\/wp-content\/uploads\/sites\/6\/2018\/01\/20015_010.jpg\" alt=\"Publicaci\u00f3 d\u2019exemple pageflip.io\" width=\"800\" height=\"450\" srcset=\"http:\/\/disseny-test.uoc.edu\/materials\/prod-digital\/wp-content\/uploads\/sites\/6\/2018\/01\/20015_010.jpg 800w, http:\/\/disseny-test.uoc.edu\/materials\/prod-digital\/wp-content\/uploads\/sites\/6\/2018\/01\/20015_010-300x169.jpg 300w, http:\/\/disseny-test.uoc.edu\/materials\/prod-digital\/wp-content\/uploads\/sites\/6\/2018\/01\/20015_010-768x432.jpg 768w\" sizes=\"(max-width: 800px) 100vw, 800px\" \/><figcaption id=\"caption-attachment-29\" class=\"wp-caption-text\"><strong>Figura 10.<\/strong> Publicaci\u00f3n de ejemplo pageflip.io<\/figcaption><\/figure>\n<p>Tenemos a nuestra disposici\u00f3n diferentes aplicaciones para crear lo que se suele denominar <strong><em>flipbooks<\/em><\/strong>, aplicaciones que empaquetan un contenido en un marco autoejecutable que permite crear efectos y transiciones interesantes, y usar recursos de programaci\u00f3n y visualizaci\u00f3n m\u00e1s dif\u00edciles en otros formatos. Estas aplicaciones, despu\u00e9s de usar un asistente WYSIWYG (<em>what you see is what you get<\/em>), nos proporcionar\u00e1n un archivo descargable, o de ejecuci\u00f3n en l\u00ednea, que recoger\u00e1 el contenido de nuestra revista.<\/p>\n<p>El problema aqu\u00ed es que los sistemas inform\u00e1ticos no podr\u00e1n indexar este contenido, ni manipularlo, ni capturar los metadatos del contenido o el marcado sem\u00e1ntico (en muchos casos, inexistente). Por lo tanto, ser\u00e1 un contenido opaco para otros sistemas inform\u00e1ticos, y esta opacidad es claramente poco eficiente teniendo en cuenta las caracter\u00edsticas de presente y futuro que hemos planteado para el ecosistema digital editorial.<\/p>\n<p>Las aplicaciones inform\u00e1ticas, generalmente, sobre todo si son nativas, pasan por un proceso de compilaci\u00f3n que hace que su c\u00f3digo y el contenido que las forman queden inaccesibles para otros sistemas, y no por un proceso complejo de descompilaci\u00f3n. Es cierto, sin embargo, que las \u00faltimas versiones de este tipo de propuestas han empezado a usar HTML 5 (lenguaje web) para crearlas, de forma que hacen que el contenido sea m\u00e1s accesible y tenga un marcado sem\u00e1ntico m\u00e1s sostenible. Aun as\u00ed, el trabajo sobre asistentes, y la necesidad de usar lenguajes de programaci\u00f3n como Javascript para muchas funcionalidades, crean un c\u00f3digo mucho m\u00e1s complejo que el que obtenemos con los lenguajes de marcado sem\u00e1ntico y el uso de formatos como EPUB.<\/p>\n<div class=\"featured featured-blue\"><p>Solo en el caso de algunas publicaciones muy concretas, revistas muy visuales, o en las que tenemos la necesidad de crear un contenido r\u00e1pidamente puede ser interesante usar este formato que, considerando la evoluci\u00f3n de los est\u00e1ndares para la publicaci\u00f3n editorial digital, es poco apropiado en la mayor\u00eda de los casos.<\/p>\n<\/div>\n","protected":false},"excerpt":{"rendered":"<p>Tenemos a nuestra disposici\u00f3n diferentes aplicaciones para crear lo que se suele denominar flipbooks, aplicaciones que empaquetan un contenido en un marco autoejecutable que permite crear efectos y transiciones interesantes, y usar recursos de programaci\u00f3n y visualizaci\u00f3n m\u00e1s dif\u00edciles en otros formatos. Estas aplicaciones, despu\u00e9s de usar un asistente WYSIWYG (what you see is what [&hellip;]<\/p>\n","protected":false},"author":1,"featured_media":0,"parent":0,"menu_order":0,"comment_status":"closed","ping_status":"closed","template":"","meta":{"inline_featured_image":false},"acf":[],"_links":{"self":[{"href":"http:\/\/disseny-test.uoc.edu\/materials\/prod-digital\/es\/wp-json\/wp\/v2\/pages\/646"}],"collection":[{"href":"http:\/\/disseny-test.uoc.edu\/materials\/prod-digital\/es\/wp-json\/wp\/v2\/pages"}],"about":[{"href":"http:\/\/disseny-test.uoc.edu\/materials\/prod-digital\/es\/wp-json\/wp\/v2\/types\/page"}],"author":[{"embeddable":true,"href":"http:\/\/disseny-test.uoc.edu\/materials\/prod-digital\/es\/wp-json\/wp\/v2\/users\/1"}],"replies":[{"embeddable":true,"href":"http:\/\/disseny-test.uoc.edu\/materials\/prod-digital\/es\/wp-json\/wp\/v2\/comments?post=646"}],"version-history":[{"count":1,"href":"http:\/\/disseny-test.uoc.edu\/materials\/prod-digital\/es\/wp-json\/wp\/v2\/pages\/646\/revisions"}],"predecessor-version":[{"id":647,"href":"http:\/\/disseny-test.uoc.edu\/materials\/prod-digital\/es\/wp-json\/wp\/v2\/pages\/646\/revisions\/647"}],"wp:attachment":[{"href":"http:\/\/disseny-test.uoc.edu\/materials\/prod-digital\/es\/wp-json\/wp\/v2\/media?parent=646"}],"curies":[{"name":"wp","href":"https:\/\/api.w.org\/{rel}","templated":true}]}}