{"id":648,"date":"2018-01-29T16:57:22","date_gmt":"2018-01-29T16:57:22","guid":{"rendered":"http:\/\/disseny-test.uoc.edu\/materials\/prod-digital\/?page_id=648"},"modified":"2018-01-29T16:57:22","modified_gmt":"2018-01-29T16:57:22","slug":"2-4-documentos-digitales-concretos-formatos","status":"publish","type":"page","link":"http:\/\/disseny-test.uoc.edu\/materials\/prod-digital\/es\/2-4-documentos-digitales-concretos-formatos\/","title":{"rendered":"2.4. Documentos digitales \u00abconcretos\u00bb: formatos"},"content":{"rendered":"<p>Hemos creado esta categor\u00eda gen\u00e9rica para recoger otros documentos que no son libros ni revistas digitales y que a veces tienen relaci\u00f3n con la producci\u00f3n editorial digital, a pesar de que tambi\u00e9n se asocian al dise\u00f1o gr\u00e1fico de publicaciones.<\/p>\n<p>En este caso nos referimos a cat\u00e1logos de productos, cat\u00e1logos de obras de arte, libros de exposiciones, l\u00e1minas, c\u00f3mics, etc.<\/p>\n<div class=\"featured featured-blue\"><p>En la mayor\u00eda de los casos, son documentos en los que el texto no es protagonista y en los que el dise\u00f1o gr\u00e1fico de la publicaci\u00f3n es central para transmitir correctamente el mensaje y para cumplir el objetivo de la publicaci\u00f3n.<\/p>\n<\/div>\n<p>Teniendo en cuenta esta caracter\u00edstica principal, solemos usar formatos fijos para crear este tipo de documentos, sobre todo PDF, entre otros motivos porque son publicaciones que se ofrecen normalmente tambi\u00e9n en papel. As\u00ed, a pesar de que, como ya hemos insistido anteriormente, la tendencia hacia los formatos web y el uso de lenguajes de marcado sem\u00e1ntico y estilado es cada vez m\u00e1s habitual en este tipo de publicaciones, la transici\u00f3n hacia estos es todav\u00eda incipiente en algunos sectores comerciales.<\/p>\n<p>En el supuesto de que debamos producir una publicaci\u00f3n de este tipo, ser\u00e1 indispensable tener en cuenta si esta ser\u00e1 imprimida en papel o no; en el supuesto de que lo sea, deberemos usar un formato como PDF que nos permita mantener el aspecto de la publicaci\u00f3n cuando lo imprimimos. La versi\u00f3n digital de este contenido, normalmente, para no pasar por un proceso de reconversi\u00f3n, se ofrecer\u00e1 tambi\u00e9n en PDF para descargar o visualizar en l\u00ednea.<\/p>\n<p>El proceso de creaci\u00f3n de este tipo de documentos ser\u00e1 el mismo que se utiliza para desarrollar publicaciones fijas con InDesign o Scribus, sean estos libros digitales visuales o revistas.<\/p>\n<p>Evidentemente, si tenemos la opci\u00f3n de ofrecer este tipo de documentos en l\u00ednea, y no dependemos de la posici\u00f3n fija de los elementos, ser\u00e1 posible usar formatos como EPUB o publicar el contenido en l\u00ednea utilizando los lenguajes para la web. De nuevo, de la tipolog\u00eda del contenido, y de las v\u00edas de distribuci\u00f3n y publicaci\u00f3n de este, depender\u00e1 su elecci\u00f3n t\u00e9cnica sobre el formato y las herramientas de creaci\u00f3n.<\/p>\n","protected":false},"excerpt":{"rendered":"<p>Hemos creado esta categor\u00eda gen\u00e9rica para recoger otros documentos que no son libros ni revistas digitales y que a veces tienen relaci\u00f3n con la producci\u00f3n editorial digital, a pesar de que tambi\u00e9n se asocian al dise\u00f1o gr\u00e1fico de publicaciones. En este caso nos referimos a cat\u00e1logos de productos, cat\u00e1logos de obras de arte, libros de [&hellip;]<\/p>\n","protected":false},"author":1,"featured_media":0,"parent":0,"menu_order":0,"comment_status":"closed","ping_status":"closed","template":"","meta":{"inline_featured_image":false},"acf":[],"_links":{"self":[{"href":"http:\/\/disseny-test.uoc.edu\/materials\/prod-digital\/es\/wp-json\/wp\/v2\/pages\/648"}],"collection":[{"href":"http:\/\/disseny-test.uoc.edu\/materials\/prod-digital\/es\/wp-json\/wp\/v2\/pages"}],"about":[{"href":"http:\/\/disseny-test.uoc.edu\/materials\/prod-digital\/es\/wp-json\/wp\/v2\/types\/page"}],"author":[{"embeddable":true,"href":"http:\/\/disseny-test.uoc.edu\/materials\/prod-digital\/es\/wp-json\/wp\/v2\/users\/1"}],"replies":[{"embeddable":true,"href":"http:\/\/disseny-test.uoc.edu\/materials\/prod-digital\/es\/wp-json\/wp\/v2\/comments?post=648"}],"version-history":[{"count":1,"href":"http:\/\/disseny-test.uoc.edu\/materials\/prod-digital\/es\/wp-json\/wp\/v2\/pages\/648\/revisions"}],"predecessor-version":[{"id":649,"href":"http:\/\/disseny-test.uoc.edu\/materials\/prod-digital\/es\/wp-json\/wp\/v2\/pages\/648\/revisions\/649"}],"wp:attachment":[{"href":"http:\/\/disseny-test.uoc.edu\/materials\/prod-digital\/es\/wp-json\/wp\/v2\/media?parent=648"}],"curies":[{"name":"wp","href":"https:\/\/api.w.org\/{rel}","templated":true}]}}