{"id":650,"date":"2018-01-30T07:48:00","date_gmt":"2018-01-30T07:48:00","guid":{"rendered":"http:\/\/disseny-test.uoc.edu\/materials\/prod-digital\/?page_id=650"},"modified":"2018-01-30T07:48:00","modified_gmt":"2018-01-30T07:48:00","slug":"3-1-introduccion","status":"publish","type":"page","link":"http:\/\/disseny-test.uoc.edu\/materials\/prod-digital\/es\/3-1-introduccion\/","title":{"rendered":"3.1. Introducci\u00f3n"},"content":{"rendered":"<p>Despu\u00e9s de describir las diferentes opciones que tenemos para publicar contenidos editoriales digitales, los objetos posibles, los formatos adecuados y las consideraciones previas que hay que tener en cuenta, es el momento de entrar a plantear el flujo de trabajo id\u00f3neo (<em>workflow<\/em>) para desarrollar estos tipos de publicaciones los lenguajes y las herramientas necesarias para crearlas.<\/p>\n<p>A lo largo de los puntos anteriores, ya hemos ido presentando algunas de las herramientas y lenguajes que describiremos a continuaci\u00f3n, pero ahora es importante ver cu\u00e1les son sus funciones y en qu\u00e9 casos tenemos que usar unas u otros para conseguir un resultado adecuado a los objetivos de la publicaci\u00f3n. As\u00ed, describiremos las fases por las que debe pasar un contenido para ser publicado digitalmente, y las diferentes opciones t\u00e9cnicas que tendremos que elegir en el proceso de creaci\u00f3n.<\/p>\n<table>\n<thead>\n<tr>\n<th colspan=\"2\">Fases de creaci\u00f3n<\/th>\n<\/tr>\n<\/thead>\n<tbody>\n<tr>\n<th>\u00a0Primera fase<\/th>\n<td>Revisi\u00f3n y verificaci\u00f3n de los contenidos y de su integridad.<\/td>\n<\/tr>\n<tr>\n<th>\u00a0Segunda fase<\/th>\n<td>Elecci\u00f3n del formato de publicaci\u00f3n (formato \u00fanico frente a multiformato).<\/td>\n<\/tr>\n<tr>\n<th>Tercera fase<\/th>\n<td>Producci\u00f3n\/creaci\u00f3n.<\/td>\n<\/tr>\n<tr>\n<th>\u00a0Cuarta fase<\/th>\n<td>Test y depuraci\u00f3n.<\/td>\n<\/tr>\n<\/tbody>\n<\/table>\n<p>&nbsp;<\/p>\n","protected":false},"excerpt":{"rendered":"<p>Despu\u00e9s de describir las diferentes opciones que tenemos para publicar contenidos editoriales digitales, los objetos posibles, los formatos adecuados y las consideraciones previas que hay que tener en cuenta, es el momento de entrar a plantear el flujo de trabajo id\u00f3neo (workflow) para desarrollar estos tipos de publicaciones los lenguajes y las herramientas necesarias para [&hellip;]<\/p>\n","protected":false},"author":1,"featured_media":0,"parent":0,"menu_order":0,"comment_status":"closed","ping_status":"closed","template":"","meta":{"inline_featured_image":false},"acf":[],"_links":{"self":[{"href":"http:\/\/disseny-test.uoc.edu\/materials\/prod-digital\/es\/wp-json\/wp\/v2\/pages\/650"}],"collection":[{"href":"http:\/\/disseny-test.uoc.edu\/materials\/prod-digital\/es\/wp-json\/wp\/v2\/pages"}],"about":[{"href":"http:\/\/disseny-test.uoc.edu\/materials\/prod-digital\/es\/wp-json\/wp\/v2\/types\/page"}],"author":[{"embeddable":true,"href":"http:\/\/disseny-test.uoc.edu\/materials\/prod-digital\/es\/wp-json\/wp\/v2\/users\/1"}],"replies":[{"embeddable":true,"href":"http:\/\/disseny-test.uoc.edu\/materials\/prod-digital\/es\/wp-json\/wp\/v2\/comments?post=650"}],"version-history":[{"count":1,"href":"http:\/\/disseny-test.uoc.edu\/materials\/prod-digital\/es\/wp-json\/wp\/v2\/pages\/650\/revisions"}],"predecessor-version":[{"id":651,"href":"http:\/\/disseny-test.uoc.edu\/materials\/prod-digital\/es\/wp-json\/wp\/v2\/pages\/650\/revisions\/651"}],"wp:attachment":[{"href":"http:\/\/disseny-test.uoc.edu\/materials\/prod-digital\/es\/wp-json\/wp\/v2\/media?parent=650"}],"curies":[{"name":"wp","href":"https:\/\/api.w.org\/{rel}","templated":true}]}}