{"id":652,"date":"2018-01-30T07:49:54","date_gmt":"2018-01-30T07:49:54","guid":{"rendered":"http:\/\/disseny-test.uoc.edu\/materials\/prod-digital\/?page_id=652"},"modified":"2018-01-30T07:49:54","modified_gmt":"2018-01-30T07:49:54","slug":"3-2-primera-fase-revision-y-verificacion","status":"publish","type":"page","link":"http:\/\/disseny-test.uoc.edu\/materials\/prod-digital\/es\/3-2-primera-fase-revision-y-verificacion\/","title":{"rendered":"3.2. Primera fase: revisi\u00f3n y verificaci\u00f3n"},"content":{"rendered":"<p>Es muy importante dejar claro, antes de avanzar hacia la creaci\u00f3n t\u00e9cnica, que los contenidos tienen que cumplir siempre unos m\u00ednimos de calidad para poder ser distribuidos de acuerdo con los est\u00e1ndares del mercado. No es extra\u00f1o ver un gran n\u00famero de publicaciones digitales, normalmente amateurs, en las que hay muchos errores tipogr\u00e1ficos, el texto ha perdido la integridad a la hora de ser digitalizado, o el trabajo \u2013tan habitual en la industria editorial en papel\u2013 de los editores, correctores y traductores se ha sustituido de manera chapucera por herramientas digitales: correctores ortogr\u00e1ficos, traductores autom\u00e1ticos, etc., con un resultado que es totalmente inaceptable e insuficiente para publicar un contenido comercial.<\/p>\n<div class=\"featured featured-blue\"><p>La primera fase de todo proyecto de producci\u00f3n editorial, del tipo que sea, es el proceso de revisi\u00f3n del contenido y verificaci\u00f3n de su integridad, tanto en lo que respecta al contenido textual como a los recursos multimedia: im\u00e1genes, v\u00eddeo, etc.<\/p>\n<\/div>\n<ol>\n<li><strong>Verificaci\u00f3n y correcci\u00f3n del texto original (creaci\u00f3n del autor)<\/strong>\n<ul>\n<li>Ortograf\u00eda<\/li>\n<li>Tipograf\u00eda<\/li>\n<li>Compleci\u00f3n<\/li>\n<\/ul>\n<\/li>\n<li><strong>Verificaci\u00f3n de la integridad del texto digital original<\/strong>\n<ul>\n<li>P\u00e9rdida de contenidos<\/li>\n<li>Saltos de l\u00ednea no deseados<\/li>\n<li>Espacios\/l\u00edneas en blanco<\/li>\n<li>Estilos heredados de formatos anteriores, etc. (sobre todo, editores de textos)<\/li>\n<\/ul>\n<\/li>\n<li><strong> Verificaci\u00f3n de la integridad de los contenidos extra (im\u00e1genes, v\u00eddeos, etc.)<\/strong>\n<ul>\n<li>Verificaci\u00f3n del formato de los contenidos (\u00bftenemos los contenidos extra en formatos utilizables en funci\u00f3n de la publicaci\u00f3n que queremos crear y el sistema t\u00e9cnico elegido?)<\/li>\n<li>Verificaci\u00f3n de la integridad de los contenidos (resoluci\u00f3n, tama\u00f1o, m\u00e1rgenes, peso, etc.)<\/li>\n<\/ul>\n<\/li>\n<\/ol>\n<p>Esta primera fase inicial, imprescindible en cualquier proyecto editorial digital, se tendr\u00e1 que llevar a cabo siempre y de manera independiente del objeto que hay que desarrollar o el formato elegido para hacerlo.<\/p>\n<div class=\"featured featured-blue\"><p>Es muy importante que esta fase sea previa al desarrollo t\u00e9cnico del proyecto.<\/p>\n<\/div>\n<p>Si empezamos a editar un contenido que no hemos verificado previamente, y lo transformamos en un lenguaje de marcado sem\u00e1ntico como HTML, nos ser\u00e1 mucho m\u00e1s complicado verificarlo <em>a posteriori<\/em> y, muy probablemente, los errores en el texto nos provocar\u00e1n errores en la creaci\u00f3n del c\u00f3digo.<\/p>\n","protected":false},"excerpt":{"rendered":"<p>Es muy importante dejar claro, antes de avanzar hacia la creaci\u00f3n t\u00e9cnica, que los contenidos tienen que cumplir siempre unos m\u00ednimos de calidad para poder ser distribuidos de acuerdo con los est\u00e1ndares del mercado. No es extra\u00f1o ver un gran n\u00famero de publicaciones digitales, normalmente amateurs, en las que hay muchos errores tipogr\u00e1ficos, el texto [&hellip;]<\/p>\n","protected":false},"author":1,"featured_media":0,"parent":0,"menu_order":0,"comment_status":"closed","ping_status":"closed","template":"","meta":{"inline_featured_image":false},"acf":[],"_links":{"self":[{"href":"http:\/\/disseny-test.uoc.edu\/materials\/prod-digital\/es\/wp-json\/wp\/v2\/pages\/652"}],"collection":[{"href":"http:\/\/disseny-test.uoc.edu\/materials\/prod-digital\/es\/wp-json\/wp\/v2\/pages"}],"about":[{"href":"http:\/\/disseny-test.uoc.edu\/materials\/prod-digital\/es\/wp-json\/wp\/v2\/types\/page"}],"author":[{"embeddable":true,"href":"http:\/\/disseny-test.uoc.edu\/materials\/prod-digital\/es\/wp-json\/wp\/v2\/users\/1"}],"replies":[{"embeddable":true,"href":"http:\/\/disseny-test.uoc.edu\/materials\/prod-digital\/es\/wp-json\/wp\/v2\/comments?post=652"}],"version-history":[{"count":1,"href":"http:\/\/disseny-test.uoc.edu\/materials\/prod-digital\/es\/wp-json\/wp\/v2\/pages\/652\/revisions"}],"predecessor-version":[{"id":653,"href":"http:\/\/disseny-test.uoc.edu\/materials\/prod-digital\/es\/wp-json\/wp\/v2\/pages\/652\/revisions\/653"}],"wp:attachment":[{"href":"http:\/\/disseny-test.uoc.edu\/materials\/prod-digital\/es\/wp-json\/wp\/v2\/media?parent=652"}],"curies":[{"name":"wp","href":"https:\/\/api.w.org\/{rel}","templated":true}]}}