{"id":654,"date":"2018-01-30T07:51:08","date_gmt":"2018-01-30T07:51:08","guid":{"rendered":"http:\/\/disseny-test.uoc.edu\/materials\/prod-digital\/?page_id=654"},"modified":"2018-01-30T07:52:20","modified_gmt":"2018-01-30T07:52:20","slug":"3-3-1-introduccion","status":"publish","type":"page","link":"http:\/\/disseny-test.uoc.edu\/materials\/prod-digital\/es\/3-3-1-introduccion\/","title":{"rendered":"3.3.1. Introducci\u00f3n"},"content":{"rendered":"<p>Como hemos visto anteriormente, la elecci\u00f3n del formato de una publicaci\u00f3n no es una decisi\u00f3n que se pueda tomar sin una etapa reflexiva que determine qu\u00e9 tipo de objeto queremos crear, y d\u00f3nde y c\u00f3mo lo queremos distribuir. Hemos ido planteando los condicionales necesarios para tomar estas decisiones, y ser\u00e1 cada cual, a partir de las variables de cada proyecto, quien tendr\u00e1 que tomar una decisi\u00f3n respecto del formato de salida de una publicaci\u00f3n y de si este es exclusivo, o si la publicaremos en multiformato. A lo largo de este punto, iremos exponiendo diferentes mapas conceptuales que ayudan a ver gr\u00e1ficamente lo que hemos planteado anteriormente y que simplifican el proceso de toma de decisiones tanto conceptuales como t\u00e9cnicas.<\/p>\n<figure id=\"attachment_78\" aria-describedby=\"caption-attachment-78\" style=\"width: 640px\" class=\"wp-caption aligncenter\"><img loading=\"lazy\" class=\"alignnone size-full wp-image-598\" src=\"http:\/\/disseny-test.uoc.edu\/materials\/prod-digital\/wp-content\/uploads\/sites\/6\/2018\/01\/20015_011-1.jpg\" alt=\"\" width=\"640\" height=\"327\" srcset=\"http:\/\/disseny-test.uoc.edu\/materials\/prod-digital\/wp-content\/uploads\/sites\/6\/2018\/01\/20015_011-1.jpg 640w, http:\/\/disseny-test.uoc.edu\/materials\/prod-digital\/wp-content\/uploads\/sites\/6\/2018\/01\/20015_011-1-300x153.jpg 300w\" sizes=\"(max-width: 640px) 100vw, 640px\" \/><figcaption id=\"caption-attachment-78\" class=\"wp-caption-text\"><strong>Figura 11.<\/strong> Formatos para crear producciones editoriales digitales<\/figcaption><\/figure>\n<p>La figura 11 muestra, a grandes rasgos, todas las opciones disponibles para publicar contenido editorial digital seg\u00fan el ecosistema digital actual. Sin embargo, es muy probable que se pueda objetar que hay m\u00e1s formatos en los que es posible distribuir este tipo de contenidos, y es cierto que o son formatos ya muy poco usados, o presentan dificultades e inconvenientes t\u00e9cnicos demasiado significativos como para construir un proyecto editorial factible.<\/p>\n<p>Con estos formatos, cubrimos todo el espectro comercial de las publicaciones digitales y podemos llegar a todos los mercados existentes con garant\u00edas t\u00e9cnicas suficientes. Ahora nos tocar\u00e1 decidir, en funci\u00f3n de los recursos disponibles (tambi\u00e9n del tiempo), si pretendemos publicar un contenido en un solo formato o en varios.<\/p>\n","protected":false},"excerpt":{"rendered":"<p>Como hemos visto anteriormente, la elecci\u00f3n del formato de una publicaci\u00f3n no es una decisi\u00f3n que se pueda tomar sin una etapa reflexiva que determine qu\u00e9 tipo de objeto queremos crear, y d\u00f3nde y c\u00f3mo lo queremos distribuir. Hemos ido planteando los condicionales necesarios para tomar estas decisiones, y ser\u00e1 cada cual, a partir de [&hellip;]<\/p>\n","protected":false},"author":1,"featured_media":0,"parent":0,"menu_order":0,"comment_status":"closed","ping_status":"closed","template":"","meta":{"inline_featured_image":false},"acf":[],"_links":{"self":[{"href":"http:\/\/disseny-test.uoc.edu\/materials\/prod-digital\/es\/wp-json\/wp\/v2\/pages\/654"}],"collection":[{"href":"http:\/\/disseny-test.uoc.edu\/materials\/prod-digital\/es\/wp-json\/wp\/v2\/pages"}],"about":[{"href":"http:\/\/disseny-test.uoc.edu\/materials\/prod-digital\/es\/wp-json\/wp\/v2\/types\/page"}],"author":[{"embeddable":true,"href":"http:\/\/disseny-test.uoc.edu\/materials\/prod-digital\/es\/wp-json\/wp\/v2\/users\/1"}],"replies":[{"embeddable":true,"href":"http:\/\/disseny-test.uoc.edu\/materials\/prod-digital\/es\/wp-json\/wp\/v2\/comments?post=654"}],"version-history":[{"count":2,"href":"http:\/\/disseny-test.uoc.edu\/materials\/prod-digital\/es\/wp-json\/wp\/v2\/pages\/654\/revisions"}],"predecessor-version":[{"id":658,"href":"http:\/\/disseny-test.uoc.edu\/materials\/prod-digital\/es\/wp-json\/wp\/v2\/pages\/654\/revisions\/658"}],"wp:attachment":[{"href":"http:\/\/disseny-test.uoc.edu\/materials\/prod-digital\/es\/wp-json\/wp\/v2\/media?parent=654"}],"curies":[{"name":"wp","href":"https:\/\/api.w.org\/{rel}","templated":true}]}}