{"id":656,"date":"2018-01-30T07:52:05","date_gmt":"2018-01-30T07:52:05","guid":{"rendered":"http:\/\/disseny-test.uoc.edu\/materials\/prod-digital\/?page_id=656"},"modified":"2018-01-30T07:52:22","modified_gmt":"2018-01-30T07:52:22","slug":"3-3-2-formato-unico-frente-a-multiformato","status":"publish","type":"page","link":"http:\/\/disseny-test.uoc.edu\/materials\/prod-digital\/es\/3-3-2-formato-unico-frente-a-multiformato\/","title":{"rendered":"3.3.2. Formato \u00fanico frente a multiformato"},"content":{"rendered":"<p>En muchos casos, no ser\u00e1 posible ofrecer un contenido editorial digital en diferentes formatos, ya sea por una decisi\u00f3n empresarial o t\u00e9cnica, por la falta de recursos o por el simple hecho de tener que hacer encajar el proyecto con las predilecciones de un p\u00fablico externo (un cliente, por ejemplo). En otros, sin embargo, y siempre que esto sea posible es una buena idea hacerlo, podremos crear el contenido en diferentes formatos y transformar el mapa anterior de decisiones en un mapa de opciones en el que intentaremos maximizar la compatibilidad del contenido ofreci\u00e9ndolo en los diferentes formatos mayoritarios.<\/p>\n<p>De este modo, cuando se crea un libro digital, si no se tiene la intenci\u00f3n de acceder al programa de exclusividad de alguna empresa (Amazon, Google, etc.), la v\u00eda para maximizar la penetraci\u00f3n de mercado del producto, de llegar al m\u00e1ximo n\u00famero de lectores y potenciales compradores del libro, ser\u00e1 editar el contenido en el formato KF8 para poder acceder al mercado de venta de Amazon, pero tambi\u00e9n hacer un EPUB del mismo para acceder al resto de los mercados (Google, Apple, etc.).<\/p>\n<p>En el caso de las revistas digitales, como veremos en el apartado sobre modelos de negocio y plataformas de publicaci\u00f3n editorial digital, si tenemos la opci\u00f3n de ofrecer el contenido en una p\u00e1gina web, al mismo tiempo que facilitamos su descarga e incorporamos el contenido en plataformas externas de lectura, maximizaremos la expansi\u00f3n de la publicaci\u00f3n y podremos acceder a diferentes modelos de negocio asociados al mismo contenido (publicidad por clic, venta de ejemplares, suscripciones, etc.).<\/p>\n<p>Ahora bien, el proceso de creaci\u00f3n de un contenido en multiformato es m\u00e1s complejo y, normalmente, m\u00e1s lento que la creaci\u00f3n en un formato \u00fanico.<\/p>\n<div class=\"featured featured-blue\"><p>Para maximizar la eficiencia de la producci\u00f3n de un contenido digital, es importante que tomemos la decisi\u00f3n sobre el formato o formatos en los que ofreceremos un contenido ya en esta segunda fase del proceso de producci\u00f3n.<\/p>\n<\/div>\n<p>De este modo, podremos arreglar los procesos t\u00e9cnicos de tal manera que sigan un orden l\u00f3gico, atendiendo a las caracter\u00edsticas y requisitos t\u00e9cnicos que nos pide cada formato.<\/p>\n","protected":false},"excerpt":{"rendered":"<p>En muchos casos, no ser\u00e1 posible ofrecer un contenido editorial digital en diferentes formatos, ya sea por una decisi\u00f3n empresarial o t\u00e9cnica, por la falta de recursos o por el simple hecho de tener que hacer encajar el proyecto con las predilecciones de un p\u00fablico externo (un cliente, por ejemplo). En otros, sin embargo, y [&hellip;]<\/p>\n","protected":false},"author":1,"featured_media":0,"parent":0,"menu_order":0,"comment_status":"closed","ping_status":"closed","template":"","meta":{"inline_featured_image":false},"acf":[],"_links":{"self":[{"href":"http:\/\/disseny-test.uoc.edu\/materials\/prod-digital\/es\/wp-json\/wp\/v2\/pages\/656"}],"collection":[{"href":"http:\/\/disseny-test.uoc.edu\/materials\/prod-digital\/es\/wp-json\/wp\/v2\/pages"}],"about":[{"href":"http:\/\/disseny-test.uoc.edu\/materials\/prod-digital\/es\/wp-json\/wp\/v2\/types\/page"}],"author":[{"embeddable":true,"href":"http:\/\/disseny-test.uoc.edu\/materials\/prod-digital\/es\/wp-json\/wp\/v2\/users\/1"}],"replies":[{"embeddable":true,"href":"http:\/\/disseny-test.uoc.edu\/materials\/prod-digital\/es\/wp-json\/wp\/v2\/comments?post=656"}],"version-history":[{"count":2,"href":"http:\/\/disseny-test.uoc.edu\/materials\/prod-digital\/es\/wp-json\/wp\/v2\/pages\/656\/revisions"}],"predecessor-version":[{"id":659,"href":"http:\/\/disseny-test.uoc.edu\/materials\/prod-digital\/es\/wp-json\/wp\/v2\/pages\/656\/revisions\/659"}],"wp:attachment":[{"href":"http:\/\/disseny-test.uoc.edu\/materials\/prod-digital\/es\/wp-json\/wp\/v2\/media?parent=656"}],"curies":[{"name":"wp","href":"https:\/\/api.w.org\/{rel}","templated":true}]}}