{"id":660,"date":"2018-01-30T07:53:37","date_gmt":"2018-01-30T07:53:37","guid":{"rendered":"http:\/\/disseny-test.uoc.edu\/materials\/prod-digital\/?page_id=660"},"modified":"2018-01-30T07:53:37","modified_gmt":"2018-01-30T07:53:37","slug":"3-4-1-introduccion","status":"publish","type":"page","link":"http:\/\/disseny-test.uoc.edu\/materials\/prod-digital\/es\/3-4-1-introduccion\/","title":{"rendered":"3.4.1. Introducci\u00f3n"},"content":{"rendered":"<p>En este momento del proceso no solo ya tenemos claro qu\u00e9 objeto queremos producir \u2013un libro digital, una revista, un documento, etc.\u2013, sino que hemos determinado en qu\u00e9 formato o formatos queremos crearlo y en qu\u00e9 ecosistemas deseamos distribuirlo. Por lo tanto, ya sabemos si queremos crear un libro digital solo para el ecosistema de Amazon, o si deseamos crear una revista digital en l\u00ednea con la ayuda de un gestor de contenidos como WordPress.<\/p>\n<p>Como es evidente, las diferencias entre el proceso t\u00e9cnico de creaci\u00f3n de un libro digital para Amazon y el de configuraci\u00f3n y uso de un CMS para publicar una revista digital en l\u00ednea son muy significativas, pero si atendemos a las fases conceptuales de este proceso, y a los requisitos que todas las publicaciones tienen que cumplir, nos daremos cuenta de que tambi\u00e9n hay muchas similitudes en los procesos que es necesario llevar a cabo. Las herramientas ser\u00e1n diferentes, los lenguajes t\u00e9cnicos normalmente tambi\u00e9n, pero encontraremos muchos puntos en com\u00fan que nos ayudar\u00e1n a entender el funcionamiento de cada sistema y, a la vez, a ser capaces de maximizar la eficiencia de los procesos de creaci\u00f3n en multiformato.<\/p>\n<figure id=\"attachment_78\" aria-describedby=\"caption-attachment-78\" style=\"width: 535px\" class=\"wp-caption aligncenter\"><img loading=\"lazy\" class=\"alignnone size-full wp-image-599\" src=\"http:\/\/disseny-test.uoc.edu\/materials\/prod-digital\/wp-content\/uploads\/sites\/6\/2018\/01\/20015_012-1.jpg\" alt=\"\" width=\"535\" height=\"795\" srcset=\"http:\/\/disseny-test.uoc.edu\/materials\/prod-digital\/wp-content\/uploads\/sites\/6\/2018\/01\/20015_012-1.jpg 535w, http:\/\/disseny-test.uoc.edu\/materials\/prod-digital\/wp-content\/uploads\/sites\/6\/2018\/01\/20015_012-1-202x300.jpg 202w\" sizes=\"(max-width: 535px) 100vw, 535px\" \/><figcaption id=\"caption-attachment-78\" class=\"wp-caption-text\"><strong>Figura 12.<\/strong> Pasos para crear libros digitales<\/figcaption><\/figure>\n","protected":false},"excerpt":{"rendered":"<p>En este momento del proceso no solo ya tenemos claro qu\u00e9 objeto queremos producir \u2013un libro digital, una revista, un documento, etc.\u2013, sino que hemos determinado en qu\u00e9 formato o formatos queremos crearlo y en qu\u00e9 ecosistemas deseamos distribuirlo. Por lo tanto, ya sabemos si queremos crear un libro digital solo para el ecosistema de [&hellip;]<\/p>\n","protected":false},"author":1,"featured_media":0,"parent":0,"menu_order":0,"comment_status":"closed","ping_status":"closed","template":"","meta":{"inline_featured_image":false},"acf":[],"_links":{"self":[{"href":"http:\/\/disseny-test.uoc.edu\/materials\/prod-digital\/es\/wp-json\/wp\/v2\/pages\/660"}],"collection":[{"href":"http:\/\/disseny-test.uoc.edu\/materials\/prod-digital\/es\/wp-json\/wp\/v2\/pages"}],"about":[{"href":"http:\/\/disseny-test.uoc.edu\/materials\/prod-digital\/es\/wp-json\/wp\/v2\/types\/page"}],"author":[{"embeddable":true,"href":"http:\/\/disseny-test.uoc.edu\/materials\/prod-digital\/es\/wp-json\/wp\/v2\/users\/1"}],"replies":[{"embeddable":true,"href":"http:\/\/disseny-test.uoc.edu\/materials\/prod-digital\/es\/wp-json\/wp\/v2\/comments?post=660"}],"version-history":[{"count":1,"href":"http:\/\/disseny-test.uoc.edu\/materials\/prod-digital\/es\/wp-json\/wp\/v2\/pages\/660\/revisions"}],"predecessor-version":[{"id":661,"href":"http:\/\/disseny-test.uoc.edu\/materials\/prod-digital\/es\/wp-json\/wp\/v2\/pages\/660\/revisions\/661"}],"wp:attachment":[{"href":"http:\/\/disseny-test.uoc.edu\/materials\/prod-digital\/es\/wp-json\/wp\/v2\/media?parent=660"}],"curies":[{"name":"wp","href":"https:\/\/api.w.org\/{rel}","templated":true}]}}