{"id":664,"date":"2018-01-30T08:08:39","date_gmt":"2018-01-30T08:08:39","guid":{"rendered":"http:\/\/disseny-test.uoc.edu\/materials\/prod-digital\/?page_id=664"},"modified":"2018-01-30T08:08:39","modified_gmt":"2018-01-30T08:08:39","slug":"3-4-3-creacion-de-un-archivo-kf8-para-el-ecosistema-de-amazon","status":"publish","type":"page","link":"http:\/\/disseny-test.uoc.edu\/materials\/prod-digital\/es\/3-4-3-creacion-de-un-archivo-kf8-para-el-ecosistema-de-amazon\/","title":{"rendered":"3.4.3. Creaci\u00f3n de un archivo KF8  (para el ecosistema de Amazon)"},"content":{"rendered":"<h4 style=\"margin-bottom: 13.2pt;\"><strong><span lang=\"CA\">KDP (Kindle Direct Publishing)<\/span><\/strong><\/h4>\n<div class=\"featured featured-blue\"><p>Amazon nos ofrece un conjunto de recursos en l\u00ednea y para descarga para crear libros en su formato.<\/p>\n<\/div>\n<p>Como hemos comentado anteriormente, una de las ventajas principales del formato KF8, al margen de la enorme popularidad del portal Amazon, es la facilidad de crear contenidos si aceptamos las condiciones de sus contratos de creaci\u00f3n y venta del producto. Es decir, si aceptamos los t\u00e9rminos y condiciones que Amazon nos \u00abobliga\u00bb a firmar para usar su formato y sus herramientas, el proceso de creaci\u00f3n del contenido ser\u00e1 bastante sencillo.<\/p>\n<p>No entraremos a detallar paso a paso este proceso, porque el gran n\u00famero de asistentes, tutoriales y gu\u00edas que hay disponibles en la Red lo hacen totalmente innecesario y redundante. Sin embargo, s\u00ed es interesante hacer algunos comentarios sobre el proceso que hay que seguir y algunas de las herramientas que nos ofrece Amazon:<\/p>\n<ul>\n<li><a href=\"https:\/\/kdp.amazon.com\/es_ES\/help\/topic\/A17W8UM0MMSQX6\" target=\"_blank\" rel=\"noopener\">Portal Kindle Direct Publishing<\/a><\/li>\n<li><a href=\"https:\/\/kdp.amazon.com\/es_ES\/help\/topic\/A37Z49E2DDQPP3?ref_=gs#publish_ebook\" target=\"_blank\" rel=\"noopener\">Instrucciones detalladas para publicar<\/a><\/li>\n<li><a href=\"https:\/\/kdp.amazon.com\/es_ES\/help\/topic\/A2GF0UFHIYG9VQ\" target=\"_blank\" rel=\"noopener\">Indicaciones sobre la importaci\u00f3n de diferentes formatos a KDP<\/a><\/li>\n<li><a href=\"https:\/\/kdp.amazon.com\/es_ES\/help\/topic\/A3IWA2TQYMZ5J6\" target=\"_blank\" rel=\"noopener\">Herramientas para crear libros en formato KF8 ofrecidas por Amazon<\/a><\/li>\n<\/ul>\n<p>Amazon nos indica, en el portal Kindle Direct Publishing, el proceso necesario y las condiciones que hay que cumplir para publicar un libro electr\u00f3nico en Amazon. Si nos sentimos m\u00e1s c\u00f3modos en un sistema controlado y muy pautado que en un sistema m\u00e1s t\u00e9cnico y abierto, el ecosistema de Amazon nos resultar\u00e1 bastante amigable.<\/p>\n<figure id=\"attachment_34\" aria-describedby=\"caption-attachment-34\" style=\"width: 640px\" class=\"wp-caption aligncenter\"><img loading=\"lazy\" class=\"alignnone size-full wp-image-34\" src=\"http:\/\/disseny-test.uoc.edu\/materials\/prod-digital\/wp-content\/uploads\/sites\/6\/2018\/01\/20015_015.jpg\" alt=\"Passos necessaris per a publicar un llibre electr\u00f2nic a Amazon\" width=\"640\" height=\"442\" srcset=\"http:\/\/disseny-test.uoc.edu\/materials\/prod-digital\/wp-content\/uploads\/sites\/6\/2018\/01\/20015_015.jpg 640w, http:\/\/disseny-test.uoc.edu\/materials\/prod-digital\/wp-content\/uploads\/sites\/6\/2018\/01\/20015_015-300x207.jpg 300w\" sizes=\"(max-width: 640px) 100vw, 640px\" \/><figcaption id=\"caption-attachment-34\" class=\"wp-caption-text\"><strong>Figura 15.<\/strong> Pasos necesarios para publicar un libro electr\u00f3nico en Amazon<\/figcaption><\/figure>\n<p>Si accedemos a los detalles del <a href=\"https:\/\/kdp.amazon.com\/es_ES\/help\/topic\/A17W8UM0MMSQX6\" target=\"_blank\" rel=\"noopener\">primer punto<\/a> de la lista anterior, que es el que hace referencia propiamente a las condiciones para importar contenido al sistema de Amazon, veremos que tenemos diferentes opciones a la hora de editar el contenido original antes de transformarlo al formato KF8. Sin embargo, Amazon nos recomienda que editemos el contenido con el programa Microsoft Word o, como m\u00ednimo, en el formato DOC o DOCX.<\/p>\n<p>De este modo, siguiendo las indicaciones de Amazon sobre qu\u00e9 herramientas del editor de textos tenemos que usar para dar cada uno de los pasos necesarios (inserci\u00f3n de im\u00e1genes, m\u00e1rgenes, espaciados, tablas, portadas, secciones, etc.), podremos importar directamente el resultado al sistema para convertirlo al formato KF8. Dado que en la mayor\u00eda de los casos el contenido que un autor entrega est\u00e1 en este formato (DOC o DOCX), el proceso de creaci\u00f3n es muy sencillo una vez que se tienen claras las directrices de Amazon. Para crear la portada del libro, Amazon nos ofrece tambi\u00e9n una herramienta propia que podemos usar en l\u00ednea.<\/p>\n<p>Una vez que hayamos obtenido el archivo DOC o DOCX seg\u00fan las condiciones que Amazon nos pide, podremos rellenar sencillamente los formularios de publicaci\u00f3n necesarios para indicar los metadatos del libro y las condiciones en las que lo queremos vender (pa\u00edses, tipos de venta, precio, etc.), y en un breve periodo de tiempo el libro estar\u00e1 disponible para la venta en Amazon Kindle.<\/p>\n<h4><strong>Software<\/strong><\/h4>\n<div class=\"featured featured-blue\"><p>Tal y como hemos dicho, Amazon nos ofrece distintas herramientas para crear, convertir y visualizar contenido en KF8.<\/p>\n<\/div>\n<p>Las m\u00e1s interesantes, en funci\u00f3n del tipo de libro que queramos publicar, son las que se pueden observar en la figura 16.<\/p>\n<figure id=\"attachment_78\" aria-describedby=\"caption-attachment-78\" style=\"width: 800px\" class=\"wp-caption aligncenter\"><img loading=\"lazy\" class=\"alignnone size-full wp-image-35\" src=\"http:\/\/disseny-test.uoc.edu\/materials\/prod-digital\/wp-content\/uploads\/sites\/6\/2018\/01\/20015_016.jpg\" alt=\"Programari ofert per Amazon per a cada tipus de publicaci\u00f3\" width=\"800\" height=\"307\" srcset=\"http:\/\/disseny-test.uoc.edu\/materials\/prod-digital\/wp-content\/uploads\/sites\/6\/2018\/01\/20015_016.jpg 800w, http:\/\/disseny-test.uoc.edu\/materials\/prod-digital\/wp-content\/uploads\/sites\/6\/2018\/01\/20015_016-300x115.jpg 300w, http:\/\/disseny-test.uoc.edu\/materials\/prod-digital\/wp-content\/uploads\/sites\/6\/2018\/01\/20015_016-768x295.jpg 768w\" sizes=\"(max-width: 800px) 100vw, 800px\" \/><figcaption id=\"caption-attachment-78\" class=\"wp-caption-text\"><strong>Figura 16.<\/strong> Software ofrecido por Amazon para cada tipo de publicaci\u00f3n<\/figcaption><\/figure>\n<p>La mayor\u00eda de estas herramientas, que se pueden descargar libremente y que disponen cada una de un manual y de instrucciones de funcionamiento detalladas, son muy sencillas y se pueden usar sin ning\u00fan tipo de conocimiento t\u00e9cnico sobre el formato. Sin embargo, este hecho provoca que sean excesivamente limitadas en cuanto al control que tenemos sobre la conversi\u00f3n o edici\u00f3n del contenido.<\/p>\n<div class=\"featured featured-grey\"><p>Kindle Text Book Creator, por ejemplo, herramienta que Amazon nos ofrece para crear un libro de texto, es puramente un conversor que nos permite importar un contenido en formato PDF y transformarlo al formato KF8. Sin embargo, m\u00e1s all\u00e1 de eliminar alguna p\u00e1gina, no podemos editar pr\u00e1cticamente nada m\u00e1s ni intervenir en las variables del proceso. Con las otras herramientas disponibles para crear c\u00f3mics y libros infantiles, tenemos algo m\u00e1s de margen con el a\u00f1adido de alguna funcionalidad como el texto emergente, pero, aun as\u00ed, el acceso a la edici\u00f3n del formato es muy restrictivo.<\/p>\n<\/div>\n","protected":false},"excerpt":{"rendered":"<p>KDP (Kindle Direct Publishing) Como hemos comentado anteriormente, una de las ventajas principales del formato KF8, al margen de la enorme popularidad del portal Amazon, es la facilidad de crear contenidos si aceptamos las condiciones de sus contratos de creaci\u00f3n y venta del producto. Es decir, si aceptamos los t\u00e9rminos y condiciones que Amazon nos [&hellip;]<\/p>\n","protected":false},"author":1,"featured_media":0,"parent":0,"menu_order":0,"comment_status":"closed","ping_status":"closed","template":"","meta":{"inline_featured_image":false},"acf":[],"_links":{"self":[{"href":"http:\/\/disseny-test.uoc.edu\/materials\/prod-digital\/es\/wp-json\/wp\/v2\/pages\/664"}],"collection":[{"href":"http:\/\/disseny-test.uoc.edu\/materials\/prod-digital\/es\/wp-json\/wp\/v2\/pages"}],"about":[{"href":"http:\/\/disseny-test.uoc.edu\/materials\/prod-digital\/es\/wp-json\/wp\/v2\/types\/page"}],"author":[{"embeddable":true,"href":"http:\/\/disseny-test.uoc.edu\/materials\/prod-digital\/es\/wp-json\/wp\/v2\/users\/1"}],"replies":[{"embeddable":true,"href":"http:\/\/disseny-test.uoc.edu\/materials\/prod-digital\/es\/wp-json\/wp\/v2\/comments?post=664"}],"version-history":[{"count":1,"href":"http:\/\/disseny-test.uoc.edu\/materials\/prod-digital\/es\/wp-json\/wp\/v2\/pages\/664\/revisions"}],"predecessor-version":[{"id":665,"href":"http:\/\/disseny-test.uoc.edu\/materials\/prod-digital\/es\/wp-json\/wp\/v2\/pages\/664\/revisions\/665"}],"wp:attachment":[{"href":"http:\/\/disseny-test.uoc.edu\/materials\/prod-digital\/es\/wp-json\/wp\/v2\/media?parent=664"}],"curies":[{"name":"wp","href":"https:\/\/api.w.org\/{rel}","templated":true}]}}