{"id":668,"date":"2018-01-30T08:18:41","date_gmt":"2018-01-30T08:18:41","guid":{"rendered":"http:\/\/disseny-test.uoc.edu\/materials\/prod-digital\/?page_id=668"},"modified":"2018-01-30T08:18:41","modified_gmt":"2018-01-30T08:18:41","slug":"3-4-5-creacion-de-documentos-fijos-fixed-layout","status":"publish","type":"page","link":"http:\/\/disseny-test.uoc.edu\/materials\/prod-digital\/es\/3-4-5-creacion-de-documentos-fijos-fixed-layout\/","title":{"rendered":"3.4.5. Creaci\u00f3n de documentos fijos (fixed layout)"},"content":{"rendered":"<div class=\"featured featured-blue\"><p>A lo largo de este apartado, hemos hablado a menudo de los documentos fijos, aquellos en los que queremos que la posici\u00f3n de las im\u00e1genes respecto al texto sea siempre fija y que no se produzca el proceso de <em>reflow<\/em>, de adaptaci\u00f3n de los contenidos a la pantalla de lectura.<\/p>\n<\/div>\n<p>Este tipo de documentos, en los que normalmente los gr\u00e1ficos y contenidos visuales son protagonistas, demandan el uso de herramientas y formatos que garanticen que se mantendr\u00e1n las proporciones de la publicaci\u00f3n.<\/p>\n<p>La creaci\u00f3n de este tipo de contenidos tiene pocas consideraciones t\u00e9cnicas previas que hacer, puesto que el procedimiento para seguir y las opciones disponibles depender\u00e1n de manera directa del software que utilicemos para crearlos. Es cierto que podemos crear contenido fijo en EPUB (desde la versi\u00f3n <em>fixed layout<\/em> con EPUB3) o en otros formatos minoritarios, pero en cuanto a este tipo de publicaciones, el <strong>formato PDF<\/strong> contin\u00faa siendo el protagonista absoluto.<\/p>\n<div class=\"featured featured-blue\"><p>La mayor\u00eda de los editores de textos actuales permiten exportar el formato PDF asegurando, en la mayor\u00eda de los casos, una correcta visualizaci\u00f3n de la edici\u00f3n hecha en el objeto de salida en PDF.<\/p>\n<\/div>\n<p>Adem\u00e1s, para editar en este formato podemos usar un programa como Adobe InDesign, protagonista principal en la industria editorial, que permite un trabajo muy eficiente y complejo en el entorno de este formato. <strong>InDesign<\/strong> ha sido el responsable de la creaci\u00f3n de la mayor\u00eda de las publicaciones digitales durante muchos a\u00f1os, y la evoluci\u00f3n a la que se ha sometido este software hace que se adapte bastante bien a las particularidades y cambios del entorno actual.<\/p>\n<p>La alternativa libre a InDesign, que es programa propietario, es <strong>Scribus<\/strong>, que es totalmente eficiente y usable profesionalmente, pero que tiene menos opciones extra y algunas restricciones t\u00e9cnicas de las que carece InDesign. Principalmente, estas pasan por los formatos de exportaci\u00f3n de contenido, mucho m\u00e1s amplios en el software de Adobe. En funci\u00f3n de las necesidades de cada proyecto, podremos decidir si ante un proyecto sencillo utilizamos el editor de textos habitual (Word, LibreOffice, etc.) o tenemos que usar un software para maquetar y editar p\u00e1ginas como InDesign o Scribus. En este caso, una vez que hayamos editado contenido, tanto su estructura y paginaci\u00f3n como los estilos visuales de la publicaci\u00f3n, obtendremos un archivo PDF que podremos distribuir digitalmente (hablaremos de las posibles exportaciones de contenido a otros formatos en el apartado siguiente).<\/p>\n<p>El uso de este tipo de software es muy sencillo, una vez que se tienen claros los principales conceptos y criterios de cada publicaci\u00f3n, y unos conocimientos m\u00ednimos de la maquetaci\u00f3n y dise\u00f1o de publicaciones. La producci\u00f3n en PDF nos permitir\u00e1 la distribuci\u00f3n multisistema y multiplataforma, pero sin las ventajas del dise\u00f1o adaptable.<\/p>\n<div class=\"featured featured-blue\"><p>El formato PDF se puede tomar de base para publicar en la mayor\u00eda de las plataformas existentes.<\/p>\n<\/div>\n<p>En la Red, encontraremos disponibles un gran n\u00famero de tutoriales para aprender a usar este tipo de software, que nos guiar\u00e1n a lo largo de todos los pasos necesarios para configurar el entorno de trabajo y usar las herramientas que nos ofrece:<\/p>\n<ul>\n<li><a href=\"https:\/\/www.adobe.com\/es\/products\/indesign.html\" target=\"_blank\" rel=\"noopener\">Adobe InDesign<\/a>.<\/li>\n<li><a href=\"https:\/\/helpx.adobe.com\/es\/indesign\/user-guide.html\" target=\"_blank\" rel=\"noopener\">Gu\u00eda del usuario de InDesign<\/a>.<\/li>\n<li><a href=\"https:\/\/helpx.adobe.com\/es\/pdf\/indesign_reference.pdf\" target=\"_blank\" rel=\"noopener\">Adobe InDesign. Ayuda y tutoriales<\/a>.<\/li>\n<li>Morera Vidal, F.; S\u00e1nchez Vila, A. (2014). <a href=\"http:\/\/multimedia.uoc.edu\/guias\/InDesign\/PID_00210572.pdf\" target=\"_blank\" rel=\"noopener\"><em>InDesign CS6: gui\u0301a de maquetacio\u0301n<\/em><\/a>. Barcelona: UOC.<\/li>\n<li>Morera Vidal, F. (2013). <a href=\"http:\/\/multimedia.uoc.edu\/blogs\/labeines\/files\/2013\/10\/Introduccio-n_a_InDesign.pdf\" target=\"_blank\" rel=\"noopener\"><em>Introducci\u00f3n a InDesign. Gu\u00eda b\u00e1sica<\/em><\/a>. Barcelona: UOC.<\/li>\n<li><a href=\"https:\/\/www.scribus.net\/\" target=\"_blank\" rel=\"noopener\">Scribus<\/a>.<\/li>\n<li><a href=\"https:\/\/wiki.scribus.net\/canvas\/Scribus_Video_Tutorials\" target=\"_blank\" rel=\"noopener\">Gu\u00eda wiki de Scribus<\/a>.<\/li>\n<\/ul>\n","protected":false},"excerpt":{"rendered":"<p>Este tipo de documentos, en los que normalmente los gr\u00e1ficos y contenidos visuales son protagonistas, demandan el uso de herramientas y formatos que garanticen que se mantendr\u00e1n las proporciones de la publicaci\u00f3n. La creaci\u00f3n de este tipo de contenidos tiene pocas consideraciones t\u00e9cnicas previas que hacer, puesto que el procedimiento para seguir y las opciones [&hellip;]<\/p>\n","protected":false},"author":1,"featured_media":0,"parent":0,"menu_order":0,"comment_status":"closed","ping_status":"closed","template":"","meta":{"inline_featured_image":false},"acf":[],"_links":{"self":[{"href":"http:\/\/disseny-test.uoc.edu\/materials\/prod-digital\/es\/wp-json\/wp\/v2\/pages\/668"}],"collection":[{"href":"http:\/\/disseny-test.uoc.edu\/materials\/prod-digital\/es\/wp-json\/wp\/v2\/pages"}],"about":[{"href":"http:\/\/disseny-test.uoc.edu\/materials\/prod-digital\/es\/wp-json\/wp\/v2\/types\/page"}],"author":[{"embeddable":true,"href":"http:\/\/disseny-test.uoc.edu\/materials\/prod-digital\/es\/wp-json\/wp\/v2\/users\/1"}],"replies":[{"embeddable":true,"href":"http:\/\/disseny-test.uoc.edu\/materials\/prod-digital\/es\/wp-json\/wp\/v2\/comments?post=668"}],"version-history":[{"count":1,"href":"http:\/\/disseny-test.uoc.edu\/materials\/prod-digital\/es\/wp-json\/wp\/v2\/pages\/668\/revisions"}],"predecessor-version":[{"id":669,"href":"http:\/\/disseny-test.uoc.edu\/materials\/prod-digital\/es\/wp-json\/wp\/v2\/pages\/668\/revisions\/669"}],"wp:attachment":[{"href":"http:\/\/disseny-test.uoc.edu\/materials\/prod-digital\/es\/wp-json\/wp\/v2\/media?parent=668"}],"curies":[{"name":"wp","href":"https:\/\/api.w.org\/{rel}","templated":true}]}}