{"id":670,"date":"2018-01-30T08:19:33","date_gmt":"2018-01-30T08:19:33","guid":{"rendered":"http:\/\/disseny-test.uoc.edu\/materials\/prod-digital\/?page_id=670"},"modified":"2018-01-30T08:19:33","modified_gmt":"2018-01-30T08:19:33","slug":"3-4-6-creacion-multiformato-herramientas-de-creacion-transversal","status":"publish","type":"page","link":"http:\/\/disseny-test.uoc.edu\/materials\/prod-digital\/es\/3-4-6-creacion-multiformato-herramientas-de-creacion-transversal\/","title":{"rendered":"3.4.6. Creaci\u00f3n multiformato (herramientas  de creaci\u00f3n transversal)"},"content":{"rendered":"<p>A pesar de que estamos tratando cada uno de los formatos de manera independiente, ya hemos comentado anteriormente que existe la posibilidad de publicar el contenido en multiformato. Esto es especialmente adecuado cuando publicamos contenido que queremos que sea accesible para el m\u00e1ximo de lectores posibles, de manera independiente del sistema que usen para leer o el dispositivo que elijan.<\/p>\n<p>El problema que nos encontraremos, sin embargo, es que la conversi\u00f3n entre formatos, a menos que planteemos el proyecto ya desde el inicio como multiformato, ser\u00e1 bastante complicada. Es cierto que tenemos disponibles algunas aplicaciones para convertir entre formatos publicaciones digitales \u2013hablaremos brevemente de ello en el apartado siguiente\u2013, pero no lo es menos que en la mayor\u00eda de los casos las conversiones autom\u00e1ticas que funcionan realmente son las que ya podemos generar f\u00e1cilmente con los programas de edici\u00f3n. Transformar cualquier contenido digital a PDF es un proceso sencillo, independientemente del software que utilicemos. Transformar un contenido en PDF a EPUB con un conversor autom\u00e1tico no solo nos dejar\u00e1 un archivo t\u00e9cnicamente poco funcional, sino que en el proceso perderemos una gran parte de las ventajas del formato EPUB si no editamos el contenido posteriormente a mano. Tanto el marcado sem\u00e1ntico como el conjunto de metadatos que podemos a\u00f1adir a un EPUB no podr\u00e1n ser extra\u00eddos de un documento PDF. El resultado tendr\u00e1 que ser observado atentamente en cada caso, y sometido a una fase de test y depuraci\u00f3n muy completa para verificar su integridad.<\/p>\n<p>Si, al contrario, determinamos <em>a priori<\/em> que queremos crear un objeto multiformato, podremos adaptar los procesos de creaci\u00f3n para que sean eficientes para crear todos los formatos implicados. De este modo, guardaremos el contenido en diferentes partes de la edici\u00f3n para poderlo usar en la creaci\u00f3n de los distintos formatos.<\/p>\n<div class=\"featured featured-grey\"><\/p>\n<p>Por ejemplo, si estamos creando un libro digital en el formato EPUB (formato en el que hemos visto que uno de los pasos m\u00e1s importantes es el marcado sem\u00e1ntico del contenido con el lenguaje HTML y la definici\u00f3n de los estilos visuales con CSS), y queremos ofrecer este contenido tambi\u00e9n en el formato de Amazon, guardaremos los archivos de contenido para usarlos <em>a posteriori<\/em> en la creaci\u00f3n del libro en el formato KF8, en el que podremos reusar una parte del marcado HTML. Lo mismo haremos si sabemos que el contenido del EPUB lo ofreceremos tambi\u00e9n en una versi\u00f3n en l\u00ednea o lo utilizaremos para llenar un CMS.<\/p>\n<p>Es cierto que en el caso de EPUB, acceder a los archivos HTML una vez creado el objeto digital final (con extensi\u00f3n .epub) es sencillo, teniendo en cuenta su estructura abierta, pero el proceso se complica en el resto de los formatos. Obtener el texto o las im\u00e1genes de un documento PDF para importarlos a un documento web, en algunos casos y en funci\u00f3n de la configuraci\u00f3n del archivo, puede ser complicado.<\/p>\n<p>\n<\/div>\n<p>Por lo tanto, si tenemos claros todos los pasos necesarios para crear todos los formatos en los que ofreceremos el contenido, podremos adaptar el proceso de creaci\u00f3n, normalmente centrado en un formato principal, para hacer copias del contenido en el momento id\u00f3neo de la edici\u00f3n, asegurando que las modificaciones que le hagamos <em>a posteriori<\/em> no interceder\u00e1n en la creaci\u00f3n del resto de los formatos. Tambi\u00e9n sabremos <em>a priori<\/em> qu\u00e9 formatos de archivo podemos usar para las im\u00e1genes o el contenido audiovisual que tengan que formar parte de la publicaci\u00f3n. Esta informaci\u00f3n nos facilitar\u00e1 de manera muy significativa el proceso de edici\u00f3n de los contenidos.<\/p>\n","protected":false},"excerpt":{"rendered":"<p>A pesar de que estamos tratando cada uno de los formatos de manera independiente, ya hemos comentado anteriormente que existe la posibilidad de publicar el contenido en multiformato. Esto es especialmente adecuado cuando publicamos contenido que queremos que sea accesible para el m\u00e1ximo de lectores posibles, de manera independiente del sistema que usen para leer [&hellip;]<\/p>\n","protected":false},"author":1,"featured_media":0,"parent":0,"menu_order":0,"comment_status":"closed","ping_status":"closed","template":"","meta":{"inline_featured_image":false},"acf":[],"_links":{"self":[{"href":"http:\/\/disseny-test.uoc.edu\/materials\/prod-digital\/es\/wp-json\/wp\/v2\/pages\/670"}],"collection":[{"href":"http:\/\/disseny-test.uoc.edu\/materials\/prod-digital\/es\/wp-json\/wp\/v2\/pages"}],"about":[{"href":"http:\/\/disseny-test.uoc.edu\/materials\/prod-digital\/es\/wp-json\/wp\/v2\/types\/page"}],"author":[{"embeddable":true,"href":"http:\/\/disseny-test.uoc.edu\/materials\/prod-digital\/es\/wp-json\/wp\/v2\/users\/1"}],"replies":[{"embeddable":true,"href":"http:\/\/disseny-test.uoc.edu\/materials\/prod-digital\/es\/wp-json\/wp\/v2\/comments?post=670"}],"version-history":[{"count":1,"href":"http:\/\/disseny-test.uoc.edu\/materials\/prod-digital\/es\/wp-json\/wp\/v2\/pages\/670\/revisions"}],"predecessor-version":[{"id":671,"href":"http:\/\/disseny-test.uoc.edu\/materials\/prod-digital\/es\/wp-json\/wp\/v2\/pages\/670\/revisions\/671"}],"wp:attachment":[{"href":"http:\/\/disseny-test.uoc.edu\/materials\/prod-digital\/es\/wp-json\/wp\/v2\/media?parent=670"}],"curies":[{"name":"wp","href":"https:\/\/api.w.org\/{rel}","templated":true}]}}