{"id":672,"date":"2018-01-30T08:21:00","date_gmt":"2018-01-30T08:21:00","guid":{"rendered":"http:\/\/disseny-test.uoc.edu\/materials\/prod-digital\/?page_id=672"},"modified":"2018-01-30T08:21:00","modified_gmt":"2018-01-30T08:21:00","slug":"3-4-7-herramientas-de-creacion-automatica","status":"publish","type":"page","link":"http:\/\/disseny-test.uoc.edu\/materials\/prod-digital\/es\/3-4-7-herramientas-de-creacion-automatica\/","title":{"rendered":"3.4.7. Herramientas de creaci\u00f3n autom\u00e1tica"},"content":{"rendered":"<p>Y, para acabar esta fase de producci\u00f3n, hablaremos aqu\u00ed brevemente de algunas herramientas que permiten automatizar totalmente el proceso de creaci\u00f3n de una publicaci\u00f3n digital.<\/p>\n<p>Hay que hacer, sin embargo, una consideraci\u00f3n general antes de presentar este tipo de herramientas. Si bien es interesante saber que existen y, en algunos casos muy concretos, pueden ser \u00fatiles para una publicaci\u00f3n muy sencilla, no son herramientas que podamos usar normalmente de manera profesional, en primer lugar porque el control que tenemos sobre el resultado es menor, y en segundo lugar, porque en muchos casos los t\u00e9rminos y condiciones de la aplicaci\u00f3n nos atan las manos a la hora de comercializar el producto.<\/p>\n<p>Encontramos dos grandes tipos de aplicaciones para la creaci\u00f3n autom\u00e1tica: los <strong>conversores autom\u00e1ticos<\/strong> y las <strong>aplicaciones para crear <em>flipbooks<\/em><\/strong>.<\/p>\n<h4><strong>Conversores de archivo<\/strong><\/h4>\n<p>Estas herramientas, generalmente en l\u00ednea, nos permiten convertir entre un gran n\u00famero de formatos de manera autom\u00e1tica. Subimos un archivo a un servidor, que nos lo devuelve convertido al formato elegido. El problema, sin embargo, es que en la mayor\u00eda de los casos la conversi\u00f3n a los formatos EPUB, KF8, etc. no es eficiente y genera un c\u00f3digo ininteligible y muy dif\u00edcil de corregir a mano.<\/p>\n<ul>\n<li><a href=\"http:\/\/www.zamzar.com\" target=\"_blank\" rel=\"noopener\">Zamzar<\/a><\/li>\n<li><a href=\"https:\/\/ebook.online-convert.com\" target=\"_blank\" rel=\"noopener\">Online-convert.com<\/a><\/li>\n<li><a href=\"http:\/\/onlineconverter.epubor.com\/\" target=\"_blank\" rel=\"noopener\">Epubor<\/a><\/li>\n<\/ul>\n<h4><strong>Creadores autom\u00e1ticos de productos editoriales<\/strong><\/h4>\n<p>Este tipo de aplicaciones crean un archivo autoejecutable, que no necesita ning\u00fan otro entorno para ser visualizado de manera autom\u00e1tica. Simplemente, elegiremos una plantilla de las disponibles y subiremos el contenido propio (texto, im\u00e1genes, etc.) a la aplicaci\u00f3n, que empaquetar\u00e1 el resultado en un archivo descargable o reproducible en l\u00ednea (en el mismo portal de la aplicaci\u00f3n).<\/p>\n<ul>\n<li><a href=\"http:\/\/flipbuilder.es\/\" target=\"_blank\" rel=\"noopener\">Flipbuilder<\/a><\/li>\n<li><a href=\"https:\/\/pageflip.io\/\" target=\"_blank\" rel=\"noopener\">io<\/a><\/li>\n<li><a href=\"https:\/\/www.flipsnack.com\" target=\"_blank\" rel=\"noopener\">FlipSnack<\/a><\/li>\n<\/ul>\n<p>El control t\u00e9cnico que tenemos sobre el resultado es nulo y, normalmente, no podemos extraer el resultado de la aplicaci\u00f3n que se ha creado para venderlo o comercializarlo en cualquier otro portal. Por lo tanto, el uso de este tipo de aplicaciones, m\u00e1s all\u00e1 del espacio personal o para producir peque\u00f1as publicaciones con finalidades muy concretas, no es aconsejable.<\/p>\n","protected":false},"excerpt":{"rendered":"<p>Y, para acabar esta fase de producci\u00f3n, hablaremos aqu\u00ed brevemente de algunas herramientas que permiten automatizar totalmente el proceso de creaci\u00f3n de una publicaci\u00f3n digital. Hay que hacer, sin embargo, una consideraci\u00f3n general antes de presentar este tipo de herramientas. Si bien es interesante saber que existen y, en algunos casos muy concretos, pueden ser [&hellip;]<\/p>\n","protected":false},"author":1,"featured_media":0,"parent":0,"menu_order":0,"comment_status":"closed","ping_status":"closed","template":"","meta":{"inline_featured_image":false},"acf":[],"_links":{"self":[{"href":"http:\/\/disseny-test.uoc.edu\/materials\/prod-digital\/es\/wp-json\/wp\/v2\/pages\/672"}],"collection":[{"href":"http:\/\/disseny-test.uoc.edu\/materials\/prod-digital\/es\/wp-json\/wp\/v2\/pages"}],"about":[{"href":"http:\/\/disseny-test.uoc.edu\/materials\/prod-digital\/es\/wp-json\/wp\/v2\/types\/page"}],"author":[{"embeddable":true,"href":"http:\/\/disseny-test.uoc.edu\/materials\/prod-digital\/es\/wp-json\/wp\/v2\/users\/1"}],"replies":[{"embeddable":true,"href":"http:\/\/disseny-test.uoc.edu\/materials\/prod-digital\/es\/wp-json\/wp\/v2\/comments?post=672"}],"version-history":[{"count":1,"href":"http:\/\/disseny-test.uoc.edu\/materials\/prod-digital\/es\/wp-json\/wp\/v2\/pages\/672\/revisions"}],"predecessor-version":[{"id":673,"href":"http:\/\/disseny-test.uoc.edu\/materials\/prod-digital\/es\/wp-json\/wp\/v2\/pages\/672\/revisions\/673"}],"wp:attachment":[{"href":"http:\/\/disseny-test.uoc.edu\/materials\/prod-digital\/es\/wp-json\/wp\/v2\/media?parent=672"}],"curies":[{"name":"wp","href":"https:\/\/api.w.org\/{rel}","templated":true}]}}