{"id":674,"date":"2018-01-30T08:21:37","date_gmt":"2018-01-30T08:21:37","guid":{"rendered":"http:\/\/disseny-test.uoc.edu\/materials\/prod-digital\/?page_id=674"},"modified":"2018-01-30T08:21:37","modified_gmt":"2018-01-30T08:21:37","slug":"3-5-1-introduccion","status":"publish","type":"page","link":"http:\/\/disseny-test.uoc.edu\/materials\/prod-digital\/es\/3-5-1-introduccion\/","title":{"rendered":"3.5.1. Introducci\u00f3n"},"content":{"rendered":"<p>Una de las fases m\u00e1s importantes para la producci\u00f3n editorial digital, probablemente la m\u00e1s importante, es la fase de test y depuraci\u00f3n del objeto digital producido. Esto es as\u00ed porque si atendemos al ecosistema editorial digital que hemos definido, y su heterogeneidad en lo que respecta a dispositivos de lectura, software de lectura, formatos y v\u00edas para la publicaci\u00f3n digital, nos daremos cuenta de que es muy importante verificar que el trabajo que hemos hecho da los resultados que esper\u00e1bamos en todos los entornos de lectura posibles.<\/p>\n<p>La interpretaci\u00f3n m\u00e1s o menos libre que hacen algunos sistemas y programas de las especificaciones de los formatos y los lenguajes, y las diferentes opciones para crearlos, hacen imprescindible un <strong>proceso de test, revisi\u00f3n y depuraci\u00f3n del contenido<\/strong> a gran escala. Y decimos a gran escala porque no basta con abrir el contenido que hemos creado con un dispositivo de lectura y verificar que este funciona correctamente, sino que es muy importante maximizar tanto como sea posible los dispositivos y sistemas diferentes en los que haremos las pruebas.<\/p>\n","protected":false},"excerpt":{"rendered":"<p>Una de las fases m\u00e1s importantes para la producci\u00f3n editorial digital, probablemente la m\u00e1s importante, es la fase de test y depuraci\u00f3n del objeto digital producido. Esto es as\u00ed porque si atendemos al ecosistema editorial digital que hemos definido, y su heterogeneidad en lo que respecta a dispositivos de lectura, software de lectura, formatos y [&hellip;]<\/p>\n","protected":false},"author":1,"featured_media":0,"parent":0,"menu_order":0,"comment_status":"closed","ping_status":"closed","template":"","meta":{"inline_featured_image":false},"acf":[],"_links":{"self":[{"href":"http:\/\/disseny-test.uoc.edu\/materials\/prod-digital\/es\/wp-json\/wp\/v2\/pages\/674"}],"collection":[{"href":"http:\/\/disseny-test.uoc.edu\/materials\/prod-digital\/es\/wp-json\/wp\/v2\/pages"}],"about":[{"href":"http:\/\/disseny-test.uoc.edu\/materials\/prod-digital\/es\/wp-json\/wp\/v2\/types\/page"}],"author":[{"embeddable":true,"href":"http:\/\/disseny-test.uoc.edu\/materials\/prod-digital\/es\/wp-json\/wp\/v2\/users\/1"}],"replies":[{"embeddable":true,"href":"http:\/\/disseny-test.uoc.edu\/materials\/prod-digital\/es\/wp-json\/wp\/v2\/comments?post=674"}],"version-history":[{"count":1,"href":"http:\/\/disseny-test.uoc.edu\/materials\/prod-digital\/es\/wp-json\/wp\/v2\/pages\/674\/revisions"}],"predecessor-version":[{"id":675,"href":"http:\/\/disseny-test.uoc.edu\/materials\/prod-digital\/es\/wp-json\/wp\/v2\/pages\/674\/revisions\/675"}],"wp:attachment":[{"href":"http:\/\/disseny-test.uoc.edu\/materials\/prod-digital\/es\/wp-json\/wp\/v2\/media?parent=674"}],"curies":[{"name":"wp","href":"https:\/\/api.w.org\/{rel}","templated":true}]}}