{"id":676,"date":"2018-01-30T08:22:38","date_gmt":"2018-01-30T08:22:38","guid":{"rendered":"http:\/\/disseny-test.uoc.edu\/materials\/prod-digital\/?page_id=676"},"modified":"2018-01-30T08:22:38","modified_gmt":"2018-01-30T08:22:38","slug":"3-5-2-test-y-verificacion","status":"publish","type":"page","link":"http:\/\/disseny-test.uoc.edu\/materials\/prod-digital\/es\/3-5-2-test-y-verificacion\/","title":{"rendered":"3.5.2. Test y verificaci\u00f3n"},"content":{"rendered":"<div class=\"featured featured-blue\"><p>El primer paso necesario para asegurar una correcta verificaci\u00f3n del funcionamiento del objeto digital producido es la visualizaci\u00f3n de este contenido en diferentes dispositivos digitales, sistemas operativos, aplicaciones de lectura, etc.<\/p>\n<\/div>\n<p>Esto quiere decir intentar cubrir al m\u00e1ximo todas las posibilidades que el lector tendr\u00e1 a la hora de acceder al contenido.<\/p>\n<p>En un entorno profesional, debemos asegurarnos de tener disponibles diferentes dispositivos de lectura: lectores de libros electr\u00f3nicos de formato EPUB, de Amazon (KF8), tabletas t\u00e1ctiles, tel\u00e9fonos inteligentes, ordenadores, port\u00e1tiles, etc. Es muy importante asegurar que las especificaciones propias de cada dispositivo o sistema no afectan a la visualizaci\u00f3n e integridad del contenido. El lector espera que este contenido sea visualizado correctamente de manera independiente de la elecci\u00f3n que haga a la hora de elegir el dispositivo de lectura.<\/p>\n<p>Adem\u00e1s, en el caso de dispositivos multifuncionales, que no solo est\u00e1n pensados para leer libros o contenidos textuales como los lectores de tinta electr\u00f3nica, tendremos que verificar el contenido no \u00fanicamente en distintos sistemas operativos (Android e iOS principalmente), sino tambi\u00e9n con diferentes aplicaciones de lectura, puesto que, en este caso, es la aplicaci\u00f3n la que se encargar\u00e1 de \u00abdar forma\u00bb al contenido.<\/p>\n<div class=\"featured featured-blue\"><p>En todos los casos en los que visualizamos un contenido para testarlo, es importante que lo hagamos maximizando tambi\u00e9n las variables que hay que estudiar.<\/p>\n<\/div>\n<p>Es decir, hay que verificar el contenido en horizontal y en vertical, con la observaci\u00f3n de los diferentes par\u00e1metros que podemos modificar como lectores en las preferencias de la aplicaci\u00f3n, etc. Habr\u00e1 que variar el tama\u00f1o de las fuentes, los m\u00e1rgenes, el tipo de visualizaci\u00f3n, para asegurar que el contenido sigue funcionando en todos los entornos y atendiendo a todas las variables de visualizaci\u00f3n posibles.<\/p>\n","protected":false},"excerpt":{"rendered":"<p>Esto quiere decir intentar cubrir al m\u00e1ximo todas las posibilidades que el lector tendr\u00e1 a la hora de acceder al contenido. En un entorno profesional, debemos asegurarnos de tener disponibles diferentes dispositivos de lectura: lectores de libros electr\u00f3nicos de formato EPUB, de Amazon (KF8), tabletas t\u00e1ctiles, tel\u00e9fonos inteligentes, ordenadores, port\u00e1tiles, etc. Es muy importante asegurar [&hellip;]<\/p>\n","protected":false},"author":1,"featured_media":0,"parent":0,"menu_order":0,"comment_status":"closed","ping_status":"closed","template":"","meta":{"inline_featured_image":false},"acf":[],"_links":{"self":[{"href":"http:\/\/disseny-test.uoc.edu\/materials\/prod-digital\/es\/wp-json\/wp\/v2\/pages\/676"}],"collection":[{"href":"http:\/\/disseny-test.uoc.edu\/materials\/prod-digital\/es\/wp-json\/wp\/v2\/pages"}],"about":[{"href":"http:\/\/disseny-test.uoc.edu\/materials\/prod-digital\/es\/wp-json\/wp\/v2\/types\/page"}],"author":[{"embeddable":true,"href":"http:\/\/disseny-test.uoc.edu\/materials\/prod-digital\/es\/wp-json\/wp\/v2\/users\/1"}],"replies":[{"embeddable":true,"href":"http:\/\/disseny-test.uoc.edu\/materials\/prod-digital\/es\/wp-json\/wp\/v2\/comments?post=676"}],"version-history":[{"count":1,"href":"http:\/\/disseny-test.uoc.edu\/materials\/prod-digital\/es\/wp-json\/wp\/v2\/pages\/676\/revisions"}],"predecessor-version":[{"id":677,"href":"http:\/\/disseny-test.uoc.edu\/materials\/prod-digital\/es\/wp-json\/wp\/v2\/pages\/676\/revisions\/677"}],"wp:attachment":[{"href":"http:\/\/disseny-test.uoc.edu\/materials\/prod-digital\/es\/wp-json\/wp\/v2\/media?parent=676"}],"curies":[{"name":"wp","href":"https:\/\/api.w.org\/{rel}","templated":true}]}}