{"id":678,"date":"2018-01-30T08:23:36","date_gmt":"2018-01-30T08:23:36","guid":{"rendered":"http:\/\/disseny-test.uoc.edu\/materials\/prod-digital\/?page_id=678"},"modified":"2018-01-30T08:23:36","modified_gmt":"2018-01-30T08:23:36","slug":"3-5-3-depuracion","status":"publish","type":"page","link":"http:\/\/disseny-test.uoc.edu\/materials\/prod-digital\/es\/3-5-3-depuracion\/","title":{"rendered":"3.5.3. Depuraci\u00f3n"},"content":{"rendered":"<p>Una vez llevada a cabo la fase de test con la m\u00e1xima amplitud posible, ser\u00e1 el momento de recoger toda la informaci\u00f3n que hemos ido obteniendo en los diferentes dispositivos y variables del entorno, para actuar en consecuencia en el caso de que sea necesario.<\/p>\n<div class=\"featured featured-blue\"><p>Esta fase de depuraci\u00f3n pasa por la modificaci\u00f3n del c\u00f3digo o la edici\u00f3n de los contenidos, en funci\u00f3n del formato en el que estemos trabajando, para hacer los cambios necesarios en el objeto digital para solucionar los problemas encontrados en el testeo de los contenidos.<\/p>\n<\/div>\n<p class=\"Normalesp\">Esta fase puede ser muy simple y breve si el contenido funciona bien, o muy extensa y tediosa si encontramos diferentes funcionamientos incorrectos que hay que solucionar. En todo caso, una vez aplicadas las modificaciones necesarias, tendremos que volver a pasar por la fase de testeo para asegurar que hemos solucionado los problemas y que en el proceso de modificaci\u00f3n del objeto no hemos generado otros nuevos. Esto es un funcionamiento c\u00edclico entre test y depuraci\u00f3n, que solo acaba cuando obtenemos un objeto digital que se puede visualizar correctamente en todos los dispositivos y entornos propios del formato en el que lo estamos ofreciendo.<\/p>\n<div class=\"featured featured-blue\"><p>De la correcta verificaci\u00f3n y depuraci\u00f3n del objeto depende, en gran medida, su \u00e9xito t\u00e9cnico futuro.<\/p>\n<\/div>\n<p class=\"Normalesp\">Los lectores, cada vez m\u00e1s conocedores de las posibilidades de sus dispositivos y de los diferentes formatos existentes, son muy exigentes ante un contenido que no funciona correctamente en sus entornos de lectura, especialmente si este contenido es de pago.<\/p>\n","protected":false},"excerpt":{"rendered":"<p>Una vez llevada a cabo la fase de test con la m\u00e1xima amplitud posible, ser\u00e1 el momento de recoger toda la informaci\u00f3n que hemos ido obteniendo en los diferentes dispositivos y variables del entorno, para actuar en consecuencia en el caso de que sea necesario. Esta fase puede ser muy simple y breve si el [&hellip;]<\/p>\n","protected":false},"author":1,"featured_media":0,"parent":0,"menu_order":0,"comment_status":"closed","ping_status":"closed","template":"","meta":{"inline_featured_image":false},"acf":[],"_links":{"self":[{"href":"http:\/\/disseny-test.uoc.edu\/materials\/prod-digital\/es\/wp-json\/wp\/v2\/pages\/678"}],"collection":[{"href":"http:\/\/disseny-test.uoc.edu\/materials\/prod-digital\/es\/wp-json\/wp\/v2\/pages"}],"about":[{"href":"http:\/\/disseny-test.uoc.edu\/materials\/prod-digital\/es\/wp-json\/wp\/v2\/types\/page"}],"author":[{"embeddable":true,"href":"http:\/\/disseny-test.uoc.edu\/materials\/prod-digital\/es\/wp-json\/wp\/v2\/users\/1"}],"replies":[{"embeddable":true,"href":"http:\/\/disseny-test.uoc.edu\/materials\/prod-digital\/es\/wp-json\/wp\/v2\/comments?post=678"}],"version-history":[{"count":1,"href":"http:\/\/disseny-test.uoc.edu\/materials\/prod-digital\/es\/wp-json\/wp\/v2\/pages\/678\/revisions"}],"predecessor-version":[{"id":679,"href":"http:\/\/disseny-test.uoc.edu\/materials\/prod-digital\/es\/wp-json\/wp\/v2\/pages\/678\/revisions\/679"}],"wp:attachment":[{"href":"http:\/\/disseny-test.uoc.edu\/materials\/prod-digital\/es\/wp-json\/wp\/v2\/media?parent=678"}],"curies":[{"name":"wp","href":"https:\/\/api.w.org\/{rel}","templated":true}]}}