{"id":680,"date":"2018-01-30T08:24:04","date_gmt":"2018-01-30T08:24:04","guid":{"rendered":"http:\/\/disseny-test.uoc.edu\/materials\/prod-digital\/?page_id=680"},"modified":"2018-01-30T08:24:04","modified_gmt":"2018-01-30T08:24:04","slug":"4-1-introduccion-al-ecosistema-de-las-imagenes-en-un-entorno-digital","status":"publish","type":"page","link":"http:\/\/disseny-test.uoc.edu\/materials\/prod-digital\/es\/4-1-introduccion-al-ecosistema-de-las-imagenes-en-un-entorno-digital\/","title":{"rendered":"4.1. Introducci\u00f3n al ecosistema  de las im\u00e1genes en un entorno digital"},"content":{"rendered":"<p>Dicen que una imagen vale m\u00e1s que mil palabras. Esto tambi\u00e9n significa que una imagen mal elegida pesar\u00e1 mucho m\u00e1s que novecientas noventa y nueve palabras bien trabajadas y organizadas. Una foto pixelada o una imagen gratuita pueden aniquilar una entrada en un blog o un fascinante informe en PDF. Estamos en la cultura de la velocidad, en la que decidimos en pocos segundos si merece la pena detenerse en un producto digital o, mejor, continuar examinando aquel listado interminable de \u00abcosas que podr\u00edan ser interesantes\u00bb.<\/p>\n<p>El objetivo de este apartado es precisamente este: mostrar c\u00f3mo saber incluir la imagen m\u00e1s relevante en todo momento para conseguir un impacto m\u00e1ximo, mejorar vuestras habilidades como creadores digitales y hacer llegar vuestro mensaje de la mejor manera posible.<\/p>\n<p>Lo primero que haremos es averiguar qu\u00e9 mensaje queremos transmitir, a qu\u00e9 p\u00fablico va dirigido y de qu\u00e9 manera nuestras im\u00e1genes explicar\u00e1n una historia, crear\u00e1n una narrativa.<\/p>\n<p>Hacer esto bien implica entender los diferentes formatos de imagen, cu\u00e1les son sus caracter\u00edsticas y qu\u00e9 formato ser\u00e1 el mejor dependiendo de lo que queremos explicar y a quien queremos llegar.<\/p>\n<p>Una vez tengamos claros los aspectos t\u00e9cnicos, veremos de qu\u00e9 herramientas disponemos para producir im\u00e1genes: m\u00e1s all\u00e1 de la obviedad de emplear una c\u00e1mara digital, veremos otras alternativas, como programas que generan im\u00e1genes de manera autom\u00e1tica o las im\u00e1genes con error o <em>glitch<\/em>.<\/p>\n<p>Es necesario preparar las im\u00e1genes para que transmitan el mensaje de la mejor manera posible. Partiremos de Photoshop como herramienta m\u00e1s est\u00e1ndar, pero veremos tambi\u00e9n alternativas, especialmente las que son de c\u00f3digo abierto, como Gimp.<\/p>\n<p>De qu\u00e9 manera distribuimos nuestras im\u00e1genes es tambi\u00e9n una pregunta capital, teniendo a nuestro alcance varias redes sociales, gen\u00e9ricas o especializadas, y distintos repositorios. Internet est\u00e1 lleno de fotograf\u00edas accesibles para nuestros proyectos, pero tenemos que considerar cuestiones de propiedad intelectual si no queremos pillarnos los dedos.<\/p>\n<p>Una vez tenemos nuestras im\u00e1genes con el mejor desarrollo t\u00e9cnico y creativo posible, es la hora de construir una historia con ellas, y nos tendremos que fijar en su impacto est\u00e9tico, evidentemente, pero tambi\u00e9n en la manera en que transmiten emociones y c\u00f3mo las utilizamos para construir nuestro mensaje que, finalmente, es el problema central.<\/p>\n","protected":false},"excerpt":{"rendered":"<p>Dicen que una imagen vale m\u00e1s que mil palabras. Esto tambi\u00e9n significa que una imagen mal elegida pesar\u00e1 mucho m\u00e1s que novecientas noventa y nueve palabras bien trabajadas y organizadas. Una foto pixelada o una imagen gratuita pueden aniquilar una entrada en un blog o un fascinante informe en PDF. Estamos en la cultura de [&hellip;]<\/p>\n","protected":false},"author":1,"featured_media":0,"parent":0,"menu_order":0,"comment_status":"closed","ping_status":"closed","template":"","meta":{"inline_featured_image":false},"acf":[],"_links":{"self":[{"href":"http:\/\/disseny-test.uoc.edu\/materials\/prod-digital\/es\/wp-json\/wp\/v2\/pages\/680"}],"collection":[{"href":"http:\/\/disseny-test.uoc.edu\/materials\/prod-digital\/es\/wp-json\/wp\/v2\/pages"}],"about":[{"href":"http:\/\/disseny-test.uoc.edu\/materials\/prod-digital\/es\/wp-json\/wp\/v2\/types\/page"}],"author":[{"embeddable":true,"href":"http:\/\/disseny-test.uoc.edu\/materials\/prod-digital\/es\/wp-json\/wp\/v2\/users\/1"}],"replies":[{"embeddable":true,"href":"http:\/\/disseny-test.uoc.edu\/materials\/prod-digital\/es\/wp-json\/wp\/v2\/comments?post=680"}],"version-history":[{"count":1,"href":"http:\/\/disseny-test.uoc.edu\/materials\/prod-digital\/es\/wp-json\/wp\/v2\/pages\/680\/revisions"}],"predecessor-version":[{"id":681,"href":"http:\/\/disseny-test.uoc.edu\/materials\/prod-digital\/es\/wp-json\/wp\/v2\/pages\/680\/revisions\/681"}],"wp:attachment":[{"href":"http:\/\/disseny-test.uoc.edu\/materials\/prod-digital\/es\/wp-json\/wp\/v2\/media?parent=680"}],"curies":[{"name":"wp","href":"https:\/\/api.w.org\/{rel}","templated":true}]}}