{"id":682,"date":"2018-01-30T08:25:59","date_gmt":"2018-01-30T08:25:59","guid":{"rendered":"http:\/\/disseny-test.uoc.edu\/materials\/prod-digital\/?page_id=682"},"modified":"2018-01-30T08:25:59","modified_gmt":"2018-01-30T08:25:59","slug":"4-2-1-que-tipo-de-contenidos-quiero-transmitir","status":"publish","type":"page","link":"http:\/\/disseny-test.uoc.edu\/materials\/prod-digital\/es\/4-2-1-que-tipo-de-contenidos-quiero-transmitir\/","title":{"rendered":"4.2.1. \u00bfQu\u00e9 tipo de contenidos quiero transmitir?"},"content":{"rendered":"<p>Las tecnolog\u00edas digitales tienen un problema conceptual que a menudo pasa desapercibido. Lo hemos bautizado como <strong>falsa inmediatez<\/strong>. En el mundo anal\u00f3gico, crear una publicaci\u00f3n con fotograf\u00edas es un proceso costoso: cargamos una c\u00e1mara con un rollo de pel\u00edcula fotogr\u00e1fica, tomamos las fotos, las revelamos, creamos una plantilla, pegamos la foto, etc. En el mundo digital, una visita a Google Images o equivalente, cuatro clics y ya tenemos un flamante poscargado de im\u00e1genes en nuestro blog.<\/p>\n<p>Sin embargo, esta inmediatez viene con un riesgo conceptual importante a\u00f1adido: la facilidad con la que creamos contenido irrelevante, sobrecargado, absurdo o contradictorio. Del mismo modo que la primera vez que nos encontramos con filtros de imagen como Snapchat podemos pasarnos horas poniendo efectos, orejas de conejo o bigotes postizos a una foto, es muy f\u00e1cil caer en la tentaci\u00f3n de la falsa inmediatez e inundar nuestras p\u00e1ginas web, entradas a las redes sociales, trabajos universitarios o panfletos informativos con im\u00e1genes, ilustraciones y diagramas que no vienen a cuento.<\/p>\n<p>As\u00ed pues, el primer paso es pararnos a pensar: \u00bfqu\u00e9 contenidos queremos transmitir? Una imagen tiene muchas funciones comunicativas disponibles, como por ejemplo:<\/p>\n<ul>\n<li>Llamar la atenci\u00f3n del usuario para que acceda al contenido que hemos creado.<\/li>\n<li>Crear un espacio de reposo cognitivo en medio de un texto.<\/li>\n<li>Ofrecer una informaci\u00f3n relevante para el argumento que estamos construyendo.<\/li>\n<li>Ofrecer ejemplos de lo que se est\u00e1 explicando en el texto.<\/li>\n<li>Explicar alg\u00fan concepto que sea complejo de narrar solo con palabras.<\/li>\n<li>Dar apoyo emocional a los contenidos ofrecidos.<\/li>\n<\/ul>\n<p>Est\u00e1 m\u00e1s all\u00e1 de los objetivos de este texto ofrecer indicaciones exhaustivas sobre c\u00f3mo elegir im\u00e1genes en funci\u00f3n de nuestro mensaje, pero a lo largo de estas p\u00e1ginas explicaremos c\u00f3mo estas diferentes funciones quedan recogidas mejor con unos formatos de imagen que con otros.<\/p>\n<p>En el apartado\u00a0<a href=\"http:\/\/disseny-test.uoc.edu\/materials\/prod-digital\/es\/4-7-1-introduccio\/\" target=\"_blank\" rel=\"noopener\">4.7 \u00abUso correcto de las im\u00e1genes en un proyecto transmedia\u00bb<\/a> ofrecemos algunos criterios de qu\u00e9 tipo de imagen da mejor apoyo a una funci\u00f3n comunicativa o a otra.<\/p>\n","protected":false},"excerpt":{"rendered":"<p>Las tecnolog\u00edas digitales tienen un problema conceptual que a menudo pasa desapercibido. Lo hemos bautizado como falsa inmediatez. En el mundo anal\u00f3gico, crear una publicaci\u00f3n con fotograf\u00edas es un proceso costoso: cargamos una c\u00e1mara con un rollo de pel\u00edcula fotogr\u00e1fica, tomamos las fotos, las revelamos, creamos una plantilla, pegamos la foto, etc. En el mundo [&hellip;]<\/p>\n","protected":false},"author":1,"featured_media":0,"parent":0,"menu_order":0,"comment_status":"closed","ping_status":"closed","template":"","meta":{"inline_featured_image":false},"acf":[],"_links":{"self":[{"href":"http:\/\/disseny-test.uoc.edu\/materials\/prod-digital\/es\/wp-json\/wp\/v2\/pages\/682"}],"collection":[{"href":"http:\/\/disseny-test.uoc.edu\/materials\/prod-digital\/es\/wp-json\/wp\/v2\/pages"}],"about":[{"href":"http:\/\/disseny-test.uoc.edu\/materials\/prod-digital\/es\/wp-json\/wp\/v2\/types\/page"}],"author":[{"embeddable":true,"href":"http:\/\/disseny-test.uoc.edu\/materials\/prod-digital\/es\/wp-json\/wp\/v2\/users\/1"}],"replies":[{"embeddable":true,"href":"http:\/\/disseny-test.uoc.edu\/materials\/prod-digital\/es\/wp-json\/wp\/v2\/comments?post=682"}],"version-history":[{"count":1,"href":"http:\/\/disseny-test.uoc.edu\/materials\/prod-digital\/es\/wp-json\/wp\/v2\/pages\/682\/revisions"}],"predecessor-version":[{"id":683,"href":"http:\/\/disseny-test.uoc.edu\/materials\/prod-digital\/es\/wp-json\/wp\/v2\/pages\/682\/revisions\/683"}],"wp:attachment":[{"href":"http:\/\/disseny-test.uoc.edu\/materials\/prod-digital\/es\/wp-json\/wp\/v2\/media?parent=682"}],"curies":[{"name":"wp","href":"https:\/\/api.w.org\/{rel}","templated":true}]}}