{"id":684,"date":"2018-01-30T08:27:27","date_gmt":"2018-01-30T08:27:27","guid":{"rendered":"http:\/\/disseny-test.uoc.edu\/materials\/prod-digital\/?page_id=684"},"modified":"2018-01-30T08:27:27","modified_gmt":"2018-01-30T08:27:27","slug":"4-2-2-a-que-publico-van-dirigidas","status":"publish","type":"page","link":"http:\/\/disseny-test.uoc.edu\/materials\/prod-digital\/es\/4-2-2-a-que-publico-van-dirigidas\/","title":{"rendered":"4.2.2. \u00bfA qu\u00e9 p\u00fablico van dirigidas?"},"content":{"rendered":"<p>Una vez hemos establecido qu\u00e9 queremos conseguir con nuestras im\u00e1genes, debemos preguntarnos por el tipo de p\u00fablico que las recibir\u00e1. Quiz\u00e1 tenemos unas infograf\u00edas muy elaboradas, resultado de combinar de una manera muy creativa maneras avanzadas de representar datos, pero todo lo que conseguimos son quejas de nuestro p\u00fablico, que no entiende nada. Son infograf\u00edas demasiadas avanzadas para un p\u00fablico general.<\/p>\n<p>As\u00ed, pues, el siguiente filtro que tenemos que llevar a cabo es c\u00f3mo es nuestro p\u00fablico: \u00bfnos dirigimos al p\u00fablico general? \u00bfEs un mensaje solo para nuestros amigos de las redes sociales? \u00bfEs un art\u00edculo acad\u00e9mico dirigido a investigadores que ya conocen la materia? \u00bfEs un proyecto comunicativo para todos los p\u00fablicos? \u00bfEntender\u00e1n un gr\u00e1fico en ingl\u00e9s que hemos sacado de la Red, o es mejor traducirlo?<\/p>\n<p>En el apartado\u00a0<a href=\"http:\/\/disseny-test.uoc.edu\/materials\/prod-digital\/es\/6-7-1-introduccio\/\" target=\"_blank\" rel=\"noopener\">6.7 \u00abUso correcto de los v\u00eddeos en un proyecto transmedia\u00bb<\/a>, hablamos un poco m\u00e1s de c\u00f3mo pensar en el p\u00fablico a la hora de concebir nuestro proyecto transmedia.<\/p>\n","protected":false},"excerpt":{"rendered":"<p>Una vez hemos establecido qu\u00e9 queremos conseguir con nuestras im\u00e1genes, debemos preguntarnos por el tipo de p\u00fablico que las recibir\u00e1. Quiz\u00e1 tenemos unas infograf\u00edas muy elaboradas, resultado de combinar de una manera muy creativa maneras avanzadas de representar datos, pero todo lo que conseguimos son quejas de nuestro p\u00fablico, que no entiende nada. Son infograf\u00edas [&hellip;]<\/p>\n","protected":false},"author":1,"featured_media":0,"parent":0,"menu_order":0,"comment_status":"closed","ping_status":"closed","template":"","meta":{"inline_featured_image":false},"acf":[],"_links":{"self":[{"href":"http:\/\/disseny-test.uoc.edu\/materials\/prod-digital\/es\/wp-json\/wp\/v2\/pages\/684"}],"collection":[{"href":"http:\/\/disseny-test.uoc.edu\/materials\/prod-digital\/es\/wp-json\/wp\/v2\/pages"}],"about":[{"href":"http:\/\/disseny-test.uoc.edu\/materials\/prod-digital\/es\/wp-json\/wp\/v2\/types\/page"}],"author":[{"embeddable":true,"href":"http:\/\/disseny-test.uoc.edu\/materials\/prod-digital\/es\/wp-json\/wp\/v2\/users\/1"}],"replies":[{"embeddable":true,"href":"http:\/\/disseny-test.uoc.edu\/materials\/prod-digital\/es\/wp-json\/wp\/v2\/comments?post=684"}],"version-history":[{"count":1,"href":"http:\/\/disseny-test.uoc.edu\/materials\/prod-digital\/es\/wp-json\/wp\/v2\/pages\/684\/revisions"}],"predecessor-version":[{"id":685,"href":"http:\/\/disseny-test.uoc.edu\/materials\/prod-digital\/es\/wp-json\/wp\/v2\/pages\/684\/revisions\/685"}],"wp:attachment":[{"href":"http:\/\/disseny-test.uoc.edu\/materials\/prod-digital\/es\/wp-json\/wp\/v2\/media?parent=684"}],"curies":[{"name":"wp","href":"https:\/\/api.w.org\/{rel}","templated":true}]}}