{"id":686,"date":"2018-01-30T08:27:57","date_gmt":"2018-01-30T08:27:57","guid":{"rendered":"http:\/\/disseny-test.uoc.edu\/materials\/prod-digital\/?page_id=686"},"modified":"2018-01-30T08:27:57","modified_gmt":"2018-01-30T08:27:57","slug":"4-2-3-en-que-medio-estaran-situadas","status":"publish","type":"page","link":"http:\/\/disseny-test.uoc.edu\/materials\/prod-digital\/es\/4-2-3-en-que-medio-estaran-situadas\/","title":{"rendered":"4.2.3. \u00bfEn qu\u00e9 medio estar\u00e1n situadas?"},"content":{"rendered":"<p>Esta pregunta es muy relevante cuando hablamos de formatos. \u00bfD\u00f3nde situaremos nuestro proyecto transmedia? \u00bfEst\u00e1 pensado para estar alojado en la web, pero ser accesible solo con una buena conexi\u00f3n y desde un ordenador de sobremesa? \u00bfO es un proyecto pensado para ser accesible desde tel\u00e9fonos m\u00f3viles? \u00bfO tal vez est\u00e1 pensado como una aplicaci\u00f3n? \u00bfSer\u00e1 un PDF interactivo? \u00bfO un documento que est\u00e1 pensado para ser imprimido? \u00bfO quiz\u00e1 forma parte de una compleja instalaci\u00f3n art\u00edstica interactiva? Cada medio tiene sus propias necesidades, y aqu\u00ed los formatos son especialmente clave.<\/p>\n","protected":false},"excerpt":{"rendered":"<p>Esta pregunta es muy relevante cuando hablamos de formatos. \u00bfD\u00f3nde situaremos nuestro proyecto transmedia? \u00bfEst\u00e1 pensado para estar alojado en la web, pero ser accesible solo con una buena conexi\u00f3n y desde un ordenador de sobremesa? \u00bfO es un proyecto pensado para ser accesible desde tel\u00e9fonos m\u00f3viles? \u00bfO tal vez est\u00e1 pensado como una aplicaci\u00f3n? [&hellip;]<\/p>\n","protected":false},"author":1,"featured_media":0,"parent":0,"menu_order":0,"comment_status":"closed","ping_status":"closed","template":"","meta":{"inline_featured_image":false},"acf":[],"_links":{"self":[{"href":"http:\/\/disseny-test.uoc.edu\/materials\/prod-digital\/es\/wp-json\/wp\/v2\/pages\/686"}],"collection":[{"href":"http:\/\/disseny-test.uoc.edu\/materials\/prod-digital\/es\/wp-json\/wp\/v2\/pages"}],"about":[{"href":"http:\/\/disseny-test.uoc.edu\/materials\/prod-digital\/es\/wp-json\/wp\/v2\/types\/page"}],"author":[{"embeddable":true,"href":"http:\/\/disseny-test.uoc.edu\/materials\/prod-digital\/es\/wp-json\/wp\/v2\/users\/1"}],"replies":[{"embeddable":true,"href":"http:\/\/disseny-test.uoc.edu\/materials\/prod-digital\/es\/wp-json\/wp\/v2\/comments?post=686"}],"version-history":[{"count":1,"href":"http:\/\/disseny-test.uoc.edu\/materials\/prod-digital\/es\/wp-json\/wp\/v2\/pages\/686\/revisions"}],"predecessor-version":[{"id":687,"href":"http:\/\/disseny-test.uoc.edu\/materials\/prod-digital\/es\/wp-json\/wp\/v2\/pages\/686\/revisions\/687"}],"wp:attachment":[{"href":"http:\/\/disseny-test.uoc.edu\/materials\/prod-digital\/es\/wp-json\/wp\/v2\/media?parent=686"}],"curies":[{"name":"wp","href":"https:\/\/api.w.org\/{rel}","templated":true}]}}