{"id":688,"date":"2018-01-30T08:30:19","date_gmt":"2018-01-30T08:30:19","guid":{"rendered":"http:\/\/disseny-test.uoc.edu\/materials\/prod-digital\/?page_id=688"},"modified":"2018-01-30T08:30:19","modified_gmt":"2018-01-30T08:30:19","slug":"4-2-4-que-modelo-de-negocio-hay-tras-estos-contenidos","status":"publish","type":"page","link":"http:\/\/disseny-test.uoc.edu\/materials\/prod-digital\/es\/4-2-4-que-modelo-de-negocio-hay-tras-estos-contenidos\/","title":{"rendered":"4.2.4. \u00bfQu\u00e9 modelo de negocio hay tras estos contenidos?"},"content":{"rendered":"<p>No hace falta ser un emprendedor a lo Elon Musk para tener un modelo de negocio asociado a nuestro proyecto transmedia.<\/p>\n<div class=\"featured featured-blue\"><p>Cuando hablamos de modelo de negocio, simplemente nos preguntamos por la sostenibilidad de nuestro proyecto como creadores digitales.<\/p>\n<\/div>\n<p>Crear un proyecto de comunicaci\u00f3n transmedia interesante y relevante requiere, como m\u00ednimo, un gasto de tiempo, tiempo que no podemos dedicar a otra cosa. E inevitablemente, aparecer\u00e1n otros gastos: almacenamiento web, impresi\u00f3n, encargo de diagramas o ilustraciones, etc.<\/p>\n<p>Quiz\u00e1 pensemos que el proyecto no tiene otra funci\u00f3n que divertirnos y ense\u00f1arnos algo sobre la creaci\u00f3n de proyectos transmedia. Ning\u00fan problema, este es nuestro modelo de negocio.<\/p>\n<p>Otra posibilidad es situarnos en el modelo de la econom\u00eda de la atenci\u00f3n. Ofrecemos propuestas de comunicaci\u00f3n gratis y de calidad, con la esperanza de que nuestro trabajo nos convierta en una persona conocida y podamos ganarnos la vida como creadores digitales. Tampoco es una idea tan loca. <em>El Marciano<\/em>, el best-seller de Andy Weir despu\u00e9s convertido en pel\u00edcula, empez\u00f3 como una novela por entregas en un blog.<\/p>\n<p>Sin embargo, tambi\u00e9n podemos pensar en monetizar directamente nuestro proyecto. La opci\u00f3n m\u00e1s sencilla es incluir anuncios en nuestro proyecto y cobrar un peque\u00f1o precio por clic. Tambi\u00e9n podemos buscar un distribuidor que difunda nuestro proyecto de manera profesional, o confiar en nuestras capacidades en las redes sociales y distribuirlo nosotros mismos. Si el plan es crear un contenido estable, podemos establecer alg\u00fan tipo de modelo de suscripci\u00f3n o un sistema de semipago.<\/p>\n<p>Si no estamos seguros de si nuestro proyecto crear\u00e1 el suficiente inter\u00e9s como para obtener una financiaci\u00f3n que lo haga sostenible, podemos encontrar algunas de las decenas de plataformas de financiaci\u00f3n colectiva que hay en internet ahora mismo, y buscar financiaci\u00f3n.<\/p>\n<p>En el apartado\u00a0\u00a0<a href=\"http:\/\/disseny-test.uoc.edu\/materials\/prod-digital\/es\/6-2-4-el-financament-collectiu-pas-a-pas\/\" target=\"_blank\" rel=\"noopener\">6.2.4 \u00abLa financiaci\u00f3n colectiva paso a paso\u00bb<\/a>, damos m\u00e1s detalles sobre c\u00f3mo organizar una campa\u00f1a as\u00ed.<\/p>\n<p>La calidad de nuestras im\u00e1genes tendr\u00e1 que reflejar el modelo econ\u00f3mico que hemos elegido. Es aceptable utilizar im\u00e1genes en baja resoluci\u00f3n, capturadas directamente de la web y sin citar al autor, si nuestro objetivo es simplemente charlar con nuestros amigos, pero no podemos esperar que alguien pague por algo hecho de una manera tan poco profesional.<\/p>\n<p>Del mismo modo, un PDF que nos descargamos gratuitamente mientras evitamos un par de <em>banners<\/em> puede tener im\u00e1genes de baja resoluci\u00f3n, pero no os extra\u00f1e, despu\u00e9s de anunciar a bombo y platillo en Kickstarter un excelente libro de fotograf\u00edas de paisaje, que os encontr\u00e9is con clientes indignados al descubrir que estas supuestas \u00abexcelentes fotograf\u00edas\u00bb tienen una resoluci\u00f3n pobre y tan solo 256 colores.<\/p>\n","protected":false},"excerpt":{"rendered":"<p>No hace falta ser un emprendedor a lo Elon Musk para tener un modelo de negocio asociado a nuestro proyecto transmedia. Crear un proyecto de comunicaci\u00f3n transmedia interesante y relevante requiere, como m\u00ednimo, un gasto de tiempo, tiempo que no podemos dedicar a otra cosa. E inevitablemente, aparecer\u00e1n otros gastos: almacenamiento web, impresi\u00f3n, encargo de [&hellip;]<\/p>\n","protected":false},"author":1,"featured_media":0,"parent":0,"menu_order":0,"comment_status":"closed","ping_status":"closed","template":"","meta":{"inline_featured_image":false},"acf":[],"_links":{"self":[{"href":"http:\/\/disseny-test.uoc.edu\/materials\/prod-digital\/es\/wp-json\/wp\/v2\/pages\/688"}],"collection":[{"href":"http:\/\/disseny-test.uoc.edu\/materials\/prod-digital\/es\/wp-json\/wp\/v2\/pages"}],"about":[{"href":"http:\/\/disseny-test.uoc.edu\/materials\/prod-digital\/es\/wp-json\/wp\/v2\/types\/page"}],"author":[{"embeddable":true,"href":"http:\/\/disseny-test.uoc.edu\/materials\/prod-digital\/es\/wp-json\/wp\/v2\/users\/1"}],"replies":[{"embeddable":true,"href":"http:\/\/disseny-test.uoc.edu\/materials\/prod-digital\/es\/wp-json\/wp\/v2\/comments?post=688"}],"version-history":[{"count":1,"href":"http:\/\/disseny-test.uoc.edu\/materials\/prod-digital\/es\/wp-json\/wp\/v2\/pages\/688\/revisions"}],"predecessor-version":[{"id":691,"href":"http:\/\/disseny-test.uoc.edu\/materials\/prod-digital\/es\/wp-json\/wp\/v2\/pages\/688\/revisions\/691"}],"wp:attachment":[{"href":"http:\/\/disseny-test.uoc.edu\/materials\/prod-digital\/es\/wp-json\/wp\/v2\/media?parent=688"}],"curies":[{"name":"wp","href":"https:\/\/api.w.org\/{rel}","templated":true}]}}