{"id":689,"date":"2018-01-30T08:30:07","date_gmt":"2018-01-30T08:30:07","guid":{"rendered":"http:\/\/disseny-test.uoc.edu\/materials\/prod-digital\/?page_id=689"},"modified":"2018-01-30T08:30:07","modified_gmt":"2018-01-30T08:30:07","slug":"4-2-5-por-que-necesitamos-algoritmos-de-compresion","status":"publish","type":"page","link":"http:\/\/disseny-test.uoc.edu\/materials\/prod-digital\/es\/4-2-5-por-que-necesitamos-algoritmos-de-compresion\/","title":{"rendered":"4.2.5. \u00bfPor qu\u00e9 necesitamos algoritmos  de compresi\u00f3n?"},"content":{"rendered":"<p>Los diferentes formatos de imagen que describiremos en el apartado siguiente son el resultado de utilizar varias t\u00e9cnicas y estilos de compresi\u00f3n de ficheros. Estas t\u00e9cnicas y estilos buscan mejorar la velocidad con la que una imagen aparecer\u00e1 en nuestra pantalla, y el espacio que ocupar\u00e1 en un disco duro.<\/p>\n<div class=\"featured featured-blue\"><p>Un fichero no comprimido es aquel al que no se ha aplicado ning\u00fan tipo de reducci\u00f3n de medida y los bytes que lo componen son los mismos que compon\u00edan la imagen original.<\/p>\n<\/div>\n<p>Esta manera de almacenar informaci\u00f3n se describe a veces como <em>raw<\/em> (cruda), porque los datos originales no han sufrido ning\u00fan tipo de \u00abcocci\u00f3n\u00bb que los transforme.<\/p>\n<p>En principio, lo ideal ser\u00eda no modificar nada los datos. Un texto, como un poema o un programa de ordenador, se tiende a almacenar de manera no comprimida, puesto que la p\u00e9rdida de una sola palabra podr\u00eda dar una incomprensi\u00f3n del poema o un error en la ejecuci\u00f3n del programa. Aparte de esto, ocupan tan poco espacio que tampoco tendr\u00eda mucho sentido comprimirlos.<\/p>\n<p>Sin embargo, como acabamos de decir, muchas veces nos interesa, por cuestiones de almacenamiento y\/o velocidad, disponer de ficheros con un tama\u00f1o m\u00e1s peque\u00f1o. A la hora de localizar el avatar de un amigo nuestro en un canal de contenidos de Twitter o ver un v\u00eddeo de nuestro grupo favorito en el m\u00f3vil, nos podemos contentar con una versi\u00f3n aproximada, aunque perdamos matices. De aqu\u00ed la importancia de los <strong>mecanismos de compresi\u00f3n<\/strong>.<\/p>\n","protected":false},"excerpt":{"rendered":"<p>Los diferentes formatos de imagen que describiremos en el apartado siguiente son el resultado de utilizar varias t\u00e9cnicas y estilos de compresi\u00f3n de ficheros. Estas t\u00e9cnicas y estilos buscan mejorar la velocidad con la que una imagen aparecer\u00e1 en nuestra pantalla, y el espacio que ocupar\u00e1 en un disco duro. Esta manera de almacenar informaci\u00f3n [&hellip;]<\/p>\n","protected":false},"author":1,"featured_media":0,"parent":0,"menu_order":0,"comment_status":"closed","ping_status":"closed","template":"","meta":{"inline_featured_image":false},"acf":[],"_links":{"self":[{"href":"http:\/\/disseny-test.uoc.edu\/materials\/prod-digital\/es\/wp-json\/wp\/v2\/pages\/689"}],"collection":[{"href":"http:\/\/disseny-test.uoc.edu\/materials\/prod-digital\/es\/wp-json\/wp\/v2\/pages"}],"about":[{"href":"http:\/\/disseny-test.uoc.edu\/materials\/prod-digital\/es\/wp-json\/wp\/v2\/types\/page"}],"author":[{"embeddable":true,"href":"http:\/\/disseny-test.uoc.edu\/materials\/prod-digital\/es\/wp-json\/wp\/v2\/users\/1"}],"replies":[{"embeddable":true,"href":"http:\/\/disseny-test.uoc.edu\/materials\/prod-digital\/es\/wp-json\/wp\/v2\/comments?post=689"}],"version-history":[{"count":1,"href":"http:\/\/disseny-test.uoc.edu\/materials\/prod-digital\/es\/wp-json\/wp\/v2\/pages\/689\/revisions"}],"predecessor-version":[{"id":690,"href":"http:\/\/disseny-test.uoc.edu\/materials\/prod-digital\/es\/wp-json\/wp\/v2\/pages\/689\/revisions\/690"}],"wp:attachment":[{"href":"http:\/\/disseny-test.uoc.edu\/materials\/prod-digital\/es\/wp-json\/wp\/v2\/media?parent=689"}],"curies":[{"name":"wp","href":"https:\/\/api.w.org\/{rel}","templated":true}]}}