{"id":697,"date":"2018-01-30T08:36:47","date_gmt":"2018-01-30T08:36:47","guid":{"rendered":"http:\/\/disseny-test.uoc.edu\/materials\/prod-digital\/?page_id=697"},"modified":"2018-01-30T08:36:47","modified_gmt":"2018-01-30T08:36:47","slug":"4-3-3-gif","status":"publish","type":"page","link":"http:\/\/disseny-test.uoc.edu\/materials\/prod-digital\/es\/4-3-3-gif\/","title":{"rendered":"4.3.3. GIF"},"content":{"rendered":"<div class=\"featured featured-blue\"><p>Siguiendo el esquema de tipo de formato que explicamos en el apartado anterior, <a href=\"javascript:void(0);\" class=\"tooltip\" data-toggle=\"popover\" data-placement=\"bottom\" data-content=\"GIF son las siglas de <em>graphics interchange format<\/em>, o formato para el intercambio de gr\u00e1ficos\" data-placement=\"top\" data-html=\"true\" ><strong>GIF<\/strong><\/a> es un formato comprimido sin p\u00e9rdida \u2013ninguno de los p\u00edxeles originales de la imagen se pierden al pasarla a GIF\u2013, con paleta de color indexado.<\/p>\n<\/div>\n<ol>\n<li>GIF usa una paleta de color indexado de 256 y, por lo tanto, puede reducir el tama\u00f1o de imagen hasta el 50 % sin necesidad de perder ning\u00fan p\u00edxel por el camino.<\/li>\n<li>Es el \u00fanico sistema de compresi\u00f3n de uso com\u00fan que permite crear im\u00e1genes animadas que ocupen relativamente poco espacio.<\/li>\n<li>GIF fue creado en 1989, y es el formato de imagen para la web m\u00e1s antiguo. De este modo, funciona en cualquier sistema operativo y aplicaci\u00f3n est\u00e1ndar.<\/li>\n<\/ol>\n<h4><strong>\u00bfCu\u00e1ndo es necesario utilizar GIF?<\/strong><\/h4>\n<p>Podemos usar un GIF para generar una animaci\u00f3n, y de hecho es la mejor opci\u00f3n.<\/p>\n<p>Tambi\u00e9n funciona para diagramas, dibujos, logotipos con pocos colores, o cuando necesitamos jugar con transparencias. De todos modos, si no pensamos animarla, probablemente la misma imagen guardada como PNG ocupar\u00e1 menos espacio.<\/p>\n<p>Para m\u00e1s informaci\u00f3n: <a href=\"http:\/\/disseny-test.uoc.edu\/materials\/prod-digital\/es\/4-3-5-png\/\" target=\"_blank\" rel=\"noopener\">4.3.5 \u00abPNG\u00bb<\/a><\/p>\n<div class=\"featured featured-blue\"><p>No es recomendable con im\u00e1genes con muchos colores, como fotograf\u00edas, salvo que nuestro objetivo sea hacer una animaci\u00f3n con ellas.<\/p>\n<\/div>\n","protected":false},"excerpt":{"rendered":"<p>GIF usa una paleta de color indexado de 256 y, por lo tanto, puede reducir el tama\u00f1o de imagen hasta el 50 % sin necesidad de perder ning\u00fan p\u00edxel por el camino. Es el \u00fanico sistema de compresi\u00f3n de uso com\u00fan que permite crear im\u00e1genes animadas que ocupen relativamente poco espacio. GIF fue creado en [&hellip;]<\/p>\n","protected":false},"author":1,"featured_media":0,"parent":0,"menu_order":0,"comment_status":"closed","ping_status":"closed","template":"","meta":{"inline_featured_image":false},"acf":[],"_links":{"self":[{"href":"http:\/\/disseny-test.uoc.edu\/materials\/prod-digital\/es\/wp-json\/wp\/v2\/pages\/697"}],"collection":[{"href":"http:\/\/disseny-test.uoc.edu\/materials\/prod-digital\/es\/wp-json\/wp\/v2\/pages"}],"about":[{"href":"http:\/\/disseny-test.uoc.edu\/materials\/prod-digital\/es\/wp-json\/wp\/v2\/types\/page"}],"author":[{"embeddable":true,"href":"http:\/\/disseny-test.uoc.edu\/materials\/prod-digital\/es\/wp-json\/wp\/v2\/users\/1"}],"replies":[{"embeddable":true,"href":"http:\/\/disseny-test.uoc.edu\/materials\/prod-digital\/es\/wp-json\/wp\/v2\/comments?post=697"}],"version-history":[{"count":1,"href":"http:\/\/disseny-test.uoc.edu\/materials\/prod-digital\/es\/wp-json\/wp\/v2\/pages\/697\/revisions"}],"predecessor-version":[{"id":698,"href":"http:\/\/disseny-test.uoc.edu\/materials\/prod-digital\/es\/wp-json\/wp\/v2\/pages\/697\/revisions\/698"}],"wp:attachment":[{"href":"http:\/\/disseny-test.uoc.edu\/materials\/prod-digital\/es\/wp-json\/wp\/v2\/media?parent=697"}],"curies":[{"name":"wp","href":"https:\/\/api.w.org\/{rel}","templated":true}]}}