{"id":699,"date":"2018-01-30T08:38:45","date_gmt":"2018-01-30T08:38:45","guid":{"rendered":"http:\/\/disseny-test.uoc.edu\/materials\/prod-digital\/?page_id=699"},"modified":"2018-01-30T08:38:45","modified_gmt":"2018-01-30T08:38:45","slug":"4-3-4-jpeg","status":"publish","type":"page","link":"http:\/\/disseny-test.uoc.edu\/materials\/prod-digital\/es\/4-3-4-jpeg\/","title":{"rendered":"4.3.4. JPEG"},"content":{"rendered":"<div class=\"featured featured-blue\"><p><a href=\"javascript:void(0);\" class=\"tooltip\" data-toggle=\"popover\" data-placement=\"bottom\" data-content=\"JPEG son las siglas de <em>joint photographic expert group<\/em>. Tambi\u00e9n podemos encontrarlo con la abreviatura de JPG.\" data-placement=\"top\" data-html=\"true\" ><strong>JPEG<\/strong><\/a> es un formato de compresi\u00f3n con p\u00e9rdida. Es decir, para conseguir un fichero de un tama\u00f1o significativamente menor que el original, se ha procedido a eliminar informaci\u00f3n, con lo que perdemos un poco de calidad.<\/p>\n<\/div>\n<p>Sin embargo, tiene un sistema de 24 bits para almacenar color, con el que puede mostrar hasta 16 millones de colores diferentes, y por lo tanto podemos considerarlo un formato de color directo.<\/p>\n<p>Si comparamos una imagen original con su versi\u00f3n en JPEG, veremos que la conversi\u00f3n en JPEG nos ofrece colores con menos brillo y l\u00edneas menos definidas. Las diferencias quedan muy claras si hacemos un <em>zoom<\/em> sobre la imagen, en el que vemos zonas donde se ha perdido la informaci\u00f3n original y queda sustituida por l\u00edneas peculiares o bloques de color que no pertenecen a la imagen original.<\/p>\n<p>Igual que GIF, funciona sin problemas en cualquier sistema operativo (Linux, OS X, Windows), y la mayor\u00eda de las c\u00e1maras digitales permiten grabar directamente como JPEG.<\/p>\n<p>A diferencia de GIF, no permite trabajar con transparencias.<\/p>\n<h4><strong>\u00bfCu\u00e1ndo usar JPEG?<\/strong><\/h4>\n<p>Cuando queremos mostrar fotograf\u00edas y otras im\u00e1genes con mucho colorido en un entorno donde las im\u00e1genes se carguen r\u00e1pidamente, como una p\u00e1gina web, una aplicaci\u00f3n m\u00f3vil, etc.<\/p>\n<p>No es recomendable usar JPEG para esquemas o logos:<\/p>\n<ul>\n<li>En primer lugar, porque la imagen no aparecer\u00e1 tan n\u00edtida como en un GIF.<\/li>\n<li>En segundo lugar, porque, a pesar de la compresi\u00f3n, siempre ocupar\u00e1n m\u00e1s espacio que un GIF.<\/li>\n<\/ul>\n<div class=\"featured featured-blue\"><p>Como en todos los formatos con p\u00e9rdida, es muy importante que la conversi\u00f3n la hagamos solo una vez. Si vamos modificando un JPEG y volvemos a grabarlo como JPEG otra vez, es f\u00e1cil que perdamos informaci\u00f3n en cada conversi\u00f3n.<\/p>\n<\/div>\n","protected":false},"excerpt":{"rendered":"<p>Sin embargo, tiene un sistema de 24 bits para almacenar color, con el que puede mostrar hasta 16 millones de colores diferentes, y por lo tanto podemos considerarlo un formato de color directo. Si comparamos una imagen original con su versi\u00f3n en JPEG, veremos que la conversi\u00f3n en JPEG nos ofrece colores con menos brillo [&hellip;]<\/p>\n","protected":false},"author":1,"featured_media":0,"parent":0,"menu_order":0,"comment_status":"closed","ping_status":"closed","template":"","meta":{"inline_featured_image":false},"acf":[],"_links":{"self":[{"href":"http:\/\/disseny-test.uoc.edu\/materials\/prod-digital\/es\/wp-json\/wp\/v2\/pages\/699"}],"collection":[{"href":"http:\/\/disseny-test.uoc.edu\/materials\/prod-digital\/es\/wp-json\/wp\/v2\/pages"}],"about":[{"href":"http:\/\/disseny-test.uoc.edu\/materials\/prod-digital\/es\/wp-json\/wp\/v2\/types\/page"}],"author":[{"embeddable":true,"href":"http:\/\/disseny-test.uoc.edu\/materials\/prod-digital\/es\/wp-json\/wp\/v2\/users\/1"}],"replies":[{"embeddable":true,"href":"http:\/\/disseny-test.uoc.edu\/materials\/prod-digital\/es\/wp-json\/wp\/v2\/comments?post=699"}],"version-history":[{"count":1,"href":"http:\/\/disseny-test.uoc.edu\/materials\/prod-digital\/es\/wp-json\/wp\/v2\/pages\/699\/revisions"}],"predecessor-version":[{"id":700,"href":"http:\/\/disseny-test.uoc.edu\/materials\/prod-digital\/es\/wp-json\/wp\/v2\/pages\/699\/revisions\/700"}],"wp:attachment":[{"href":"http:\/\/disseny-test.uoc.edu\/materials\/prod-digital\/es\/wp-json\/wp\/v2\/media?parent=699"}],"curies":[{"name":"wp","href":"https:\/\/api.w.org\/{rel}","templated":true}]}}