{"id":703,"date":"2018-01-30T08:42:25","date_gmt":"2018-01-30T08:42:25","guid":{"rendered":"http:\/\/disseny-test.uoc.edu\/materials\/prod-digital\/?page_id=703"},"modified":"2018-01-30T08:42:25","modified_gmt":"2018-01-30T08:42:25","slug":"4-3-6-tiff","status":"publish","type":"page","link":"http:\/\/disseny-test.uoc.edu\/materials\/prod-digital\/es\/4-3-6-tiff\/","title":{"rendered":"4.3.6. TIFF"},"content":{"rendered":"<p><a href=\"javascript:void(0);\" class=\"tooltip\" data-toggle=\"popover\" data-placement=\"bottom\" data-content=\"TIFF son las siglas de <em>tagged image file format<\/em>, es decir, formato de fichero de imagen etiquetado.\" data-placement=\"top\" data-html=\"true\" ><strong>TIFF<\/strong><\/a> es un formato mucho m\u00e1s reciente que los anteriores, creado en el 2009, en una \u00e9poca en la que los ordenadores ya dispon\u00edan de m\u00e1s capacidad de procesamiento y de almacenamiento. Actualmente, es propiedad de Tova.<\/p>\n<div class=\"featured featured-blue\"><p>TIFF es un formato muy flexible. Podemos crear TIFF sin p\u00e9rdida o con p\u00e9rdida, usando varios algoritmos, del JPEG al ZIP, y permite generar im\u00e1genes de gran calidad, con colores mucho m\u00e1s brillantes y realistas que un JPEG, al permitir registrar tambi\u00e9n distintas intensidades en los p\u00edxeles.<\/p>\n<\/div>\n<h4><strong>\u00bfCu\u00e1ndo usar TIFF?<\/strong><\/h4>\n<p>Es un formato de alta calidad, que permite trabajar con millones de colores y con im\u00e1genes muy similares al original, o incluso sin p\u00e9rdida. Es ideal para almacenar nuestras fotos, proyectos de dise\u00f1o gr\u00e1fico, impresi\u00f3n, etc.<\/p>\n<div class=\"featured featured-blue\"><p>No es recomendable en proyectos en los que la velocidad de lectura o el peso en bytes de la imagen sean una cuesti\u00f3n relevante, como una p\u00e1gina web, una aplicaci\u00f3n m\u00f3vil, etc., puesto que se trata de im\u00e1genes mucho m\u00e1s pesadas que las descritas anteriormente, y por eso ocupan mucho espacio en disco y tardan m\u00e1s en cargarse.<\/p>\n<\/div>\n","protected":false},"excerpt":{"rendered":"<p>es un formato mucho m\u00e1s reciente que los anteriores, creado en el 2009, en una \u00e9poca en la que los ordenadores ya dispon\u00edan de m\u00e1s capacidad de procesamiento y de almacenamiento. Actualmente, es propiedad de Tova. \u00bfCu\u00e1ndo usar TIFF? Es un formato de alta calidad, que permite trabajar con millones de colores y con im\u00e1genes [&hellip;]<\/p>\n","protected":false},"author":1,"featured_media":0,"parent":0,"menu_order":0,"comment_status":"closed","ping_status":"closed","template":"","meta":{"inline_featured_image":false},"acf":[],"_links":{"self":[{"href":"http:\/\/disseny-test.uoc.edu\/materials\/prod-digital\/es\/wp-json\/wp\/v2\/pages\/703"}],"collection":[{"href":"http:\/\/disseny-test.uoc.edu\/materials\/prod-digital\/es\/wp-json\/wp\/v2\/pages"}],"about":[{"href":"http:\/\/disseny-test.uoc.edu\/materials\/prod-digital\/es\/wp-json\/wp\/v2\/types\/page"}],"author":[{"embeddable":true,"href":"http:\/\/disseny-test.uoc.edu\/materials\/prod-digital\/es\/wp-json\/wp\/v2\/users\/1"}],"replies":[{"embeddable":true,"href":"http:\/\/disseny-test.uoc.edu\/materials\/prod-digital\/es\/wp-json\/wp\/v2\/comments?post=703"}],"version-history":[{"count":1,"href":"http:\/\/disseny-test.uoc.edu\/materials\/prod-digital\/es\/wp-json\/wp\/v2\/pages\/703\/revisions"}],"predecessor-version":[{"id":704,"href":"http:\/\/disseny-test.uoc.edu\/materials\/prod-digital\/es\/wp-json\/wp\/v2\/pages\/703\/revisions\/704"}],"wp:attachment":[{"href":"http:\/\/disseny-test.uoc.edu\/materials\/prod-digital\/es\/wp-json\/wp\/v2\/media?parent=703"}],"curies":[{"name":"wp","href":"https:\/\/api.w.org\/{rel}","templated":true}]}}