{"id":705,"date":"2018-01-30T08:45:25","date_gmt":"2018-01-30T08:45:25","guid":{"rendered":"http:\/\/disseny-test.uoc.edu\/materials\/prod-digital\/?page_id=705"},"modified":"2018-01-30T08:45:25","modified_gmt":"2018-01-30T08:45:25","slug":"4-3-7-bmp","status":"publish","type":"page","link":"http:\/\/disseny-test.uoc.edu\/materials\/prod-digital\/es\/4-3-7-bmp\/","title":{"rendered":"4.3.7. BMP"},"content":{"rendered":"<p>Los ficheros en <a href=\"javascript:void(0);\" class=\"tooltip\" data-toggle=\"popover\" data-placement=\"bottom\" data-content=\"BMP es el alias para referirse al formato <em>Windows bitmap<\/em>, propiedad de Microsoft. Es un formato antiguo, sin comprimir, dise\u00f1ado espec\u00edficamente para el entorno Windows.\" data-placement=\"top\" data-html=\"true\" ><strong>BMP<\/strong><\/a> ofrecen millones de colores y buena calidad fotogr\u00e1fica, pero ocupan mucho espacio.<\/p>\n<p>Un BMP es b\u00e1sicamente una gran parrilla de millones de p\u00edxeles organizados en diferentes estructuras y coloraciones. Puede estar generado como una imagen de 8, 16 o 24 bits. Cuando hacemos un BMP m\u00e1s grande o m\u00e1s peque\u00f1o, estamos ampliando o reduciendo los p\u00edxeles, y as\u00ed es f\u00e1cil que distorsionemos la imagen original, volvi\u00e9ndola m\u00e1s borrosa y menos definida.<\/p>\n<h4><strong>\u00bfCu\u00e1ndo hay que usar BMP?<\/strong><\/h4>\n<p>Salvo que tengamos entre manos alg\u00fan proyecto para trabajar con im\u00e1genes <em>off-line<\/em> en un entorno Windows, BMP no es una buena idea. Los BMP no redimensionan ni se comprimen bien, y cualquier cosa que podamos hacer con un BMP la podremos hacer mejor con otro formato.<\/p>\n","protected":false},"excerpt":{"rendered":"<p>Los ficheros en ofrecen millones de colores y buena calidad fotogr\u00e1fica, pero ocupan mucho espacio. Un BMP es b\u00e1sicamente una gran parrilla de millones de p\u00edxeles organizados en diferentes estructuras y coloraciones. Puede estar generado como una imagen de 8, 16 o 24 bits. Cuando hacemos un BMP m\u00e1s grande o m\u00e1s peque\u00f1o, estamos ampliando [&hellip;]<\/p>\n","protected":false},"author":1,"featured_media":0,"parent":0,"menu_order":0,"comment_status":"closed","ping_status":"closed","template":"","meta":{"inline_featured_image":false},"acf":[],"_links":{"self":[{"href":"http:\/\/disseny-test.uoc.edu\/materials\/prod-digital\/es\/wp-json\/wp\/v2\/pages\/705"}],"collection":[{"href":"http:\/\/disseny-test.uoc.edu\/materials\/prod-digital\/es\/wp-json\/wp\/v2\/pages"}],"about":[{"href":"http:\/\/disseny-test.uoc.edu\/materials\/prod-digital\/es\/wp-json\/wp\/v2\/types\/page"}],"author":[{"embeddable":true,"href":"http:\/\/disseny-test.uoc.edu\/materials\/prod-digital\/es\/wp-json\/wp\/v2\/users\/1"}],"replies":[{"embeddable":true,"href":"http:\/\/disseny-test.uoc.edu\/materials\/prod-digital\/es\/wp-json\/wp\/v2\/comments?post=705"}],"version-history":[{"count":1,"href":"http:\/\/disseny-test.uoc.edu\/materials\/prod-digital\/es\/wp-json\/wp\/v2\/pages\/705\/revisions"}],"predecessor-version":[{"id":706,"href":"http:\/\/disseny-test.uoc.edu\/materials\/prod-digital\/es\/wp-json\/wp\/v2\/pages\/705\/revisions\/706"}],"wp:attachment":[{"href":"http:\/\/disseny-test.uoc.edu\/materials\/prod-digital\/es\/wp-json\/wp\/v2\/media?parent=705"}],"curies":[{"name":"wp","href":"https:\/\/api.w.org\/{rel}","templated":true}]}}