{"id":709,"date":"2018-01-30T08:49:43","date_gmt":"2018-01-30T08:49:43","guid":{"rendered":"http:\/\/disseny-test.uoc.edu\/materials\/prod-digital\/?page_id=709"},"modified":"2018-01-30T08:49:43","modified_gmt":"2018-01-30T08:49:43","slug":"4-3-9-resumen-que-formato-de-imagen-tendria-que-usar","status":"publish","type":"page","link":"http:\/\/disseny-test.uoc.edu\/materials\/prod-digital\/es\/4-3-9-resumen-que-formato-de-imagen-tendria-que-usar\/","title":{"rendered":"4.3.9. Resumen: \u00bfqu\u00e9 formato de imagen tendr\u00eda que usar?"},"content":{"rendered":"<p>A continuaci\u00f3n, un simple diagrama de flujo para ayudar en la decisi\u00f3n de qu\u00e9 formato de imagen es mejor en funci\u00f3n de la tarea encomendada.<\/p>\n<figure id=\"attachment_40\" aria-describedby=\"caption-attachment-40\" style=\"width: 328px\" class=\"wp-caption aligncenter\"><img loading=\"lazy\" class=\"alignnone size-full wp-image-602\" src=\"http:\/\/disseny-test.uoc.edu\/materials\/prod-digital\/wp-content\/uploads\/sites\/6\/2018\/01\/20015_021-1.jpg\" alt=\"\" width=\"328\" height=\"690\" srcset=\"http:\/\/disseny-test.uoc.edu\/materials\/prod-digital\/wp-content\/uploads\/sites\/6\/2018\/01\/20015_021-1.jpg 328w, http:\/\/disseny-test.uoc.edu\/materials\/prod-digital\/wp-content\/uploads\/sites\/6\/2018\/01\/20015_021-1-143x300.jpg 143w\" sizes=\"(max-width: 328px) 100vw, 328px\" \/><figcaption id=\"caption-attachment-40\" class=\"wp-caption-text\"><strong>Fuente:<\/strong> David Casacuberta.<\/figcaption><\/figure>\n","protected":false},"excerpt":{"rendered":"<p>A continuaci\u00f3n, un simple diagrama de flujo para ayudar en la decisi\u00f3n de qu\u00e9 formato de imagen es mejor en funci\u00f3n de la tarea encomendada.<\/p>\n","protected":false},"author":1,"featured_media":0,"parent":0,"menu_order":0,"comment_status":"closed","ping_status":"closed","template":"","meta":{"inline_featured_image":false},"acf":[],"_links":{"self":[{"href":"http:\/\/disseny-test.uoc.edu\/materials\/prod-digital\/es\/wp-json\/wp\/v2\/pages\/709"}],"collection":[{"href":"http:\/\/disseny-test.uoc.edu\/materials\/prod-digital\/es\/wp-json\/wp\/v2\/pages"}],"about":[{"href":"http:\/\/disseny-test.uoc.edu\/materials\/prod-digital\/es\/wp-json\/wp\/v2\/types\/page"}],"author":[{"embeddable":true,"href":"http:\/\/disseny-test.uoc.edu\/materials\/prod-digital\/es\/wp-json\/wp\/v2\/users\/1"}],"replies":[{"embeddable":true,"href":"http:\/\/disseny-test.uoc.edu\/materials\/prod-digital\/es\/wp-json\/wp\/v2\/comments?post=709"}],"version-history":[{"count":1,"href":"http:\/\/disseny-test.uoc.edu\/materials\/prod-digital\/es\/wp-json\/wp\/v2\/pages\/709\/revisions"}],"predecessor-version":[{"id":710,"href":"http:\/\/disseny-test.uoc.edu\/materials\/prod-digital\/es\/wp-json\/wp\/v2\/pages\/709\/revisions\/710"}],"wp:attachment":[{"href":"http:\/\/disseny-test.uoc.edu\/materials\/prod-digital\/es\/wp-json\/wp\/v2\/media?parent=709"}],"curies":[{"name":"wp","href":"https:\/\/api.w.org\/{rel}","templated":true}]}}