{"id":711,"date":"2018-01-30T10:30:18","date_gmt":"2018-01-30T10:30:18","guid":{"rendered":"http:\/\/disseny-test.uoc.edu\/materials\/prod-digital\/?page_id=711"},"modified":"2018-01-30T10:30:18","modified_gmt":"2018-01-30T10:30:18","slug":"4-4-1-recursos-sobre-fotografia-digital","status":"publish","type":"page","link":"http:\/\/disseny-test.uoc.edu\/materials\/prod-digital\/es\/4-4-1-recursos-sobre-fotografia-digital\/","title":{"rendered":"4.4.1. Recursos sobre fotograf\u00eda digital"},"content":{"rendered":"<p>Internet rebosa de tutoriales en diferentes estilos, longitudes y detalle. Unos preferiremos explicaciones concisas, otros que nos detallen el ejemplo paso a paso. Unos ya conocen las bases y buscan tutoriales avanzados, y otros son totalmente noveles. Tenemos opciones de solo texto, esquemas gr\u00e1ficos, audio, v\u00eddeo\u2026 As\u00ed, pues, lo mejor es hacer una b\u00fasqueda personalizada en funci\u00f3n de nuestras habilidades, intereses y estilos de aprendizaje. A continuaci\u00f3n, pod\u00e9is ver solo algunos recursos que nos parecen \u00fatiles.<\/p>\n<ul>\n<li><a href=\"https:\/\/www.youtube.com\/watch?v=Y6vE1k7CVUw\" target=\"_blank\" rel=\"noopener\"><strong>Curso de fotograf\u00eda digital en espa\u00f1ol 2014<\/strong><\/a><strong>.<\/strong> Este tutorial de 40 minutos en YouTube es muy popular y explica de manera sencilla y muy visual c\u00f3mo sacar el m\u00e1ximo partido de nuestra c\u00e1mara r\u00e9flex.<\/li>\n<li><a href=\"http:\/\/www.geofflawrence.com\/esp\/lecciones_de_fotografia.htm\" target=\"_blank\" rel=\"noopener\"><strong>Tutoriales de fotograf\u00eda de Geoff Lawrence<\/strong><\/a><strong>.<\/strong> Este tutorial est\u00e1 en buen castellano y, aunque tiene a veces algo peculiar, introduce paso a paso en todos los aspectos t\u00e9cnicos de la fotograf\u00eda de una manera aplicada. Nos introduce en toda la parte t\u00e9cnica de lentes, tr\u00edpodes, flashes y c\u00f3mo ir m\u00e1s all\u00e1 del automatismo de las c\u00e1maras actuales y jugar con luz, exposici\u00f3n, tiempo, etc. para conseguir mejores fotos.<\/li>\n<li><a href=\"https:\/\/fotografia101.com\/manual-de-fotografia\/\" target=\"_blank\" rel=\"noopener\"><strong>Manual de fotograf\u00eda<\/strong><\/a><strong>.<\/strong> Se trata de una muy buena recopilaci\u00f3n de consejos t\u00e9cnicos para poder trabajar con nuestra c\u00e1mara digital de forma manual y obtener as\u00ed mejores fotos. El curso es ofrecido por la comunidad Fotograf\u00eda 101 de apasionados por la fotograf\u00eda.<\/li>\n<li><a href=\"https:\/\/sites.google.com\/site\/marclevoylectures\/home\" target=\"_blank\" rel=\"noopener\"><strong><em>Lectures on digital photography<\/em>, de Mark Levoy<\/strong><\/a>. Este curso en ingl\u00e9s del profesor de Stanford Mark Levoy cubre todos los aspectos de la fotograf\u00eda digital, del hardware de las c\u00e1maras a los algoritmos que se usan para procesar las im\u00e1genes, incluidas tambi\u00e9n cuestiones art\u00edsticas y pr\u00e1cticas para mejorar nuestras habilidades como fot\u00f3grafos. El curso es gratuito y est\u00e1 pensado para noveles. Incluye ejercicios semanales opcionales. Es la versi\u00f3n en l\u00ednea de un curso presencial que el profesor Levoy ofrece en la Universidad de Stanford (California) desde el 2014 con enorme \u00e9xito.<\/li>\n<\/ul>\n","protected":false},"excerpt":{"rendered":"<p>Internet rebosa de tutoriales en diferentes estilos, longitudes y detalle. Unos preferiremos explicaciones concisas, otros que nos detallen el ejemplo paso a paso. Unos ya conocen las bases y buscan tutoriales avanzados, y otros son totalmente noveles. Tenemos opciones de solo texto, esquemas gr\u00e1ficos, audio, v\u00eddeo\u2026 As\u00ed, pues, lo mejor es hacer una b\u00fasqueda personalizada [&hellip;]<\/p>\n","protected":false},"author":1,"featured_media":0,"parent":0,"menu_order":0,"comment_status":"closed","ping_status":"closed","template":"","meta":{"inline_featured_image":false},"acf":[],"_links":{"self":[{"href":"http:\/\/disseny-test.uoc.edu\/materials\/prod-digital\/es\/wp-json\/wp\/v2\/pages\/711"}],"collection":[{"href":"http:\/\/disseny-test.uoc.edu\/materials\/prod-digital\/es\/wp-json\/wp\/v2\/pages"}],"about":[{"href":"http:\/\/disseny-test.uoc.edu\/materials\/prod-digital\/es\/wp-json\/wp\/v2\/types\/page"}],"author":[{"embeddable":true,"href":"http:\/\/disseny-test.uoc.edu\/materials\/prod-digital\/es\/wp-json\/wp\/v2\/users\/1"}],"replies":[{"embeddable":true,"href":"http:\/\/disseny-test.uoc.edu\/materials\/prod-digital\/es\/wp-json\/wp\/v2\/comments?post=711"}],"version-history":[{"count":1,"href":"http:\/\/disseny-test.uoc.edu\/materials\/prod-digital\/es\/wp-json\/wp\/v2\/pages\/711\/revisions"}],"predecessor-version":[{"id":712,"href":"http:\/\/disseny-test.uoc.edu\/materials\/prod-digital\/es\/wp-json\/wp\/v2\/pages\/711\/revisions\/712"}],"wp:attachment":[{"href":"http:\/\/disseny-test.uoc.edu\/materials\/prod-digital\/es\/wp-json\/wp\/v2\/media?parent=711"}],"curies":[{"name":"wp","href":"https:\/\/api.w.org\/{rel}","templated":true}]}}