{"id":715,"date":"2018-01-30T10:34:08","date_gmt":"2018-01-30T10:34:08","guid":{"rendered":"http:\/\/disseny-test.uoc.edu\/materials\/prod-digital\/?page_id=715"},"modified":"2018-01-30T10:34:08","modified_gmt":"2018-01-30T10:34:08","slug":"4-4-3-imagenes-generadas-via-ia","status":"publish","type":"page","link":"http:\/\/disseny-test.uoc.edu\/materials\/prod-digital\/es\/4-4-3-imagenes-generadas-via-ia\/","title":{"rendered":"4.4.3. Im\u00e1genes generadas v\u00eda IA"},"content":{"rendered":"<div class=\"featured featured-blue\"><p><strong>Deep Dream<\/strong> es un algoritmo generado por Google, basado en redes neuronales avanzadas que se conocen con el t\u00e9rmino general de <strong>aprendizaje profundo<\/strong> o <strong><em>deep<\/em><\/strong> <strong><em>learning<\/em><\/strong>.<\/p>\n<\/div>\n<p>Es un resultado experimental, a partir de los estudios desarrollados por Google, para conseguir una IA que pueda reconocer el contenido de una imagen y etiquetarla de manera satisfactoria. Google ofreci\u00f3 el c\u00f3digo de estos sonidos profundos en abierto, y varios desarrolladores han creado aplicaciones para utilizarlo convirtiendo nuestras fotos en extra\u00f1os paisajes psicod\u00e9licos.<\/p>\n<p>Es posible descargarse el <a href=\"https:\/\/github.com\/google\/deepdream\" target=\"_blank\" rel=\"noopener\">c\u00f3digo original en Python<\/a> si se tienen nociones de programaci\u00f3n.<\/p>\n<p><strong>Dreamscope<\/strong> permite subir la imagen que queramos y ver qu\u00e9 sucede al aplicarle el algoritmo de <a href=\"https:\/\/dreamscopeapp.com\/deep-dream-generator\" target=\"_blank\" rel=\"noopener\">Deep Dream de Google<\/a>.<\/p>\n<p><a href=\"http:\/\/psychic-vr-lab.com\/deepdream\/\" target=\"_blank\" rel=\"noopener\"><strong>Psychic-VR-Lab<\/strong><\/a> ofrece una herramienta similar, con una interfaz m\u00e1s tosca.<\/p>\n<p>Si prefer\u00eds trabajar en l\u00ednea, <a href=\"https:\/\/71squared.com\/deepdreamer\" target=\"_blank\" rel=\"noopener\"><strong>Deep Dreamer<\/strong><\/a> para OS X permite aplicar el algoritmo de Google a vuestras im\u00e1genes. La aplicaci\u00f3n permite tambi\u00e9n crear animaciones basadas en el algoritmo. <strong>DreamDeeply<\/strong> es la versi\u00f3n oficial del algoritmo de Deep Dream para un m\u00f3vil Android. Tambi\u00e9n encontramos <strong>Dreamify<\/strong>, con funcionalidades similares.<\/p>\n<p><a href=\"http:\/\/nightmare.mit.edu\/\" target=\"_blank\" rel=\"noopener\"><strong>Nightmares<\/strong><\/a><strong>.<\/strong> Un equipo de investigadores del MIT utiliza Deep Dream para generar im\u00e1genes terror\u00edficas. Si visit\u00e1is la web, pod\u00e9is votar por las caras o paisajes que os resulten m\u00e1s terror\u00edficos y, as\u00ed, ayudar a la inteligencia artificial a aprender c\u00f3mo crear escenarios y rostros todav\u00eda m\u00e1s pavorosos.<\/p>\n<figure id=\"attachment_43\" aria-describedby=\"caption-attachment-43\" style=\"width: 640px\" class=\"wp-caption aligncenter\"><img loading=\"lazy\" class=\"alignnone size-full wp-image-43\" src=\"http:\/\/disseny-test.uoc.edu\/materials\/prod-digital\/wp-content\/uploads\/sites\/6\/2018\/01\/20015_024.jpg\" alt=\"Les Horribles Cernettes despr\u00e9s d'haver estat somiades per l'aplicaci\u00f3 Deep Dreamer\" width=\"640\" height=\"508\" srcset=\"http:\/\/disseny-test.uoc.edu\/materials\/prod-digital\/wp-content\/uploads\/sites\/6\/2018\/01\/20015_024.jpg 640w, http:\/\/disseny-test.uoc.edu\/materials\/prod-digital\/wp-content\/uploads\/sites\/6\/2018\/01\/20015_024-300x238.jpg 300w\" sizes=\"(max-width: 640px) 100vw, 640px\" \/><figcaption id=\"caption-attachment-43\" class=\"wp-caption-text\"><strong>Figura 24.<\/strong> Les Horribles Cernettes despu\u00e9s de haber sido so\u00f1adas por la aplicaci\u00f3n Deep Dreamer<\/figcaption><\/figure>\n<p>&nbsp;<\/p>\n","protected":false},"excerpt":{"rendered":"<p>Es un resultado experimental, a partir de los estudios desarrollados por Google, para conseguir una IA que pueda reconocer el contenido de una imagen y etiquetarla de manera satisfactoria. Google ofreci\u00f3 el c\u00f3digo de estos sonidos profundos en abierto, y varios desarrolladores han creado aplicaciones para utilizarlo convirtiendo nuestras fotos en extra\u00f1os paisajes psicod\u00e9licos. Es [&hellip;]<\/p>\n","protected":false},"author":1,"featured_media":0,"parent":0,"menu_order":0,"comment_status":"closed","ping_status":"closed","template":"","meta":{"inline_featured_image":false},"acf":[],"_links":{"self":[{"href":"http:\/\/disseny-test.uoc.edu\/materials\/prod-digital\/es\/wp-json\/wp\/v2\/pages\/715"}],"collection":[{"href":"http:\/\/disseny-test.uoc.edu\/materials\/prod-digital\/es\/wp-json\/wp\/v2\/pages"}],"about":[{"href":"http:\/\/disseny-test.uoc.edu\/materials\/prod-digital\/es\/wp-json\/wp\/v2\/types\/page"}],"author":[{"embeddable":true,"href":"http:\/\/disseny-test.uoc.edu\/materials\/prod-digital\/es\/wp-json\/wp\/v2\/users\/1"}],"replies":[{"embeddable":true,"href":"http:\/\/disseny-test.uoc.edu\/materials\/prod-digital\/es\/wp-json\/wp\/v2\/comments?post=715"}],"version-history":[{"count":1,"href":"http:\/\/disseny-test.uoc.edu\/materials\/prod-digital\/es\/wp-json\/wp\/v2\/pages\/715\/revisions"}],"predecessor-version":[{"id":716,"href":"http:\/\/disseny-test.uoc.edu\/materials\/prod-digital\/es\/wp-json\/wp\/v2\/pages\/715\/revisions\/716"}],"wp:attachment":[{"href":"http:\/\/disseny-test.uoc.edu\/materials\/prod-digital\/es\/wp-json\/wp\/v2\/media?parent=715"}],"curies":[{"name":"wp","href":"https:\/\/api.w.org\/{rel}","templated":true}]}}