{"id":717,"date":"2018-01-30T10:37:28","date_gmt":"2018-01-30T10:37:28","guid":{"rendered":"http:\/\/disseny-test.uoc.edu\/materials\/prod-digital\/?page_id=717"},"modified":"2018-01-30T18:13:10","modified_gmt":"2018-01-30T18:13:10","slug":"4-5-herramientas-para-editar-imagenes","status":"publish","type":"page","link":"http:\/\/disseny-test.uoc.edu\/materials\/prod-digital\/es\/4-5-herramientas-para-editar-imagenes\/","title":{"rendered":"4.5. Herramientas para editar im\u00e1genes"},"content":{"rendered":"<h4><strong>Recursos Photoshop<\/strong><\/h4>\n<table>\n<tbody>\n<tr>\n<th width=\"20%\">Tutoriales oficiales<\/th>\n<td width=\"80%\">Buenos tutoriales actualizados sobre c\u00f3mo utilizar Photoshop, desarrollados por Tova. Estos tutoriales tocan todos los temas relevantes para que os convirt\u00e1is en expertos en Photoshop. Necesitar\u00e9is Flash para visualizarlos.<\/td>\n<\/tr>\n<tr>\n<th>Fot\u00f3grafo digital<\/th>\n<td>El sitio web <em>Fot\u00f3grafo digital<\/em> ofrece una gran cantidad de tutoriales e informaciones de todo tipo, y su selecci\u00f3n de trucos y t\u00e9cnicas para Photoshop y equivalentes, como Lightroom, es muy completa. Tanto si busc\u00e1is cosas gen\u00e9ricas como mejorar la luz en un retrato, como espec\u00edficas como incluir nubes en la foto de una monta\u00f1a, es un sitio muy \u00fatil.<\/td>\n<\/tr>\n<tr>\n<th>PSD Box Espa\u00f1a<\/th>\n<td>Seguramente el canal de YouTube m\u00e1s popular que ofrece tutoriales tanto b\u00e1sicos como avanzados para dominar Photoshop. Incluye tambi\u00e9n desaf\u00edos para comprobar nuestra habilidad con el programa.<\/td>\n<\/tr>\n<\/tbody>\n<\/table>\n<h4><strong>Gimp: alternativa a Photoshop<\/strong><\/h4>\n<p><strong><a href=\"http:\/\/www.jesusda.com\/docs\/tutoriales-gimp\/\" target=\"_blank\" rel=\"noopener\">Tutoriales<\/a><\/strong>\u00a0<a href=\"javascript:void(0);\" class=\"tooltip\" data-toggle=\"popover\" data-placement=\"bottom\" data-content=\"Os podr\u00e9is descargar sin problemas la \u00faltima versi\u00f3n de <a href='http:\/\/www.gimp.org.es\/descargar-gimp.html' target='_blank'>Gimp<\/a> para Linux, Windows u OS X en espa\u00f1ol gratuitamente.\" data-placement=\"top\" data-html=\"true\" ><strong>Gimp<\/strong><\/a>. En una web <em>old style<\/em>, Jes\u00fas David, m\u00e1s conocido por el apodo de jEsuSdA, defensor del software libre y dise\u00f1ador gr\u00e1fico, nos introduce en Gimp, la alternativa a Photoshop en software libre. Los talleres est\u00e1n organizados en tres niveles: b\u00e1sico, intermedio y avanzado. Tambi\u00e9n incluye instrucciones para instalarlo en nuestro sistema operativo favorito (Linux, Windows, OS X).<\/p>\n<h4><strong>Herramientas para optimizaci\u00f3n<\/strong><\/h4>\n<table>\n<tbody>\n<tr>\n<th width=\"20%\"><a href=\"http:\/\/www.lcdf.org\/gifsicle\/\" target=\"_blank\" rel=\"noopener\"><strong>Gifsicle<\/strong><\/a><\/th>\n<td width=\"80%\">Gifsicle es una herramienta de l\u00ednea de mandos que funciona en Linux, OS X y Windows, y que permite crear y optimizar GIF, adem\u00e1s de convertirlos en animaciones.<\/td>\n<\/tr>\n<tr>\n<th><a href=\"http:\/\/blog.bahraniapps.com\/gifcam\/\" target=\"_blank\" rel=\"noopener\"><strong>GIFCam<\/strong><\/a><\/th>\n<td>Esta pr\u00e1ctica herramienta para Windows permite hacer GIF animados muy detallados, como si tuvi\u00e9ramos una c\u00e1mara con la que grabamos una escena moviendo GIF. Tambi\u00e9n dispone de un sistema de edici\u00f3n simple, pero eficaz.<\/td>\n<\/tr>\n<tr>\n<th><a href=\"https:\/\/giphy.com\" target=\"_blank\" rel=\"noopener\"><strong>Giphy<\/strong><\/a><\/th>\n<td>Los desarrolladores de Giphy ofrecen varias aplicaciones para trabajar con GIF en OS X e iOS: GIPHY para localizar y compartir GIF animados v\u00eda m\u00f3vil, GIPHYCAM para crear GIF animados a partir de la c\u00e1mara de nuestro m\u00f3vil, y GIPHYCapture para crear GIF de manera sencilla en nuestro Mac.<\/td>\n<\/tr>\n<tr>\n<th><a href=\"http:\/\/optipng.sourceforge.net\/\" target=\"_blank\" rel=\"noopener\"><strong>OptiPNG<\/strong><\/a><\/th>\n<td>Un programa para optimizar la conversi\u00f3n a PNG para los preocupados por la optimizaci\u00f3n, que quieran una conversi\u00f3n realmente sin p\u00e9rdidas y que no se conformen con las opciones que ofrecen los editores de im\u00e1genes.<\/td>\n<\/tr>\n<\/tbody>\n<\/table>\n","protected":false},"excerpt":{"rendered":"<p>Recursos Photoshop Tutoriales oficiales Buenos tutoriales actualizados sobre c\u00f3mo utilizar Photoshop, desarrollados por Tova. Estos tutoriales tocan todos los temas relevantes para que os convirt\u00e1is en expertos en Photoshop. Necesitar\u00e9is Flash para visualizarlos. Fot\u00f3grafo digital El sitio web Fot\u00f3grafo digital ofrece una gran cantidad de tutoriales e informaciones de todo tipo, y su selecci\u00f3n de [&hellip;]<\/p>\n","protected":false},"author":1,"featured_media":0,"parent":0,"menu_order":0,"comment_status":"closed","ping_status":"closed","template":"","meta":{"inline_featured_image":false},"acf":[],"_links":{"self":[{"href":"http:\/\/disseny-test.uoc.edu\/materials\/prod-digital\/es\/wp-json\/wp\/v2\/pages\/717"}],"collection":[{"href":"http:\/\/disseny-test.uoc.edu\/materials\/prod-digital\/es\/wp-json\/wp\/v2\/pages"}],"about":[{"href":"http:\/\/disseny-test.uoc.edu\/materials\/prod-digital\/es\/wp-json\/wp\/v2\/types\/page"}],"author":[{"embeddable":true,"href":"http:\/\/disseny-test.uoc.edu\/materials\/prod-digital\/es\/wp-json\/wp\/v2\/users\/1"}],"replies":[{"embeddable":true,"href":"http:\/\/disseny-test.uoc.edu\/materials\/prod-digital\/es\/wp-json\/wp\/v2\/comments?post=717"}],"version-history":[{"count":4,"href":"http:\/\/disseny-test.uoc.edu\/materials\/prod-digital\/es\/wp-json\/wp\/v2\/pages\/717\/revisions"}],"predecessor-version":[{"id":1107,"href":"http:\/\/disseny-test.uoc.edu\/materials\/prod-digital\/es\/wp-json\/wp\/v2\/pages\/717\/revisions\/1107"}],"wp:attachment":[{"href":"http:\/\/disseny-test.uoc.edu\/materials\/prod-digital\/es\/wp-json\/wp\/v2\/media?parent=717"}],"curies":[{"name":"wp","href":"https:\/\/api.w.org\/{rel}","templated":true}]}}