{"id":719,"date":"2018-01-30T10:39:15","date_gmt":"2018-01-30T10:39:15","guid":{"rendered":"http:\/\/disseny-test.uoc.edu\/materials\/prod-digital\/?page_id=719"},"modified":"2018-01-30T18:54:14","modified_gmt":"2018-01-30T18:54:14","slug":"4-6-herramientas-para-distribuir-imagenes","status":"publish","type":"page","link":"http:\/\/disseny-test.uoc.edu\/materials\/prod-digital\/es\/4-6-herramientas-para-distribuir-imagenes\/","title":{"rendered":"4.6. Herramientas para distribuir im\u00e1genes"},"content":{"rendered":"<table>\n<tbody>\n<tr>\n<th width=\"20%\"><a href=\"http:\/\/www.flickr.com\" target=\"_blank\" rel=\"noopener\"><strong>Flickr<\/strong><\/a><\/th>\n<td width=\"80%\">Uno de los m\u00e1s venerables repositorios de fotograf\u00edas, con millones de im\u00e1genes de todo tipo de temas, clasificadas en un sistema de folksonom\u00eda que permite encontrar cosas tan detalladas como fotograf\u00edas de salidas de sol en el mar en alta resoluci\u00f3n, cuyo principal color sea el azul, entre otros miles de cosas.<\/p>\n<p>Flickr fue comprado por Yahoo y, en el momento de escribir estas l\u00edneas, ha pasado a formar parte del conglomerado de Verizon.<\/td>\n<\/tr>\n<tr>\n<th><a href=\"http:\/\/www.compfight.com\" target=\"_blank\" rel=\"noopener\"><strong>Compfight<\/strong><\/a><\/th>\n<td>Este buscador de im\u00e1genes en Flickr permite filtrar por criterios de propiedad intelectual, de modo que solo nos aparezcan las fotos de Flickr con licencia Creative Commons, y as\u00ed poder utilizar im\u00e1genes en nuestro proyecto sin tener que preocuparnos por problemas legales.<\/td>\n<\/tr>\n<tr>\n<th><strong>Google Images<\/strong><\/th>\n<td>Ya suponemos que conoc\u00e9is Google Images, pero querr\u00edamos hacer un par de observaciones. Es importante recordar que Google Images es un buscador, no un repositorio. Es decir, el hecho de que Google localice una imagen no significa que pod\u00e1is utilizarla tranquilamente en vuestro proyecto de comunicaci\u00f3n transmedia. Una vez localizada la imagen que cre\u00e9is que ir\u00e1 bien para vuestro proyecto, os ten\u00e9is que asegurar de visitar la p\u00e1gina original donde est\u00e1 alojada la imagen y comprobar que realmente es libre de derechos y pod\u00e9is utilizarla sin problemas.<\/td>\n<\/tr>\n<tr>\n<th>\u00a0<a href=\"https:\/\/cloud.google.com\/vision\/?hl=es\" target=\"_blank\" rel=\"noopener\"><strong>Google Vision<\/strong><\/a><\/th>\n<td>Es una parte de los servicios que Google ofrece en la nube: un poderoso sistema autom\u00e1tico de an\u00e1lisis basado en redes neuronales que examina de manera autom\u00e1tica un conjunto de im\u00e1genes y las organiza seg\u00fan conceptos. Puede ser \u00fatil si ten\u00e9is un gran conjunto de fotograf\u00edas y quer\u00e9is ordenarlas de manera r\u00e1pida. Al ser un sistema de IA, no esper\u00e9is muchas sutilezas: a veces es espectacularmente bueno a la hora de extraer informaci\u00f3n de una imagen, pero tambi\u00e9n puede fallar estrepitosamente.<\/p>\n<p>Necesita que os deis de alta en la nube de Google, y es gratuito si no exced\u00e9is un cierto volumen \u2013bastante grande\u2013 de im\u00e1genes.<\/td>\n<\/tr>\n<tr>\n<th><a href=\"https:\/\/commons.wikimedia.org\/wiki\/main_page\" target=\"_blank\" rel=\"noopener\"><strong>Wikimedia Commons<\/strong><\/a><\/th>\n<td>Como habr\u00e9is visto, algunas de las im\u00e1genes utilizadas en este texto \u2013como la de <em>Les Cernettes<\/em>\u2013 provienen de Wikipedia. Es una manera sencilla de asegurarse de que las im\u00e1genes que estamos utilizando son realmente libres y no estamos abusando de la propiedad intelectual de nadie. Wikimedia Commons es el nombre del proyecto que agrupa todas estas im\u00e1genes libres de derechos para usos no comerciales. Pod\u00e9is encontrar im\u00e1genes en diferentes resoluciones, y gracias al hecho de que forman parte de la enciclopedia digital, es f\u00e1cil localizar la imagen que busc\u00e1is.<\/td>\n<\/tr>\n<tr>\n<th><a href=\"https:\/\/archive.org\/details\/image\" target=\"_blank\" rel=\"noopener\"><strong>Archive.org<\/strong><\/a><\/th>\n<td>Archive.org es un fascinante proyecto de almacenamiento de todo tipo de contenidos multimedia libres de derechos. Entre los diferentes materiales que ofrece, encontrar\u00e9is un repositorio con m\u00e1s de un mill\u00f3n y medio de im\u00e1genes clasificadas en diferentes conceptos para facilitar la localizaci\u00f3n del elemento que busc\u00e1is.<\/p>\n<p>Uno de los elementos m\u00e1s interesantes de este archivo son sus colecciones. As\u00ed, podr\u00e9is encontrar unas 200.000 im\u00e1genes del archivo de la NASA libres de derechos, m\u00e1s de 140.000 fotograf\u00edas pertenecientes al Metropolitan Museum of Art, etc.<\/td>\n<\/tr>\n<tr>\n<th><strong>Google Fotos<\/strong><\/th>\n<td>En estos tiempos en los que llevamos c\u00e1maras digitales todo el d\u00eda en el bolsillo con el formato de tel\u00e9fono inteligente, producimos tantas fotos que es complejo almacenarlas y nuestros discos duros acaban cargados hasta el l\u00edmite. Una alternativa es almacenarlas en la nube. Una de las maneras m\u00e1s sencillas de hacerlo es utilizar Google Fotos. Con un par de clics, los tel\u00e9fonos con sistema operativo Android pueden hacer copias autom\u00e1ticas de todas las fotos que hacemos con el tel\u00e9fono inteligente en la nube de Google, y hay un software equivalente para iOS.<\/p>\n<p>Puesto que es un producto de Google, resulta sencillo de usar, tiene todo tipo de ventajas \u2013crear \u00e1lbumes y compartirlos v\u00eda correo electr\u00f3nico, hacer b\u00fasquedas por lugar, fecha, etc. \u2013, y ofrece algunas de las caracter\u00edsticas de Google Vision para buscar im\u00e1genes por el contenido.<\/p>\n<p>Es dif\u00edcil no sentir a veces un poco de inquietud por la manera en que Google puede extraer informaci\u00f3n de nuestra vida mediante nuestras fotograf\u00edas.<\/td>\n<\/tr>\n<tr>\n<th><a href=\"http:\/\/piwigo.org\/\" target=\"_blank\" rel=\"noopener\"><strong>Piwigo<\/strong><\/a><\/th>\n<td>Es la alternativa en c\u00f3digo abierto, libre, para tener nuestro repositorio de fotos en la Red. Podemos instalar este software en nuestro servidor y subir con toda tranquilidad nuestras fotos en la web para poder acceder a ellas desde cualquier lugar. Permite etiquetar a nuestro gusto las fotos, crear \u00e1rboles de clasificaci\u00f3n sin l\u00edmite de profundidad, y ofrece controles de privacidad para decidir qui\u00e9n puede ver nuestras fotos y qui\u00e9n no. Si no os quer\u00e9is complicar la vida instalando software, Piwigo ofrece su servicio de alojamiento para un n\u00famero ilimitado de fotograf\u00edas por unos 3 \u20ac al mes, y pod\u00e9is probarlo gratuitamente durante un mes.<\/td>\n<\/tr>\n<\/tbody>\n<\/table>\n","protected":false},"excerpt":{"rendered":"<p>Flickr Uno de los m\u00e1s venerables repositorios de fotograf\u00edas, con millones de im\u00e1genes de todo tipo de temas, clasificadas en un sistema de folksonom\u00eda que permite encontrar cosas tan detalladas como fotograf\u00edas de salidas de sol en el mar en alta resoluci\u00f3n, cuyo principal color sea el azul, entre otros miles de cosas. Flickr fue [&hellip;]<\/p>\n","protected":false},"author":1,"featured_media":0,"parent":0,"menu_order":0,"comment_status":"closed","ping_status":"closed","template":"","meta":{"inline_featured_image":false},"acf":[],"_links":{"self":[{"href":"http:\/\/disseny-test.uoc.edu\/materials\/prod-digital\/es\/wp-json\/wp\/v2\/pages\/719"}],"collection":[{"href":"http:\/\/disseny-test.uoc.edu\/materials\/prod-digital\/es\/wp-json\/wp\/v2\/pages"}],"about":[{"href":"http:\/\/disseny-test.uoc.edu\/materials\/prod-digital\/es\/wp-json\/wp\/v2\/types\/page"}],"author":[{"embeddable":true,"href":"http:\/\/disseny-test.uoc.edu\/materials\/prod-digital\/es\/wp-json\/wp\/v2\/users\/1"}],"replies":[{"embeddable":true,"href":"http:\/\/disseny-test.uoc.edu\/materials\/prod-digital\/es\/wp-json\/wp\/v2\/comments?post=719"}],"version-history":[{"count":3,"href":"http:\/\/disseny-test.uoc.edu\/materials\/prod-digital\/es\/wp-json\/wp\/v2\/pages\/719\/revisions"}],"predecessor-version":[{"id":1110,"href":"http:\/\/disseny-test.uoc.edu\/materials\/prod-digital\/es\/wp-json\/wp\/v2\/pages\/719\/revisions\/1110"}],"wp:attachment":[{"href":"http:\/\/disseny-test.uoc.edu\/materials\/prod-digital\/es\/wp-json\/wp\/v2\/media?parent=719"}],"curies":[{"name":"wp","href":"https:\/\/api.w.org\/{rel}","templated":true}]}}