{"id":721,"date":"2018-01-30T10:39:47","date_gmt":"2018-01-30T10:39:47","guid":{"rendered":"http:\/\/disseny-test.uoc.edu\/materials\/prod-digital\/?page_id=721"},"modified":"2018-01-30T10:39:47","modified_gmt":"2018-01-30T10:39:47","slug":"4-7-1-introduccion","status":"publish","type":"page","link":"http:\/\/disseny-test.uoc.edu\/materials\/prod-digital\/es\/4-7-1-introduccion\/","title":{"rendered":"4.7.1. Introducci\u00f3n"},"content":{"rendered":"<p>Como ya plante\u00e1bamos anteriormente, \u00bfqu\u00e9 tipo de contenidos queremos transmitir?<br \/>\nLa parte m\u00e1s importante de un proyecto transmedia es decidir qu\u00e9 tipo de contenidos queremos transmitir, y resistir la falsa inmediatez de llenarlo de fotos y diagramas simplemente porque son f\u00e1cilmente asequibles.<\/p>\n<p>As\u00ed pues, la primera recomendaci\u00f3n es evitar las im\u00e1genes puramente decorativas. Si estamos redactando una entrada sobre las gestas de Steve Jobs, la primera tentaci\u00f3n es ir a nuestro repositorio de im\u00e1genes favorito, buscar la foto t\u00edpica de Steve Jobs estir\u00e1ndose la barba y ponerla al principio. Sin embargo, podemos dar un paso m\u00e1s all\u00e1 y preguntarnos qu\u00e9 aporta esta fotograf\u00eda. Probablemente nada, salvo que nuestra entrada vaya dirigida a personas que hayan pasado los \u00faltimos a\u00f1os escondidas en una cueva y nunca hayan visto esta foto.<\/p>\n","protected":false},"excerpt":{"rendered":"<p>Como ya plante\u00e1bamos anteriormente, \u00bfqu\u00e9 tipo de contenidos queremos transmitir? La parte m\u00e1s importante de un proyecto transmedia es decidir qu\u00e9 tipo de contenidos queremos transmitir, y resistir la falsa inmediatez de llenarlo de fotos y diagramas simplemente porque son f\u00e1cilmente asequibles. As\u00ed pues, la primera recomendaci\u00f3n es evitar las im\u00e1genes puramente decorativas. Si estamos [&hellip;]<\/p>\n","protected":false},"author":1,"featured_media":0,"parent":0,"menu_order":0,"comment_status":"closed","ping_status":"closed","template":"","meta":{"inline_featured_image":false},"acf":[],"_links":{"self":[{"href":"http:\/\/disseny-test.uoc.edu\/materials\/prod-digital\/es\/wp-json\/wp\/v2\/pages\/721"}],"collection":[{"href":"http:\/\/disseny-test.uoc.edu\/materials\/prod-digital\/es\/wp-json\/wp\/v2\/pages"}],"about":[{"href":"http:\/\/disseny-test.uoc.edu\/materials\/prod-digital\/es\/wp-json\/wp\/v2\/types\/page"}],"author":[{"embeddable":true,"href":"http:\/\/disseny-test.uoc.edu\/materials\/prod-digital\/es\/wp-json\/wp\/v2\/users\/1"}],"replies":[{"embeddable":true,"href":"http:\/\/disseny-test.uoc.edu\/materials\/prod-digital\/es\/wp-json\/wp\/v2\/comments?post=721"}],"version-history":[{"count":1,"href":"http:\/\/disseny-test.uoc.edu\/materials\/prod-digital\/es\/wp-json\/wp\/v2\/pages\/721\/revisions"}],"predecessor-version":[{"id":722,"href":"http:\/\/disseny-test.uoc.edu\/materials\/prod-digital\/es\/wp-json\/wp\/v2\/pages\/721\/revisions\/722"}],"wp:attachment":[{"href":"http:\/\/disseny-test.uoc.edu\/materials\/prod-digital\/es\/wp-json\/wp\/v2\/media?parent=721"}],"curies":[{"name":"wp","href":"https:\/\/api.w.org\/{rel}","templated":true}]}}