{"id":723,"date":"2018-01-30T10:42:17","date_gmt":"2018-01-30T10:42:17","guid":{"rendered":"http:\/\/disseny-test.uoc.edu\/materials\/prod-digital\/?page_id=723"},"modified":"2018-01-30T10:42:17","modified_gmt":"2018-01-30T10:42:17","slug":"4-7-2-cuestiones-argumentativas","status":"publish","type":"page","link":"http:\/\/disseny-test.uoc.edu\/materials\/prod-digital\/es\/4-7-2-cuestiones-argumentativas\/","title":{"rendered":"4.7.2. Cuestiones argumentativas"},"content":{"rendered":"<div class=\"featured featured-blue\"><p>Si queremos transmitir alg\u00fan dato para convencer a nuestro p\u00fablico de una determinada posici\u00f3n (cient\u00edfica, filos\u00f3fica, social, pol\u00edtica, etc.), los gr\u00e1ficos, diagramas e infograf\u00edas son las mejores herramientas para conseguirlo.<\/p>\n<\/div>\n<ul>\n<li>Tal y como explicamos en el apartado de formatos, lo ideal es presentar nuestros gr\u00e1ficos en formato PNG, puesto que con 256 colores tenemos m\u00e1s que suficiente para crear un gr\u00e1fico. De hecho, m\u00e1s colores podr\u00edan llevar a confusi\u00f3n.<\/li>\n<li>Si este gr\u00e1fico debe incluir alg\u00fan tipo de movimiento o animaci\u00f3n, ser\u00e1 mejor utilizar un GIF, ya que las animaciones v\u00eda GIF son m\u00e1s compatibles.<\/li>\n<li>Si se trata de un diagrama o esquema muy complejo, que requiere ir haciendo zooms para examinar una parte concreta del mismo, lo ideal es utilizar SVG, que permite hacer este tipo de maniobras sin perder calidad en la imagen.<\/li>\n<\/ul>\n<p>La cantidad de tipos de gr\u00e1ficos, diagramas e infograf\u00edas es pr\u00e1cticamente infinita, y hay excelentes recursos en internet para adentrarnos en ellos. A modo de ejemplo, consideremos los gr\u00e1ficos m\u00e1s est\u00e1ndar para representar y comparar magnitudes num\u00e9ricas: el gr\u00e1fico circular, el gr\u00e1fico lineal, el gr\u00e1fico de barras y el gr\u00e1fico de dispersi\u00f3n.<\/p>\n<p>Utilizaremos un <strong>gr\u00e1fico circular<\/strong> cuando queramos mostrar cantidades relativas con diferencias importantes, que en total sumen 100 %, como la distribuci\u00f3n de votos en unas elecciones o una encuesta.<\/p>\n<figure id=\"attachment_44\" aria-describedby=\"caption-attachment-44\" style=\"width: 747px\" class=\"wp-caption aligncenter\"><img loading=\"lazy\" class=\"alignnone size-full wp-image-44\" src=\"http:\/\/disseny-test.uoc.edu\/materials\/prod-digital\/wp-content\/uploads\/sites\/6\/2018\/01\/20015_025.jpg\" alt=\"Distribuci\u00f3 de la poblaci\u00f3 mundial\" width=\"747\" height=\"719\" srcset=\"http:\/\/disseny-test.uoc.edu\/materials\/prod-digital\/wp-content\/uploads\/sites\/6\/2018\/01\/20015_025.jpg 747w, http:\/\/disseny-test.uoc.edu\/materials\/prod-digital\/wp-content\/uploads\/sites\/6\/2018\/01\/20015_025-300x289.jpg 300w\" sizes=\"(max-width: 747px) 100vw, 747px\" \/><figcaption id=\"caption-attachment-44\" class=\"wp-caption-text\"><strong>Figura 25.<\/strong> Distribuci\u00f3n de la poblaci\u00f3n mundial<br \/>Fuente: Wikimedia Commons<\/figcaption><\/figure>\n<p>Un <strong>gr\u00e1fico lineal<\/strong> es la herramienta perfecta cuando queremos presentar c\u00f3mo dos magnitudes se relacionan entre ellas, como la velocidad de un objeto en ca\u00edda libre en funci\u00f3n del tiempo. En un gr\u00e1fico lineal, la magnitud en el eje de las <em>X<\/em> tiene que ser continua (el tiempo, en nuestro ejemplo) para que el gr\u00e1fico tenga sentido.<\/p>\n<figure id=\"attachment_45\" aria-describedby=\"caption-attachment-45\" style=\"width: 611px\" class=\"wp-caption aligncenter\"><img loading=\"lazy\" class=\"alignnone size-full wp-image-45\" src=\"http:\/\/disseny-test.uoc.edu\/materials\/prod-digital\/wp-content\/uploads\/sites\/6\/2018\/01\/20015_026.jpg\" alt=\"Com canvien els ingressos i les despeses del Govern federal dels Estats Units d'Am\u00e8rica en el temps\" width=\"611\" height=\"359\" srcset=\"http:\/\/disseny-test.uoc.edu\/materials\/prod-digital\/wp-content\/uploads\/sites\/6\/2018\/01\/20015_026.jpg 611w, http:\/\/disseny-test.uoc.edu\/materials\/prod-digital\/wp-content\/uploads\/sites\/6\/2018\/01\/20015_026-300x176.jpg 300w\" sizes=\"(max-width: 611px) 100vw, 611px\" \/><figcaption id=\"caption-attachment-45\" class=\"wp-caption-text\"><strong>Figura 26.<\/strong> C\u00f3mo cambian los ingresos y los gastos del Gobierno federal de Estados Unidos de Am\u00e9rica en el tiempo<br \/>Fuente: Wikimedia Commons<\/figcaption><\/figure>\n<p>Un <strong>gr\u00e1fico de barras<\/strong> quiere mostrar diferencias entre puntos y valores espec\u00edficos, y no hay magnitudes continuas. Un gr\u00e1fico de barras nos ayuda, por ejemplo, a ver c\u00f3mo ha cambiado el apoyo a un partido electoral en diferentes elecciones.<\/p>\n<figure id=\"attachment_46\" aria-describedby=\"caption-attachment-46\" style=\"width: 576px\" class=\"wp-caption aligncenter\"><img loading=\"lazy\" class=\"alignnone size-full wp-image-46\" src=\"http:\/\/disseny-test.uoc.edu\/materials\/prod-digital\/wp-content\/uploads\/sites\/6\/2018\/01\/20015_027.jpg\" alt=\"Comparativa dels resultats de les eleccions europees en 1999 i en 2004\" width=\"576\" height=\"399\" srcset=\"http:\/\/disseny-test.uoc.edu\/materials\/prod-digital\/wp-content\/uploads\/sites\/6\/2018\/01\/20015_027.jpg 576w, http:\/\/disseny-test.uoc.edu\/materials\/prod-digital\/wp-content\/uploads\/sites\/6\/2018\/01\/20015_027-300x208.jpg 300w\" sizes=\"(max-width: 576px) 100vw, 576px\" \/><figcaption id=\"caption-attachment-46\" class=\"wp-caption-text\"><strong>Figura 27.<\/strong> Comparativa de los resultados de las elecciones europeas en 1999 y en el 2004<br \/>Fuente: Wikimedia Commons<\/figcaption><\/figure>\n<p>Un <strong>gr\u00e1fico de dispersi\u00f3n<\/strong> nos permite dar una impresi\u00f3n general de la relaci\u00f3n entre dos variables cuando ninguna de las dos magnitudes es continua o bien la relaci\u00f3n no es lineal. Aunque es posible generar gr\u00e1ficos de dispersi\u00f3n para muchas variables, no recomendar\u00edamos usarlo para m\u00e1s de dos variables si nos dirigimos a un p\u00fablico general.<\/p>\n<figure id=\"attachment_47\" aria-describedby=\"caption-attachment-47\" style=\"width: 513px\" class=\"wp-caption aligncenter\"><img loading=\"lazy\" class=\"alignnone size-full wp-image-47\" src=\"http:\/\/disseny-test.uoc.edu\/materials\/prod-digital\/wp-content\/uploads\/sites\/6\/2018\/01\/20015_028.jpg\" alt=\"El temps d'espera entre les erupcions i la durada de l'erupci\u00f3 del gu\u00e8iser Old Faithful al Parc Nacional de Yellowstone\" width=\"513\" height=\"493\" srcset=\"http:\/\/disseny-test.uoc.edu\/materials\/prod-digital\/wp-content\/uploads\/sites\/6\/2018\/01\/20015_028.jpg 513w, http:\/\/disseny-test.uoc.edu\/materials\/prod-digital\/wp-content\/uploads\/sites\/6\/2018\/01\/20015_028-300x288.jpg 300w\" sizes=\"(max-width: 513px) 100vw, 513px\" \/><figcaption id=\"caption-attachment-47\" class=\"wp-caption-text\"><strong>Figura 28.<\/strong> El tiempo de espera entre las erupciones y la duraci\u00f3n de la erupci\u00f3n del g\u00e9iser Old Faithful en el Parque Nacional de Yellowstone.\u00a0Este gr\u00e1fico sugiere que, en general, hay dos tipos de erupciones: una de corta espera y corta duraci\u00f3n y otra de larga espera y larga duraci\u00f3n<br \/>Fuente: Wikimedia Commons<\/figcaption><\/figure>\n","protected":false},"excerpt":{"rendered":"<p>Tal y como explicamos en el apartado de formatos, lo ideal es presentar nuestros gr\u00e1ficos en formato PNG, puesto que con 256 colores tenemos m\u00e1s que suficiente para crear un gr\u00e1fico. De hecho, m\u00e1s colores podr\u00edan llevar a confusi\u00f3n. Si este gr\u00e1fico debe incluir alg\u00fan tipo de movimiento o animaci\u00f3n, ser\u00e1 mejor utilizar un GIF, [&hellip;]<\/p>\n","protected":false},"author":1,"featured_media":0,"parent":0,"menu_order":0,"comment_status":"closed","ping_status":"closed","template":"","meta":{"inline_featured_image":false},"acf":[],"_links":{"self":[{"href":"http:\/\/disseny-test.uoc.edu\/materials\/prod-digital\/es\/wp-json\/wp\/v2\/pages\/723"}],"collection":[{"href":"http:\/\/disseny-test.uoc.edu\/materials\/prod-digital\/es\/wp-json\/wp\/v2\/pages"}],"about":[{"href":"http:\/\/disseny-test.uoc.edu\/materials\/prod-digital\/es\/wp-json\/wp\/v2\/types\/page"}],"author":[{"embeddable":true,"href":"http:\/\/disseny-test.uoc.edu\/materials\/prod-digital\/es\/wp-json\/wp\/v2\/users\/1"}],"replies":[{"embeddable":true,"href":"http:\/\/disseny-test.uoc.edu\/materials\/prod-digital\/es\/wp-json\/wp\/v2\/comments?post=723"}],"version-history":[{"count":1,"href":"http:\/\/disseny-test.uoc.edu\/materials\/prod-digital\/es\/wp-json\/wp\/v2\/pages\/723\/revisions"}],"predecessor-version":[{"id":724,"href":"http:\/\/disseny-test.uoc.edu\/materials\/prod-digital\/es\/wp-json\/wp\/v2\/pages\/723\/revisions\/724"}],"wp:attachment":[{"href":"http:\/\/disseny-test.uoc.edu\/materials\/prod-digital\/es\/wp-json\/wp\/v2\/media?parent=723"}],"curies":[{"name":"wp","href":"https:\/\/api.w.org\/{rel}","templated":true}]}}