{"id":725,"date":"2018-01-30T10:43:02","date_gmt":"2018-01-30T10:43:02","guid":{"rendered":"http:\/\/disseny-test.uoc.edu\/materials\/prod-digital\/?page_id=725"},"modified":"2018-01-30T10:43:02","modified_gmt":"2018-01-30T10:43:02","slug":"4-7-3-cuestiones-retoricas","status":"publish","type":"page","link":"http:\/\/disseny-test.uoc.edu\/materials\/prod-digital\/es\/4-7-3-cuestiones-retoricas\/","title":{"rendered":"4.7.3. Cuestiones ret\u00f3ricas"},"content":{"rendered":"<p>Afortunadamente, el uso de gr\u00e1ficos no tiene que limitarse a ofrecer datos mediante visualizaciones.<\/p>\n<p>Est\u00e1 el aspecto de la ret\u00f3rica, es decir, c\u00f3mo llegamos al coraz\u00f3n, a las emociones, de nuestro p\u00fablico y conseguimos atraerlo hacia nuestra posici\u00f3n, o compartir nuestro rechazo con alguna propuesta que consideramos equivocada.<\/p>\n<p>Es importante que las im\u00e1genes que utilizamos est\u00e9n conectadas de alguna manera con la propuesta que estamos construyendo en nuestro proyecto transmedia. No hay l\u00edmite en las diferentes maneras en las que una imagen puede utilizarse, pero tampoco estar\u00e1 de m\u00e1s apuntar algunos usos comunes:<\/p>\n<ul>\n<li>El uso m\u00e1s com\u00fan es <strong>potenciar la emoci\u00f3n<\/strong> que queremos establecer en un momento concreto de nuestro proyecto transmedia: alegr\u00eda, tristeza, soledad, repugnancia, ira, aburrimiento, quedar\u00e1n potenciadas por la imagen de un acontecimiento asociado a estas emociones o simplemente por un rostro que muestre este estado de \u00e1nimo.<\/li>\n<li>Una imagen puede funcionar como <strong>met\u00e1fora de un concepto abstracto<\/strong>: Goethe o Beethoven son ilustraciones comunes cuando hablamos del \u00abgenio rom\u00e1ntico\u00bb; algo tan abstracto como el concepto de \u00abconsiderar la perspectiva del autor\u00bb se puede ilustrar con una fotograf\u00eda de <em>Las Meninas<\/em> de Vel\u00e1zquez.<\/li>\n<li>A veces solo queremos <strong>llamar la atenci\u00f3n de nuestro posible p\u00fablico<\/strong>, y pondremos una imagen provocativa, extra\u00f1a, inusual, agresiva. Tanto por razones \u00e9ticas como para demostrar profesionalidad, recomendamos evitar la tentaci\u00f3n de poner im\u00e1genes impactantes o de tipo sexual simplemente para atraer p\u00fablico que despu\u00e9s descubre que nuestra propuesta no tiene nada que ver con la imagen en cuesti\u00f3n. Dejemos que los <em>ciberhams<\/em> se hundan en el fondo del mar e intentemos subir el nivel de la discusi\u00f3n y las propuestas.<\/li>\n<\/ul>\n","protected":false},"excerpt":{"rendered":"<p>Afortunadamente, el uso de gr\u00e1ficos no tiene que limitarse a ofrecer datos mediante visualizaciones. Est\u00e1 el aspecto de la ret\u00f3rica, es decir, c\u00f3mo llegamos al coraz\u00f3n, a las emociones, de nuestro p\u00fablico y conseguimos atraerlo hacia nuestra posici\u00f3n, o compartir nuestro rechazo con alguna propuesta que consideramos equivocada. Es importante que las im\u00e1genes que utilizamos [&hellip;]<\/p>\n","protected":false},"author":1,"featured_media":0,"parent":0,"menu_order":0,"comment_status":"closed","ping_status":"closed","template":"","meta":{"inline_featured_image":false},"acf":[],"_links":{"self":[{"href":"http:\/\/disseny-test.uoc.edu\/materials\/prod-digital\/es\/wp-json\/wp\/v2\/pages\/725"}],"collection":[{"href":"http:\/\/disseny-test.uoc.edu\/materials\/prod-digital\/es\/wp-json\/wp\/v2\/pages"}],"about":[{"href":"http:\/\/disseny-test.uoc.edu\/materials\/prod-digital\/es\/wp-json\/wp\/v2\/types\/page"}],"author":[{"embeddable":true,"href":"http:\/\/disseny-test.uoc.edu\/materials\/prod-digital\/es\/wp-json\/wp\/v2\/users\/1"}],"replies":[{"embeddable":true,"href":"http:\/\/disseny-test.uoc.edu\/materials\/prod-digital\/es\/wp-json\/wp\/v2\/comments?post=725"}],"version-history":[{"count":1,"href":"http:\/\/disseny-test.uoc.edu\/materials\/prod-digital\/es\/wp-json\/wp\/v2\/pages\/725\/revisions"}],"predecessor-version":[{"id":726,"href":"http:\/\/disseny-test.uoc.edu\/materials\/prod-digital\/es\/wp-json\/wp\/v2\/pages\/725\/revisions\/726"}],"wp:attachment":[{"href":"http:\/\/disseny-test.uoc.edu\/materials\/prod-digital\/es\/wp-json\/wp\/v2\/media?parent=725"}],"curies":[{"name":"wp","href":"https:\/\/api.w.org\/{rel}","templated":true}]}}