{"id":727,"date":"2018-01-30T10:43:56","date_gmt":"2018-01-30T10:43:56","guid":{"rendered":"http:\/\/disseny-test.uoc.edu\/materials\/prod-digital\/?page_id=727"},"modified":"2018-01-30T10:43:56","modified_gmt":"2018-01-30T10:43:56","slug":"4-7-4-cuestiones-esteticas","status":"publish","type":"page","link":"http:\/\/disseny-test.uoc.edu\/materials\/prod-digital\/es\/4-7-4-cuestiones-esteticas\/","title":{"rendered":"4.7.4. Cuestiones est\u00e9ticas"},"content":{"rendered":"<p>Con qu\u00e9 frecuencia y en qu\u00e9 lugares colocamos las im\u00e1genes es tambi\u00e9n una cuesti\u00f3n relevante. De nuevo, no es este el lugar para hacer un curso de dise\u00f1o gr\u00e1fico, pero nos gustar\u00eda apuntar simplemente la importancia de lo que los psic\u00f3logos denominan <strong>reposo cognitivo<\/strong>, es decir, la necesidad de detener una exposici\u00f3n textual o conceptual con una imagen para que el lector pueda descansar brevemente, procesar lo que ya ha le\u00eddo y despu\u00e9s continuar avanzando.<\/p>\n<p>Los formatos son muy relevantes a la hora de establecer el efecto est\u00e9tico final de nuestro proyecto transmedia. Aunque nuestra selecci\u00f3n de im\u00e1genes haya sido impecable y la conexi\u00f3n entre conceptos e im\u00e1genes meritoria, si despu\u00e9s las im\u00e1genes aparecen distorsionadas, con artefactos creados por el algoritmo que impiden hacerse una idea coherente de qu\u00e9 va la imagen o con colores falsos que le dan un aspecto rid\u00edculo, habremos fallado en nuestro proceso de comunicaci\u00f3n.<\/p>\n<p>De aqu\u00ed la importancia, una vez seleccionada la imagen y decidido en qu\u00e9 medio aparecer\u00e1, de elegir el formato correcto siguiendo las indicaciones que hemos desarrollado en el apartado\u00a0\u00a0<a href=\"http:\/\/disseny-test.uoc.edu\/materials\/prod-digital\/es\/4-3-1-tipus-dimatge-en-un-entorn-digital\/\" target=\"_blank\" rel=\"noopener\">4.3 \u00abFormatos de imagen\u00bb<\/a>.<\/p>\n","protected":false},"excerpt":{"rendered":"<p>Con qu\u00e9 frecuencia y en qu\u00e9 lugares colocamos las im\u00e1genes es tambi\u00e9n una cuesti\u00f3n relevante. De nuevo, no es este el lugar para hacer un curso de dise\u00f1o gr\u00e1fico, pero nos gustar\u00eda apuntar simplemente la importancia de lo que los psic\u00f3logos denominan reposo cognitivo, es decir, la necesidad de detener una exposici\u00f3n textual o conceptual [&hellip;]<\/p>\n","protected":false},"author":1,"featured_media":0,"parent":0,"menu_order":0,"comment_status":"closed","ping_status":"closed","template":"","meta":{"inline_featured_image":false},"acf":[],"_links":{"self":[{"href":"http:\/\/disseny-test.uoc.edu\/materials\/prod-digital\/es\/wp-json\/wp\/v2\/pages\/727"}],"collection":[{"href":"http:\/\/disseny-test.uoc.edu\/materials\/prod-digital\/es\/wp-json\/wp\/v2\/pages"}],"about":[{"href":"http:\/\/disseny-test.uoc.edu\/materials\/prod-digital\/es\/wp-json\/wp\/v2\/types\/page"}],"author":[{"embeddable":true,"href":"http:\/\/disseny-test.uoc.edu\/materials\/prod-digital\/es\/wp-json\/wp\/v2\/users\/1"}],"replies":[{"embeddable":true,"href":"http:\/\/disseny-test.uoc.edu\/materials\/prod-digital\/es\/wp-json\/wp\/v2\/comments?post=727"}],"version-history":[{"count":1,"href":"http:\/\/disseny-test.uoc.edu\/materials\/prod-digital\/es\/wp-json\/wp\/v2\/pages\/727\/revisions"}],"predecessor-version":[{"id":728,"href":"http:\/\/disseny-test.uoc.edu\/materials\/prod-digital\/es\/wp-json\/wp\/v2\/pages\/727\/revisions\/728"}],"wp:attachment":[{"href":"http:\/\/disseny-test.uoc.edu\/materials\/prod-digital\/es\/wp-json\/wp\/v2\/media?parent=727"}],"curies":[{"name":"wp","href":"https:\/\/api.w.org\/{rel}","templated":true}]}}