{"id":729,"date":"2018-01-30T10:44:25","date_gmt":"2018-01-30T10:44:25","guid":{"rendered":"http:\/\/disseny-test.uoc.edu\/materials\/prod-digital\/?page_id=729"},"modified":"2018-01-30T10:44:25","modified_gmt":"2018-01-30T10:44:25","slug":"4-8-conclusion","status":"publish","type":"page","link":"http:\/\/disseny-test.uoc.edu\/materials\/prod-digital\/es\/4-8-conclusion\/","title":{"rendered":"4.8. Conclusi\u00f3n"},"content":{"rendered":"<p>Las im\u00e1genes dan apoyo a razonamientos, crean emociones y explican historias. Como creador digital, hay que ir m\u00e1s all\u00e1 de la idea de im\u00e1genes decorativas o de poner una imagen porque podemos. Tambi\u00e9n ten\u00e9is que evitar copiar cosas que hab\u00e9is visto en otros lugares. Lo que funciona bien en un determinado contexto no tiene por qu\u00e9 funcionar en aquellos en los que os mov\u00e9is.<\/p>\n<p>Es importante reflexionar sobre qu\u00e9 queremos transmitir y a qui\u00e9n queremos llegar, y planificar para decidir qu\u00e9 im\u00e1genes son realmente relevantes y por qu\u00e9.<\/p>\n<p>No dej\u00e9is que vuestros programas decidan por vosotros sobre cu\u00e1l es el formato final de una imagen simplemente porque JPEG es el formato con el que exportan por defecto. Qu\u00e9 formato utilizar no es una decisi\u00f3n meramente t\u00e9cnica, sino que depende de los contenidos que quer\u00e9is transmitir y el medio que utilizar\u00e9is para distribuirlos.<\/p>\n","protected":false},"excerpt":{"rendered":"<p>Las im\u00e1genes dan apoyo a razonamientos, crean emociones y explican historias. Como creador digital, hay que ir m\u00e1s all\u00e1 de la idea de im\u00e1genes decorativas o de poner una imagen porque podemos. Tambi\u00e9n ten\u00e9is que evitar copiar cosas que hab\u00e9is visto en otros lugares. Lo que funciona bien en un determinado contexto no tiene por [&hellip;]<\/p>\n","protected":false},"author":1,"featured_media":0,"parent":0,"menu_order":0,"comment_status":"closed","ping_status":"closed","template":"","meta":{"inline_featured_image":false},"acf":[],"_links":{"self":[{"href":"http:\/\/disseny-test.uoc.edu\/materials\/prod-digital\/es\/wp-json\/wp\/v2\/pages\/729"}],"collection":[{"href":"http:\/\/disseny-test.uoc.edu\/materials\/prod-digital\/es\/wp-json\/wp\/v2\/pages"}],"about":[{"href":"http:\/\/disseny-test.uoc.edu\/materials\/prod-digital\/es\/wp-json\/wp\/v2\/types\/page"}],"author":[{"embeddable":true,"href":"http:\/\/disseny-test.uoc.edu\/materials\/prod-digital\/es\/wp-json\/wp\/v2\/users\/1"}],"replies":[{"embeddable":true,"href":"http:\/\/disseny-test.uoc.edu\/materials\/prod-digital\/es\/wp-json\/wp\/v2\/comments?post=729"}],"version-history":[{"count":1,"href":"http:\/\/disseny-test.uoc.edu\/materials\/prod-digital\/es\/wp-json\/wp\/v2\/pages\/729\/revisions"}],"predecessor-version":[{"id":730,"href":"http:\/\/disseny-test.uoc.edu\/materials\/prod-digital\/es\/wp-json\/wp\/v2\/pages\/729\/revisions\/730"}],"wp:attachment":[{"href":"http:\/\/disseny-test.uoc.edu\/materials\/prod-digital\/es\/wp-json\/wp\/v2\/media?parent=729"}],"curies":[{"name":"wp","href":"https:\/\/api.w.org\/{rel}","templated":true}]}}