{"id":731,"date":"2018-01-30T10:45:05","date_gmt":"2018-01-30T10:45:05","guid":{"rendered":"http:\/\/disseny-test.uoc.edu\/materials\/prod-digital\/?page_id=731"},"modified":"2018-01-30T10:45:05","modified_gmt":"2018-01-30T10:45:05","slug":"5-1-ecosistema-del-audio-en-un-entorno-digital","status":"publish","type":"page","link":"http:\/\/disseny-test.uoc.edu\/materials\/prod-digital\/es\/5-1-ecosistema-del-audio-en-un-entorno-digital\/","title":{"rendered":"5.1. Ecosistema del audio en un entorno digital"},"content":{"rendered":"<p>La voz, la m\u00fasica, los sonidos de la naturaleza, los ruidos de todo tipo son herramientas muy potentes para transmitir contenidos, pero hay que emplearlas de manera cuidadosa. Al contrario de la imagen, ante la cual podemos simplemente desviar la mirada y desaparece, el sonido es mucho m\u00e1s invasor, de forma que tenemos que ser mucho m\u00e1s cuidadosos a la hora de utilizarlo en un proyecto transmedia. Como ocurr\u00eda con la imagen, es necesario primero que pensemos minuciosamente cu\u00e1l es el mensaje que queremos transmitir, a qu\u00e9 p\u00fablico va dirigido, cu\u00e1l ser\u00e1 el medio sobre el que se organizar\u00e1n los sonidos y cu\u00e1l es el modelo de negocio tras nuestro proyecto.<\/p>\n<p>Las cuestiones t\u00e9cnicas con el audio son realmente importantes. Una conferencia o podcast grabado a baja resoluci\u00f3n, con ruido de fondo y la voz del conferenciante que sube o baja de volumen en funci\u00f3n de si est\u00e1 m\u00e1s o menos cerca del micr\u00f3fono, son una f\u00f3rmula casi segura de perder nuestro p\u00fablico. De aqu\u00ed la importancia de disponer de buen material de grabaci\u00f3n y saber c\u00f3mo utilizarlo. Tambi\u00e9n est\u00e1 a nuestro alcance la posibilidad de generar sonidos sint\u00e9ticos con la ayuda de software, y la capacidad de convertir datos y otros medios en sonido, de forma que podemos crear desde proyectos informativos hasta experimentos art\u00edsticos conceptuales.<\/p>\n<p>Para editar, nos enfocamos en Audacity, que es un programa libre, muy f\u00e1cil de usar y con muchas posibilidades, pero tambi\u00e9n comentaremos alternativas.<\/p>\n<p>Como en el caso de la imagen, disponemos de redes sociales especializadas en todo tipo de sonidos y repositorios para acceder a cualquier clase de proyectos de audio y distribuirlos, aunque debemos trabajar siempre desde par\u00e1metros respetuosos con la propiedad intelectual.<\/p>\n<p>Emociones, teor\u00edas, experimentos&#8230; El sonido es un aliado muy poderoso para explicar historias y llegar a nuestra audiencia. Para utilizarlo bien, es necesario que conozcamos con cierto detalle los distintos formatos de audio disponibles y sus caracter\u00edsticas.<\/p>\n<h4><strong>Comunicar con audio. Retos que hay que resolver<\/strong><\/h4>\n<p>Todo lo que explicamos sobre las im\u00e1genes se aplica igual de bien al audio. Que dispongamos de una fant\u00e1stica biblioteca de efectos de sonido \u2013o de bandas sonoras libres de derechos\u2013 no significa que tengamos que incluirlas necesariamente en nuestro proyecto transmedia. Primero, tenemos que preguntarnos qu\u00e9 queremos comunicar, a qu\u00e9 p\u00fablico nos queremos dirigir, y pensar en qu\u00e9 medio queremos llegar al p\u00fablico.<\/p>\n<p>Tal y como hemos dicho al hablar de im\u00e1genes, la decisi\u00f3n que tiene m\u00e1s efecto en la elecci\u00f3n del formato final es el medio con el que llegaremos a nuestro p\u00fablico. El punto clave de esta decisi\u00f3n es el trabajo fuera de l\u00ednea, frente al trabajo en l\u00ednea. Si queremos que nuestro proyecto transmedia con audio sea descargable desde la web, tendremos que incluir alg\u00fan tipo de compresi\u00f3n relevante para que la descarga sea sencilla. Si trabajamos fuera de l\u00ednea, ser\u00e1 mucho mejor generar ficheros m\u00e1s pesados pero que resulten lo m\u00e1s fieles que sea posible al original.<\/p>\n<p>Insistimos en que la decisi\u00f3n del medio no la pod\u00e1is tomar aisladamente. Es algo que surge de contestar las preguntas sobre qu\u00e9 contenidos quer\u00e9is liberar y a qu\u00e9 p\u00fablico quer\u00e9is llegar. Si vuestro objetivo es crear una colecci\u00f3n de m\u00fasica cl\u00e1sica de alta calidad para mel\u00f3manos exigentes, lo m\u00e1s razonable ser\u00e1 crear un proyecto fuera de l\u00ednea de alta definici\u00f3n, aunque pens\u00e9is que si la sub\u00eds a vuestra web llegar\u00e9is a mucha m\u00e1s gente.<\/p>\n<p>El modelo de negocio tambi\u00e9n es relevante siempre. Para no repetirnos, damos por bueno lo que hemos dicho anteriormente sobre las im\u00e1genes, y en el apartado dedicado al v\u00eddeo daremos m\u00e1s detalles del modelo econ\u00f3mico de financiaci\u00f3n colectiva.<\/p>\n","protected":false},"excerpt":{"rendered":"<p>La voz, la m\u00fasica, los sonidos de la naturaleza, los ruidos de todo tipo son herramientas muy potentes para transmitir contenidos, pero hay que emplearlas de manera cuidadosa. Al contrario de la imagen, ante la cual podemos simplemente desviar la mirada y desaparece, el sonido es mucho m\u00e1s invasor, de forma que tenemos que ser [&hellip;]<\/p>\n","protected":false},"author":1,"featured_media":0,"parent":0,"menu_order":0,"comment_status":"closed","ping_status":"closed","template":"","meta":{"inline_featured_image":false},"acf":[],"_links":{"self":[{"href":"http:\/\/disseny-test.uoc.edu\/materials\/prod-digital\/es\/wp-json\/wp\/v2\/pages\/731"}],"collection":[{"href":"http:\/\/disseny-test.uoc.edu\/materials\/prod-digital\/es\/wp-json\/wp\/v2\/pages"}],"about":[{"href":"http:\/\/disseny-test.uoc.edu\/materials\/prod-digital\/es\/wp-json\/wp\/v2\/types\/page"}],"author":[{"embeddable":true,"href":"http:\/\/disseny-test.uoc.edu\/materials\/prod-digital\/es\/wp-json\/wp\/v2\/users\/1"}],"replies":[{"embeddable":true,"href":"http:\/\/disseny-test.uoc.edu\/materials\/prod-digital\/es\/wp-json\/wp\/v2\/comments?post=731"}],"version-history":[{"count":1,"href":"http:\/\/disseny-test.uoc.edu\/materials\/prod-digital\/es\/wp-json\/wp\/v2\/pages\/731\/revisions"}],"predecessor-version":[{"id":732,"href":"http:\/\/disseny-test.uoc.edu\/materials\/prod-digital\/es\/wp-json\/wp\/v2\/pages\/731\/revisions\/732"}],"wp:attachment":[{"href":"http:\/\/disseny-test.uoc.edu\/materials\/prod-digital\/es\/wp-json\/wp\/v2\/media?parent=731"}],"curies":[{"name":"wp","href":"https:\/\/api.w.org\/{rel}","templated":true}]}}