{"id":733,"date":"2018-01-30T10:47:51","date_gmt":"2018-01-30T10:47:51","guid":{"rendered":"http:\/\/disseny-test.uoc.edu\/materials\/prod-digital\/?page_id=733"},"modified":"2018-01-30T10:47:51","modified_gmt":"2018-01-30T10:47:51","slug":"5-2-1-introduccion","status":"publish","type":"page","link":"http:\/\/disseny-test.uoc.edu\/materials\/prod-digital\/es\/5-2-1-introduccion\/","title":{"rendered":"5.2.1. Introducci\u00f3n"},"content":{"rendered":"<p>Tal y como explic\u00e1bamos al hablar de los formatos de imagen, podemos encontrar audio sin comprimir y comprimido. El audio comprimido puede aparecer tambi\u00e9n sin p\u00e9rdida \u2013la calidad del audio original no desaparece\u2013 o con p\u00e9rdida \u2013se sacrifican frecuencias o datos para disponer de un fichero m\u00e1s ligero y m\u00e1s f\u00e1cil de cargar. No hay un equivalente a la paleta de colores, pero s\u00ed encontramos recursos obtenidos desde la psicolog\u00eda de la percepci\u00f3n y la ingenier\u00eda para eliminar los tonos y frecuencias que no son perceptibles por el o\u00eddo humano y, por lo tanto, que pueden sacrificarse sin perder informaci\u00f3n relevante del audio original, aunque, est\u00e1 claro, hay todo un debate de mel\u00f3manos y audi\u00f3filos sobre si realmente estas t\u00e9cnicas de compresi\u00f3n no reducen la calidad del audio original.<\/p>\n<p>Una buena parte de los formatos que aparecen a continuaci\u00f3n se describen como codificadores.<\/p>\n<div class=\"featured featured-blue\"><p>Un <strong>codificador<\/strong> es un fragmento de software que indica c\u00f3mo hay que codificar una se\u00f1al de audio o v\u00eddeo y c\u00f3mo descodificarla para que el ordenador la pueda mostrar al usuario.<\/p>\n<\/div>\n<p>Para m\u00e1s informaci\u00f3n sobre codificadores: <a href=\"http:\/\/disseny-test.uoc.edu\/materials\/prod-digital\/es\/6-3-3-codecs-de-video-mes-comuns\/\" target=\"_blank\" rel=\"noopener\">6.3.3 \u00abCodificadores de v\u00eddeo m\u00e1s comunes\u00bb<\/a><\/p>\n","protected":false},"excerpt":{"rendered":"<p>Tal y como explic\u00e1bamos al hablar de los formatos de imagen, podemos encontrar audio sin comprimir y comprimido. El audio comprimido puede aparecer tambi\u00e9n sin p\u00e9rdida \u2013la calidad del audio original no desaparece\u2013 o con p\u00e9rdida \u2013se sacrifican frecuencias o datos para disponer de un fichero m\u00e1s ligero y m\u00e1s f\u00e1cil de cargar. No hay [&hellip;]<\/p>\n","protected":false},"author":1,"featured_media":0,"parent":0,"menu_order":0,"comment_status":"closed","ping_status":"closed","template":"","meta":{"inline_featured_image":false},"acf":[],"_links":{"self":[{"href":"http:\/\/disseny-test.uoc.edu\/materials\/prod-digital\/es\/wp-json\/wp\/v2\/pages\/733"}],"collection":[{"href":"http:\/\/disseny-test.uoc.edu\/materials\/prod-digital\/es\/wp-json\/wp\/v2\/pages"}],"about":[{"href":"http:\/\/disseny-test.uoc.edu\/materials\/prod-digital\/es\/wp-json\/wp\/v2\/types\/page"}],"author":[{"embeddable":true,"href":"http:\/\/disseny-test.uoc.edu\/materials\/prod-digital\/es\/wp-json\/wp\/v2\/users\/1"}],"replies":[{"embeddable":true,"href":"http:\/\/disseny-test.uoc.edu\/materials\/prod-digital\/es\/wp-json\/wp\/v2\/comments?post=733"}],"version-history":[{"count":1,"href":"http:\/\/disseny-test.uoc.edu\/materials\/prod-digital\/es\/wp-json\/wp\/v2\/pages\/733\/revisions"}],"predecessor-version":[{"id":734,"href":"http:\/\/disseny-test.uoc.edu\/materials\/prod-digital\/es\/wp-json\/wp\/v2\/pages\/733\/revisions\/734"}],"wp:attachment":[{"href":"http:\/\/disseny-test.uoc.edu\/materials\/prod-digital\/es\/wp-json\/wp\/v2\/media?parent=733"}],"curies":[{"name":"wp","href":"https:\/\/api.w.org\/{rel}","templated":true}]}}