{"id":736,"date":"2018-01-30T10:50:16","date_gmt":"2018-01-30T10:50:16","guid":{"rendered":"http:\/\/disseny-test.uoc.edu\/materials\/prod-digital\/?page_id=736"},"modified":"2018-01-30T10:50:16","modified_gmt":"2018-01-30T10:50:16","slug":"5-2-2-pcm","status":"publish","type":"page","link":"http:\/\/disseny-test.uoc.edu\/materials\/prod-digital\/es\/5-2-2-pcm\/","title":{"rendered":"5.2.2. PCM"},"content":{"rendered":"<div class=\"featured featured-blue\"><p>Encontraremos el formato <a href=\"javascript:void(0);\" class=\"tooltip\" data-toggle=\"popover\" data-placement=\"bottom\" data-content=\"PCM son las siglas de <em>Pulse Code Modulation<\/em>. Tambi\u00e9n podemos encontrar este sistema de codificaci\u00f3n de audio referenciado por las siglas en espa\u00f1ol MIC (modulaci\u00f3n por impulsos codificados).\" data-placement=\"top\" data-html=\"true\" ><strong>PCM<\/strong><\/a>\u00a0en la mayor\u00eda de las grabadoras digitales, CD y DVD. Ser\u00eda el formato crudo, RAW, de una grabaci\u00f3n digital.<\/p>\n<\/div>\n<p>Este no es un formato con el que trabajar\u00e9is, aunque est\u00e1 en la base de la mayor\u00eda de audio digital sin comprimir. El subtipo m\u00e1s com\u00fan de PCM es el LPCM o <em>linear<\/em> <em>pulse code modulation<\/em>, en el que el muestreo de sonido anal\u00f3gico se hace a intervalos lineales. Puesto que la mayor\u00eda de codificaciones PCM se hacen como LPCM, en la literatura t\u00e9cnica sobre audio veremos que muchas veces estos dos t\u00e9rminos se usan indistintamente.<\/p>\n<p>&nbsp;<\/p>\n","protected":false},"excerpt":{"rendered":"<p>Este no es un formato con el que trabajar\u00e9is, aunque est\u00e1 en la base de la mayor\u00eda de audio digital sin comprimir. El subtipo m\u00e1s com\u00fan de PCM es el LPCM o linear pulse code modulation, en el que el muestreo de sonido anal\u00f3gico se hace a intervalos lineales. Puesto que la mayor\u00eda de codificaciones [&hellip;]<\/p>\n","protected":false},"author":1,"featured_media":0,"parent":0,"menu_order":0,"comment_status":"closed","ping_status":"closed","template":"","meta":{"inline_featured_image":false},"acf":[],"_links":{"self":[{"href":"http:\/\/disseny-test.uoc.edu\/materials\/prod-digital\/es\/wp-json\/wp\/v2\/pages\/736"}],"collection":[{"href":"http:\/\/disseny-test.uoc.edu\/materials\/prod-digital\/es\/wp-json\/wp\/v2\/pages"}],"about":[{"href":"http:\/\/disseny-test.uoc.edu\/materials\/prod-digital\/es\/wp-json\/wp\/v2\/types\/page"}],"author":[{"embeddable":true,"href":"http:\/\/disseny-test.uoc.edu\/materials\/prod-digital\/es\/wp-json\/wp\/v2\/users\/1"}],"replies":[{"embeddable":true,"href":"http:\/\/disseny-test.uoc.edu\/materials\/prod-digital\/es\/wp-json\/wp\/v2\/comments?post=736"}],"version-history":[{"count":1,"href":"http:\/\/disseny-test.uoc.edu\/materials\/prod-digital\/es\/wp-json\/wp\/v2\/pages\/736\/revisions"}],"predecessor-version":[{"id":737,"href":"http:\/\/disseny-test.uoc.edu\/materials\/prod-digital\/es\/wp-json\/wp\/v2\/pages\/736\/revisions\/737"}],"wp:attachment":[{"href":"http:\/\/disseny-test.uoc.edu\/materials\/prod-digital\/es\/wp-json\/wp\/v2\/media?parent=736"}],"curies":[{"name":"wp","href":"https:\/\/api.w.org\/{rel}","templated":true}]}}