{"id":738,"date":"2018-01-30T10:52:21","date_gmt":"2018-01-30T10:52:21","guid":{"rendered":"http:\/\/disseny-test.uoc.edu\/materials\/prod-digital\/?page_id=738"},"modified":"2018-01-30T10:52:21","modified_gmt":"2018-01-30T10:52:21","slug":"5-2-3-wav","status":"publish","type":"page","link":"http:\/\/disseny-test.uoc.edu\/materials\/prod-digital\/es\/5-2-3-wav\/","title":{"rendered":"5.2.3. WAV"},"content":{"rendered":"<div class=\"featured featured-blue\"><p><a href=\"javascript:void(0);\" class=\"tooltip\" data-toggle=\"popover\" data-placement=\"bottom\" data-content=\"WAV es la abreviatura de <em>Waveform Audio Format<\/em>, o formato de audio con forma de onda.\" data-placement=\"top\" data-html=\"true\" ><strong>WAV<\/strong><\/a> es un contenedor de datos de audio obtenidos mediante diferentes procesos, aunque com\u00fanmente el audio que encontraremos en un WAV ha surgido de un proceso de PCM.<\/p>\n<\/div>\n<p>Es un formato propietario de Microsoft e IBM, pero puede abrirse sin problemas con un ordenador con OS X o Linux.<\/p>\n<p>WAV es un formato de audio sin comprimir, es decir, mantiene toda la informaci\u00f3n y la calidad del audio original. Al no estar comprimido, genera ficheros muy pesados, de cerca de 10 MB por minuto de sonido. Debido a la manera en que est\u00e1 desarrollado, este formato no permite crear ficheros de m\u00e1s de 6,6 horas de sonido.<\/p>\n<h4><strong>\u00bfCu\u00e1ndo hay que usar WAV?<\/strong><\/h4>\n<p>Cuando queremos distribuir audio fuera de l\u00ednea con calidad profesional, manteniendo todos los matices de la grabaci\u00f3n original, como por ejemplo al crear un CD de audio. De hecho, podemos crear en formato WAV ficheros de audio con una calidad m\u00e1s alta que la de un CD comercial.<\/p>\n<p>Para grabar entrevistas, conciertos, etc. con una calidad profesional, lo m\u00e1s recomendable es grabar en WAV para, as\u00ed, tener la mejor calidad posible, y despu\u00e9s comprimir a alg\u00fan otro formato para facilitar su distribuci\u00f3n.<\/p>\n<div class=\"featured featured-blue\"><p>No se recomienda el uso de WAV directamente en internet, ya que los ficheros son demasiado pesados y tardar\u00e1n mucho en descargarse.<\/p>\n<\/div>\n<p>&nbsp;<\/p>\n","protected":false},"excerpt":{"rendered":"<p>Es un formato propietario de Microsoft e IBM, pero puede abrirse sin problemas con un ordenador con OS X o Linux. WAV es un formato de audio sin comprimir, es decir, mantiene toda la informaci\u00f3n y la calidad del audio original. Al no estar comprimido, genera ficheros muy pesados, de cerca de 10 MB por [&hellip;]<\/p>\n","protected":false},"author":1,"featured_media":0,"parent":0,"menu_order":0,"comment_status":"closed","ping_status":"closed","template":"","meta":{"inline_featured_image":false},"acf":[],"_links":{"self":[{"href":"http:\/\/disseny-test.uoc.edu\/materials\/prod-digital\/es\/wp-json\/wp\/v2\/pages\/738"}],"collection":[{"href":"http:\/\/disseny-test.uoc.edu\/materials\/prod-digital\/es\/wp-json\/wp\/v2\/pages"}],"about":[{"href":"http:\/\/disseny-test.uoc.edu\/materials\/prod-digital\/es\/wp-json\/wp\/v2\/types\/page"}],"author":[{"embeddable":true,"href":"http:\/\/disseny-test.uoc.edu\/materials\/prod-digital\/es\/wp-json\/wp\/v2\/users\/1"}],"replies":[{"embeddable":true,"href":"http:\/\/disseny-test.uoc.edu\/materials\/prod-digital\/es\/wp-json\/wp\/v2\/comments?post=738"}],"version-history":[{"count":1,"href":"http:\/\/disseny-test.uoc.edu\/materials\/prod-digital\/es\/wp-json\/wp\/v2\/pages\/738\/revisions"}],"predecessor-version":[{"id":739,"href":"http:\/\/disseny-test.uoc.edu\/materials\/prod-digital\/es\/wp-json\/wp\/v2\/pages\/738\/revisions\/739"}],"wp:attachment":[{"href":"http:\/\/disseny-test.uoc.edu\/materials\/prod-digital\/es\/wp-json\/wp\/v2\/media?parent=738"}],"curies":[{"name":"wp","href":"https:\/\/api.w.org\/{rel}","templated":true}]}}